{"id":889,"date":"2015-10-28T10:23:32","date_gmt":"2015-10-28T09:23:32","guid":{"rendered":"https:\/\/dev.onyx-cie.ch\/dev?page_id=889&#038;lang=en"},"modified":"2019-01-14T12:30:02","modified_gmt":"2019-01-14T11:30:02","slug":"news","status":"publish","type":"page","link":"https:\/\/dev.onyx-cie.ch\/it\/news\/","title":{"rendered":"News"},"content":{"rendered":"<div class=\"fusion-fullwidth fullwidth-box fusion-builder-row-1 hundred-percent-fullwidth non-hundred-percent-height-scrolling\" style=\"background-color: rgba(255,255,255,0);background-position: center center;background-repeat: no-repeat;padding-top:0px;padding-right:0px;padding-bottom:0px;padding-left:0px;margin-bottom: 0px;margin-top: 0px;border-width: 0px 0px 0px 0px;border-color:#eae9e9;border-style:solid;\" ><div class=\"fusion-builder-row fusion-row\"><div class=\"fusion-layout-column fusion_builder_column fusion-builder-column-0 fusion_builder_column_1_1 1_1 fusion-one-full fusion-column-first fusion-column-last fusion-column-no-min-height\" style=\"margin-top:0px;margin-bottom:0px;\"><div class=\"fusion-column-wrapper fusion-flex-column-wrapper-legacy\" style=\"background-position:left top;background-repeat:no-repeat;-webkit-background-size:cover;-moz-background-size:cover;-o-background-size:cover;background-size:cover;padding: 0px 0px 0px 0px;\"><div class=\"fusion-blog-shortcode fusion-blog-shortcode-1 fusion-blog-archive fusion-blog-layout-grid-wrapper fusion-blog-pagination\"><style type=\"text\/css\">.fusion-blog-shortcode-1 .fusion-blog-layout-grid .fusion-post-grid{padding:20px;}.fusion-blog-shortcode-1 .fusion-posts-container{margin-left: -20px !important; margin-right:-20px !important;}<\/style><div class=\"fusion-posts-container fusion-posts-container-pagination fusion-blog-rollover fusion-blog-layout-grid fusion-blog-layout-grid-2 isotope\" data-pages=\"5\" data-grid-col-space=\"40\" style=\"margin: -20px -20px 0;min-height:500px;\"><article id=\"blog-1-post-1755\" class=\"fusion-post-grid post-1755 post type-post status-publish format-standard has-post-thumbnail hentry\">\n<div class=\"fusion-post-wrapper\" style=\"background-color:rgba(255,255,255,0);border:1px solid #ebeaea;border-bottom-width:3px;\">\n\n\t\t\t<div class=\"fusion-flexslider flexslider fusion-flexslider-loading fusion-post-slideshow\" style=\"border-color:#ebeaea;\">\n\t\t<ul class=\"slides\">\n\t\t\t\n\t\t\t\t\t\t\t\t\t\t\t\t\t\t<li>\n\n<div  class=\"fusion-image-wrapper\" aria-haspopup=\"true\">\n\t\n\t\n\t\n\t\t\n\t\t\t\t\t<img decoding=\"async\" width=\"1110\" height=\"734\" src=\"https:\/\/dev.onyx-cie.ch\/wp-content\/uploads\/2018\/11\/Adr\u00e9naline-Heliski-Verbier.jpg\" class=\"attachment-full size-full wp-post-image\" alt=\"Le Valais est un endroit magique pour le ski hors-piste. Adr\u00e9naline vous y emm\u00e8ne.\" srcset=\"https:\/\/dev.onyx-cie.ch\/wp-content\/uploads\/2018\/11\/Adr\u00e9naline-Heliski-Verbier-200x132.jpg 200w, https:\/\/dev.onyx-cie.ch\/wp-content\/uploads\/2018\/11\/Adr\u00e9naline-Heliski-Verbier-400x265.jpg 400w, https:\/\/dev.onyx-cie.ch\/wp-content\/uploads\/2018\/11\/Adr\u00e9naline-Heliski-Verbier-600x397.jpg 600w, https:\/\/dev.onyx-cie.ch\/wp-content\/uploads\/2018\/11\/Adr\u00e9naline-Heliski-Verbier-800x529.jpg 800w, https:\/\/dev.onyx-cie.ch\/wp-content\/uploads\/2018\/11\/Adr\u00e9naline-Heliski-Verbier.jpg 1110w\" sizes=\"(min-width: 2200px) 100vw, (min-width: 712px) 530px, (min-width: 640px) 712px, \" \/>\n\t\n\n\t\t<div class=\"fusion-rollover\">\n\t<div class=\"fusion-rollover-content\">\n\n\t\t\t\t\n\t\t\n\t\t\t\t\t\t\t\t\n\t\t\t\t\t\t\t\t\n\t\t\n\t\t\t\t\t\t<a class=\"fusion-link-wrapper\" href=\"https:\/\/dev.onyx-cie.ch\/it\/adrenaline-heliski-verbier\/\" aria-label=\"Questo inverno Onyx &#038; Cie SA e Adr\u00e9naline si associano per offrirvi il meglio dell\u2019heliski in Svizzera.\"><\/a>\n\t<\/div>\n<\/div>\n\n\t\n<\/div>\n<\/li>\n\t\t\t\n\t\t\t\n\t\t\t\t\t\t\t\t\t\t\t\n\t\t\t\t\t\n\t\t\t\t\t\t\t\t\t\t\t<li>\n\t\t\t\t\t\t\t<div class=\"fusion-image-wrapper\">\n\t\t\t\t\t\t\t\t<a href=\"https:\/\/dev.onyx-cie.ch\/it\/adrenaline-heliski-verbier\/\" aria-label=\"Questo inverno Onyx &#038; Cie SA e Adr\u00e9naline si associano per offrirvi il meglio dell\u2019heliski in Svizzera.\">\n\t\t\t\t\t\t\t\t\t<img decoding=\"async\" width=\"1110\" height=\"734\" src=\"https:\/\/dev.onyx-cie.ch\/wp-content\/uploads\/2018\/11\/Adr\u00e9naline-Heliski-Verbier.jpg\" alt=\"Le Valais est un endroit magique pour le ski hors-piste. Adr\u00e9naline vous y emm\u00e8ne.\" class=\"wp-image-1724\" role=\"presentation\" srcset=\"https:\/\/dev.onyx-cie.ch\/wp-content\/uploads\/2018\/11\/Adr\u00e9naline-Heliski-Verbier-200x132.jpg 200w, https:\/\/dev.onyx-cie.ch\/wp-content\/uploads\/2018\/11\/Adr\u00e9naline-Heliski-Verbier-400x265.jpg 400w, https:\/\/dev.onyx-cie.ch\/wp-content\/uploads\/2018\/11\/Adr\u00e9naline-Heliski-Verbier-600x397.jpg 600w, https:\/\/dev.onyx-cie.ch\/wp-content\/uploads\/2018\/11\/Adr\u00e9naline-Heliski-Verbier-800x529.jpg 800w, https:\/\/dev.onyx-cie.ch\/wp-content\/uploads\/2018\/11\/Adr\u00e9naline-Heliski-Verbier.jpg 1110w\" sizes=\"(min-width: 2200px) 100vw, (min-width: 712px) 530px, (min-width: 640px) 712px, \" \/>\t\t\t\t\t\t\t\t<\/a>\n\t\t\t\t\t\t\t\t<a style=\"display:none;\" href=\"https:\/\/dev.onyx-cie.ch\/wp-content\/uploads\/2018\/11\/Adr\u00e9naline-Heliski-Verbier.jpg\" data-rel=\"iLightbox[gallery1755]\"  title=\"Adr\u00e9naline est le sp\u00e9cialiste de l&#039;h\u00e9liski dans les Alpes.\" data-title=\"Adr\u00e9naline-Heliski-Verbier\" data-caption=\"Adr\u00e9naline est le sp\u00e9cialiste de l&#039;h\u00e9liski dans les Alpes.\">\n\t\t\t\t\t\t\t\t\t\t\t\t\t\t\t\t\t\t\t<img style=\"display:none;\" alt=\"Le Valais est un endroit magique pour le ski hors-piste. Adr\u00e9naline vous y emm\u00e8ne.\" role=\"presentation\" \/>\n\t\t\t\t\t\t\t\t\t\t\t\t\t\t\t\t\t<\/a>\n\t\t\t\t\t\t\t<\/div>\n\t\t\t\t\t\t<\/li>\n\t\t\t\t\t\t\t\t\t\t\t\t\t\t\t\t\t\t\t\t\t\t\t\t\t\t\t\t\t\t\t\t\t\t\t\t\t\t\t\t\t\t\t\t\t\t\t\t\t\t\t\t\t\t\t\t\t\t\t\t\t\t\t\t\t\t<\/ul>\n\t<\/div>\n\t<div class=\"fusion-post-content-wrapper\" style=\"padding:30px 25px 20px 25px;\"><div class=\"fusion-post-content post-content\"><h2 class=\"blog-shortcode-post-title\"><a href=\"https:\/\/dev.onyx-cie.ch\/it\/adrenaline-heliski-verbier\/\">Questo inverno Onyx &#038; Cie SA e Adr\u00e9naline si associano per offrirvi il meglio dell\u2019heliski in Svizzera.<\/a><\/h2><p class=\"fusion-single-line-meta\">By <span><a href=\"https:\/\/dev.onyx-cie.ch\/it\/author\/onyx\/\" title=\"Articoli scritti da onyx\" rel=\"author\">onyx<\/a><\/span><span class=\"fusion-inline-sep\">|<\/span><span>Novembre 7th, 2018<\/span><span class=\"fusion-inline-sep\">|<\/span><\/p><div class=\"fusion-content-sep sep-double sep-solid\" style=\"border-color:#ebeaea;\"><\/div><div class=\"fusion-post-content-container\"><p>Nel mese di novembre Adr\u00e9naline e Onyx &amp; Cie SA hanno concluso una partnership per la stagione invernale 2018-2019 con l\u2019obiettivo di ampliare la gamma degli esclusivi servizi lifestyle destinati ai clienti facoltosi residenti o<\/p><\/div><\/div><div class=\"fusion-meta-info\"><div class=\"fusion-alignleft\"><a class=\"fusion-read-more\" href=\"https:\/\/dev.onyx-cie.ch\/it\/adrenaline-heliski-verbier\/\" aria-label=\"More on Questo inverno Onyx &#038; Cie SA e Adr\u00e9naline si associano per offrirvi il meglio dell\u2019heliski in Svizzera.\">Read More<\/a><\/div><div class=\"fusion-alignright\"><span>Commenti disabilitati<span class=\"screen-reader-text\"> su Questo inverno Onyx &#038; Cie SA e Adr\u00e9naline si associano per offrirvi il meglio dell\u2019heliski in Svizzera.<\/span><\/span><\/div><\/div><\/div><div class=\"fusion-clearfix\"><\/div><\/div>\n<\/article>\n<article id=\"blog-1-post-1719\" class=\"fusion-post-grid post-1719 post type-post status-publish format-standard has-post-thumbnail hentry\">\n<div class=\"fusion-post-wrapper\" style=\"background-color:rgba(255,255,255,0);border:1px solid #ebeaea;border-bottom-width:3px;\">\n\n\t\t\t<div class=\"fusion-flexslider flexslider fusion-flexslider-loading fusion-post-slideshow\" style=\"border-color:#ebeaea;\">\n\t\t<ul class=\"slides\">\n\t\t\t\n\t\t\t\t\t\t\t\t\t\t\t\t\t\t<li>\n\n<div  class=\"fusion-image-wrapper\" aria-haspopup=\"true\">\n\t\n\t\n\t\n\t\t\n\t\t\t\t\t<img decoding=\"async\" width=\"4667\" height=\"3500\" src=\"https:\/\/dev.onyx-cie.ch\/wp-content\/uploads\/2018\/09\/Onyx-Cie_BNS_interets_negatifs_suisse.jpg\" class=\"attachment-full size-full wp-post-image\" alt=\"La BNS n&#039;a rien obtenu avec l&#039;introduction des int\u00e9r\u00eats n\u00e9gatifs.\" srcset=\"https:\/\/dev.onyx-cie.ch\/wp-content\/uploads\/2018\/09\/Onyx-Cie_BNS_interets_negatifs_suisse-200x150.jpg 200w, https:\/\/dev.onyx-cie.ch\/wp-content\/uploads\/2018\/09\/Onyx-Cie_BNS_interets_negatifs_suisse-400x300.jpg 400w, https:\/\/dev.onyx-cie.ch\/wp-content\/uploads\/2018\/09\/Onyx-Cie_BNS_interets_negatifs_suisse-600x450.jpg 600w, https:\/\/dev.onyx-cie.ch\/wp-content\/uploads\/2018\/09\/Onyx-Cie_BNS_interets_negatifs_suisse-800x600.jpg 800w, https:\/\/dev.onyx-cie.ch\/wp-content\/uploads\/2018\/09\/Onyx-Cie_BNS_interets_negatifs_suisse-1200x900.jpg 1200w, https:\/\/dev.onyx-cie.ch\/wp-content\/uploads\/2018\/09\/Onyx-Cie_BNS_interets_negatifs_suisse.jpg 4667w\" sizes=\"(min-width: 2200px) 100vw, (min-width: 712px) 530px, (min-width: 640px) 712px, \" \/>\n\t\n\n\t\t<div class=\"fusion-rollover\">\n\t<div class=\"fusion-rollover-content\">\n\n\t\t\t\t\n\t\t\n\t\t\t\t\t\t\t\t\n\t\t\t\t\t\t\t\t\n\t\t\n\t\t\t\t\t\t<a class=\"fusion-link-wrapper\" href=\"https:\/\/dev.onyx-cie.ch\/it\/interets-negatifs-bns-suisse\/\" aria-label=\"Int\u00e9r\u00eats n\u00e9gatifs : le r\u00e9sultat d\u2019une politique d\u00e9sastreuse de la BNS\"><\/a>\n\t<\/div>\n<\/div>\n\n\t\n<\/div>\n<\/li>\n\t\t\t\n\t\t\t\n\t\t\t\t\t\t\t\t\t\t\t\t\t\t\t\t\t\t\t\t\t\t\t\t\t\t\t\t\t\t\t\t\t\t\t\t\t\t\t\t\t\t\t\t\t\t\t\t\t\t\t\t\t\t\t\t\t\t\t\t\t\t\t\t\t\t\t\t<\/ul>\n\t<\/div>\n\t<div class=\"fusion-post-content-wrapper\" style=\"padding:30px 25px 20px 25px;\"><div class=\"fusion-post-content post-content\"><h2 class=\"blog-shortcode-post-title\"><a href=\"https:\/\/dev.onyx-cie.ch\/it\/interets-negatifs-bns-suisse\/\">Int\u00e9r\u00eats n\u00e9gatifs : le r\u00e9sultat d\u2019une politique d\u00e9sastreuse de la BNS<\/a><\/h2><p class=\"fusion-single-line-meta\">By <span><a href=\"https:\/\/dev.onyx-cie.ch\/it\/author\/onyx\/\" title=\"Articoli scritti da onyx\" rel=\"author\">onyx<\/a><\/span><span class=\"fusion-inline-sep\">|<\/span><span>Settembre 26th, 2018<\/span><span class=\"fusion-inline-sep\">|<\/span><\/p><div class=\"fusion-content-sep sep-double sep-solid\" style=\"border-color:#ebeaea;\"><\/div><div class=\"fusion-post-content-container\"><p>Postfinance l\u2019a annonc\u00e9 fin ao\u00fbt, \u00e0 compter du 1er octobre prochain l\u2019\u00e9tablissement va taxer les d\u00e9p\u00f4ts bancaires sup\u00e9rieurs \u00e0 CHF 500'000 afin de r\u00e9percuter les int\u00e9r\u00eats n\u00e9gatifs introduits par la Banque nationale suisse (BNS) en<\/p><\/div><\/div><div class=\"fusion-meta-info\"><div class=\"fusion-alignleft\"><a class=\"fusion-read-more\" href=\"https:\/\/dev.onyx-cie.ch\/it\/interets-negatifs-bns-suisse\/\" aria-label=\"More on Int\u00e9r\u00eats n\u00e9gatifs : le r\u00e9sultat d\u2019une politique d\u00e9sastreuse de la BNS\">Read More<\/a><\/div><div class=\"fusion-alignright\"><span>Commenti disabilitati<span class=\"screen-reader-text\"> su Int\u00e9r\u00eats n\u00e9gatifs : le r\u00e9sultat d\u2019une politique d\u00e9sastreuse de la BNS<\/span><\/span><\/div><\/div><\/div><div class=\"fusion-clearfix\"><\/div><\/div>\n<\/article>\n<article id=\"blog-1-post-1702\" class=\"fusion-post-grid post-1702 post type-post status-publish format-standard has-post-thumbnail hentry\">\n<div class=\"fusion-post-wrapper\" style=\"background-color:rgba(255,255,255,0);border:1px solid #ebeaea;border-bottom-width:3px;\">\n\n\t\t\t<div class=\"fusion-flexslider flexslider fusion-flexslider-loading fusion-post-slideshow\" style=\"border-color:#ebeaea;\">\n\t\t<ul class=\"slides\">\n\t\t\t\n\t\t\t\t\t\t\t\t\t\t\t\t\t\t<li>\n\n<div  class=\"fusion-image-wrapper\" aria-haspopup=\"true\">\n\t\n\t\n\t\n\t\t\n\t\t\t\t\t<img decoding=\"async\" width=\"1000\" height=\"662\" src=\"https:\/\/dev.onyx-cie.ch\/wp-content\/uploads\/2018\/08\/forfait-fiscal-suisse.jpg\" class=\"attachment-full size-full wp-post-image\" alt=\"\" srcset=\"https:\/\/dev.onyx-cie.ch\/wp-content\/uploads\/2018\/08\/forfait-fiscal-suisse-200x132.jpg 200w, https:\/\/dev.onyx-cie.ch\/wp-content\/uploads\/2018\/08\/forfait-fiscal-suisse-400x265.jpg 400w, https:\/\/dev.onyx-cie.ch\/wp-content\/uploads\/2018\/08\/forfait-fiscal-suisse-600x397.jpg 600w, https:\/\/dev.onyx-cie.ch\/wp-content\/uploads\/2018\/08\/forfait-fiscal-suisse-800x530.jpg 800w, https:\/\/dev.onyx-cie.ch\/wp-content\/uploads\/2018\/08\/forfait-fiscal-suisse.jpg 1000w\" sizes=\"(min-width: 2200px) 100vw, (min-width: 712px) 530px, (min-width: 640px) 712px, \" \/>\n\t\n\n\t\t<div class=\"fusion-rollover\">\n\t<div class=\"fusion-rollover-content\">\n\n\t\t\t\t\n\t\t\n\t\t\t\t\t\t\t\t\n\t\t\t\t\t\t\t\t\n\t\t\n\t\t\t\t\t\t<a class=\"fusion-link-wrapper\" href=\"https:\/\/dev.onyx-cie.ch\/it\/forfait-fiscal-suisse\/\" aria-label=\"Nouvelle circulaire de l\u2019AFC sur le forfait fiscal en Suisse\"><\/a>\n\t<\/div>\n<\/div>\n\n\t\n<\/div>\n<\/li>\n\t\t\t\n\t\t\t\n\t\t\t\t\t\t\t\t\t\t\t\t\t\t\t\t\t\t\t\t\t\t\t\t\t\t\t\t\t\t\t\t\t\t\t\t\t\t\t\t\t\t\t\t\t\t\t\t\t\t\t\t\t\t\t\t\t\t\t\t\t\t\t\t\t\t\t\t<\/ul>\n\t<\/div>\n\t<div class=\"fusion-post-content-wrapper\" style=\"padding:30px 25px 20px 25px;\"><div class=\"fusion-post-content post-content\"><h2 class=\"blog-shortcode-post-title\"><a href=\"https:\/\/dev.onyx-cie.ch\/it\/forfait-fiscal-suisse\/\">Nouvelle circulaire de l\u2019AFC sur le forfait fiscal en Suisse<\/a><\/h2><p class=\"fusion-single-line-meta\">By <span><a href=\"https:\/\/dev.onyx-cie.ch\/it\/author\/onyx\/\" title=\"Articoli scritti da onyx\" rel=\"author\">onyx<\/a><\/span><span class=\"fusion-inline-sep\">|<\/span><span>Agosto 8th, 2018<\/span><span class=\"fusion-inline-sep\">|<\/span><\/p><div class=\"fusion-content-sep sep-double sep-solid\" style=\"border-color:#ebeaea;\"><\/div><div class=\"fusion-post-content-container\"><p>L'Administration f\u00e9d\u00e9rale des contributions (AFC) a publi\u00e9 fin juillet une nouvelle circulaire pr\u00e9cisant les conditions d\u2019application du r\u00e9gime d\u2019imposition d'apr\u00e8s la d\u00e9pense en Suisse (forfait fiscal). Celle-ci fait suite \u00e0 une modification l\u00e9gislative de 2012,<\/p><\/div><\/div><div class=\"fusion-meta-info\"><div class=\"fusion-alignleft\"><a class=\"fusion-read-more\" href=\"https:\/\/dev.onyx-cie.ch\/it\/forfait-fiscal-suisse\/\" aria-label=\"More on Nouvelle circulaire de l\u2019AFC sur le forfait fiscal en Suisse\">Read More<\/a><\/div><div class=\"fusion-alignright\"><span>Commenti disabilitati<span class=\"screen-reader-text\"> su Nouvelle circulaire de l\u2019AFC sur le forfait fiscal en Suisse<\/span><\/span><\/div><\/div><\/div><div class=\"fusion-clearfix\"><\/div><\/div>\n<\/article>\n<article id=\"blog-1-post-1694\" class=\"fusion-post-grid post-1694 post type-post status-publish format-standard has-post-thumbnail hentry\">\n<div class=\"fusion-post-wrapper\" style=\"background-color:rgba(255,255,255,0);border:1px solid #ebeaea;border-bottom-width:3px;\">\n\n\t\t\t<div class=\"fusion-flexslider flexslider fusion-flexslider-loading fusion-post-slideshow\" style=\"border-color:#ebeaea;\">\n\t\t<ul class=\"slides\">\n\t\t\t\n\t\t\t\t\t\t\t\t\t\t\t\t\t\t<li>\n\n<div  class=\"fusion-image-wrapper\" aria-haspopup=\"true\">\n\t\n\t\n\t\n\t\t\n\t\t\t\t\t<img decoding=\"async\" width=\"1000\" height=\"667\" src=\"https:\/\/dev.onyx-cie.ch\/wp-content\/uploads\/2018\/05\/GDPR2.jpg\" class=\"attachment-full size-full wp-post-image\" alt=\"\" srcset=\"https:\/\/dev.onyx-cie.ch\/wp-content\/uploads\/2018\/05\/GDPR2-200x133.jpg 200w, https:\/\/dev.onyx-cie.ch\/wp-content\/uploads\/2018\/05\/GDPR2-400x267.jpg 400w, https:\/\/dev.onyx-cie.ch\/wp-content\/uploads\/2018\/05\/GDPR2-600x400.jpg 600w, https:\/\/dev.onyx-cie.ch\/wp-content\/uploads\/2018\/05\/GDPR2-800x534.jpg 800w, https:\/\/dev.onyx-cie.ch\/wp-content\/uploads\/2018\/05\/GDPR2.jpg 1000w\" sizes=\"(min-width: 2200px) 100vw, (min-width: 712px) 530px, (min-width: 640px) 712px, \" \/>\n\t\n\n\t\t<div class=\"fusion-rollover\">\n\t<div class=\"fusion-rollover-content\">\n\n\t\t\t\t\n\t\t\n\t\t\t\t\t\t\t\t\n\t\t\t\t\t\t\t\t\n\t\t\n\t\t\t\t\t\t<a class=\"fusion-link-wrapper\" href=\"https:\/\/dev.onyx-cie.ch\/it\/rgpd-suisse\/\" aria-label=\"LE RGPD ET LES GESTIONNAIRES DE FORTUNE SUISSES\"><\/a>\n\t<\/div>\n<\/div>\n\n\t\n<\/div>\n<\/li>\n\t\t\t\n\t\t\t\n\t\t\t\t\t\t\t\t\t\t\t\n\t\t\t\t\t\n\t\t\t\t\t\t\t\t\t\t\t<li>\n\t\t\t\t\t\t\t<div class=\"fusion-image-wrapper\">\n\t\t\t\t\t\t\t\t<a href=\"https:\/\/dev.onyx-cie.ch\/it\/rgpd-suisse\/\" aria-label=\"LE RGPD ET LES GESTIONNAIRES DE FORTUNE SUISSES\">\n\t\t\t\t\t\t\t\t\t<img decoding=\"async\" width=\"1000\" height=\"658\" src=\"https:\/\/dev.onyx-cie.ch\/wp-content\/uploads\/2018\/05\/GDPR.jpg\" alt=\"Le RGPD et la protection des donn\u00e9es \u00e0 carat\u00e8re personnel.\" class=\"wp-image-1689\" role=\"presentation\" srcset=\"https:\/\/dev.onyx-cie.ch\/wp-content\/uploads\/2018\/05\/GDPR-200x132.jpg 200w, https:\/\/dev.onyx-cie.ch\/wp-content\/uploads\/2018\/05\/GDPR-400x263.jpg 400w, https:\/\/dev.onyx-cie.ch\/wp-content\/uploads\/2018\/05\/GDPR-600x395.jpg 600w, https:\/\/dev.onyx-cie.ch\/wp-content\/uploads\/2018\/05\/GDPR-800x526.jpg 800w, https:\/\/dev.onyx-cie.ch\/wp-content\/uploads\/2018\/05\/GDPR.jpg 1000w\" sizes=\"(min-width: 2200px) 100vw, (min-width: 712px) 530px, (min-width: 640px) 712px, \" \/>\t\t\t\t\t\t\t\t<\/a>\n\t\t\t\t\t\t\t\t<a style=\"display:none;\" href=\"https:\/\/dev.onyx-cie.ch\/wp-content\/uploads\/2018\/05\/GDPR.jpg\" data-rel=\"iLightbox[gallery1694]\"  title=\"Les entreprises, y compris celles situ\u00e9es en Suisse, vont devoir prendre des mesures afin de se conformer au RGPD.\" data-title=\"RGPD\" data-caption=\"Les entreprises, y compris celles situ\u00e9es en Suisse, vont devoir prendre des mesures afin de se conformer au RGPD.\">\n\t\t\t\t\t\t\t\t\t\t\t\t\t\t\t\t\t\t\t<img style=\"display:none;\" alt=\"Le RGPD et la protection des donn\u00e9es \u00e0 carat\u00e8re personnel.\" role=\"presentation\" \/>\n\t\t\t\t\t\t\t\t\t\t\t\t\t\t\t\t\t<\/a>\n\t\t\t\t\t\t\t<\/div>\n\t\t\t\t\t\t<\/li>\n\t\t\t\t\t\t\t\t\t\t\t\t\t\t\t\t\t\t\t\t\t\t\t\t\t\t\t\t\t\t\t\t\t\t\t\t\t\t\t\t\t\t\t\t\t\t\t\t\t\t\t\t\t\t\t\t\t\t\t\t\t\t\t\t\t\t<\/ul>\n\t<\/div>\n\t<div class=\"fusion-post-content-wrapper\" style=\"padding:30px 25px 20px 25px;\"><div class=\"fusion-post-content post-content\"><h2 class=\"blog-shortcode-post-title\"><a href=\"https:\/\/dev.onyx-cie.ch\/it\/rgpd-suisse\/\">LE RGPD ET LES GESTIONNAIRES DE FORTUNE SUISSES<\/a><\/h2><p class=\"fusion-single-line-meta\">By <span><a href=\"https:\/\/dev.onyx-cie.ch\/it\/author\/onyx\/\" title=\"Articoli scritti da onyx\" rel=\"author\">onyx<\/a><\/span><span class=\"fusion-inline-sep\">|<\/span><span>Maggio 22nd, 2018<\/span><span class=\"fusion-inline-sep\">|<\/span><\/p><div class=\"fusion-content-sep sep-double sep-solid\" style=\"border-color:#ebeaea;\"><\/div><div class=\"fusion-post-content-container\"><p>INTRODUCTION Le R\u00e8glement (UE) 2016\/679 du Parlement europ\u00e9en et du Conseil du 27 avril 2016 relatif \u00e0 la protection des personnes physiques \u00e0 l'\u00e9gard du traitement des donn\u00e9es \u00e0 caract\u00e8re personnel et \u00e0 la libre<\/p><\/div><\/div><div class=\"fusion-meta-info\"><div class=\"fusion-alignleft\"><a class=\"fusion-read-more\" href=\"https:\/\/dev.onyx-cie.ch\/it\/rgpd-suisse\/\" aria-label=\"More on LE RGPD ET LES GESTIONNAIRES DE FORTUNE SUISSES\">Read More<\/a><\/div><div class=\"fusion-alignright\"><span>Commenti disabilitati<span class=\"screen-reader-text\"> su LE RGPD ET LES GESTIONNAIRES DE FORTUNE SUISSES<\/span><\/span><\/div><\/div><\/div><div class=\"fusion-clearfix\"><\/div><\/div>\n<\/article>\n<div class=\"fusion-clearfix\"><\/div><\/div><div class=\"pagination clearfix\"><span class=\"current\">1<\/span><a href=\"https:\/\/dev.onyx-cie.ch\/it\/wp-json\/wp\/v2\/pages\/889\/page\/2\/\" class=\"inactive\">2<\/a><a class=\"pagination-next\" rel=\"next\" href=\"https:\/\/dev.onyx-cie.ch\/it\/wp-json\/wp\/v2\/pages\/889\/page\/2\/\"><span class=\"page-text\">Next<\/span><span class=\"page-next\"><\/span><\/a><\/div><div class=\"fusion-clearfix\"><\/div><\/div><div class=\"fusion-clearfix\"><\/div><\/div><\/div><\/div><style type=\"text\/css\">.fusion-fullwidth.fusion-builder-row-1 { overflow:visible; }<\/style><\/div>\n","protected":false},"excerpt":{"rendered":"","protected":false},"author":1,"featured_media":0,"parent":0,"menu_order":0,"comment_status":"open","ping_status":"open","template":"","meta":{"footnotes":""},"class_list":["post-889","page","type-page","status-publish","hentry"],"yoast_head":"<!-- This site is optimized with the Yoast SEO plugin v26.8 - https:\/\/yoast.com\/product\/yoast-seo-wordpress\/ -->\n<title>News - We are an independent family office<\/title>\n<meta name=\"robots\" content=\"index, follow, max-snippet:-1, max-image-preview:large, max-video-preview:-1\" \/>\n<link rel=\"canonical\" href=\"https:\/\/dev.onyx-cie.ch\/it\/news\/\" \/>\n<meta property=\"og:locale\" content=\"it_IT\" \/>\n<meta property=\"og:type\" content=\"article\" \/>\n<meta property=\"og:title\" content=\"News - We are an independent family office\" \/>\n<meta property=\"og:url\" content=\"https:\/\/dev.onyx-cie.ch\/it\/news\/\" \/>\n<meta property=\"og:site_name\" content=\"We are an independent family office\" \/>\n<meta property=\"article:publisher\" content=\"https:\/\/www.facebook.com\/onyxcie\" \/>\n<meta property=\"article:modified_time\" content=\"2019-01-14T11:30:02+00:00\" \/>\n<meta name=\"twitter:card\" content=\"summary_large_image\" \/>\n<meta name=\"twitter:site\" content=\"@onyx_cie\" \/>\n<meta name=\"twitter:label1\" content=\"Tempo di lettura stimato\" \/>\n\t<meta name=\"twitter:data1\" content=\"1 minuto\" \/>\n<script type=\"application\/ld+json\" class=\"yoast-schema-graph\">{\"@context\":\"https:\/\/schema.org\",\"@graph\":[{\"@type\":\"WebPage\",\"@id\":\"https:\/\/dev.onyx-cie.ch\/it\/news\/\",\"url\":\"https:\/\/dev.onyx-cie.ch\/it\/news\/\",\"name\":\"News - We are an independent family office\",\"isPartOf\":{\"@id\":\"https:\/\/dev.onyx-cie.ch\/#website\"},\"datePublished\":\"2015-10-28T09:23:32+00:00\",\"dateModified\":\"2019-01-14T11:30:02+00:00\",\"breadcrumb\":{\"@id\":\"https:\/\/dev.onyx-cie.ch\/it\/news\/#breadcrumb\"},\"inLanguage\":\"it-IT\",\"potentialAction\":[{\"@type\":\"ReadAction\",\"target\":[\"https:\/\/dev.onyx-cie.ch\/it\/news\/\"]}]},{\"@type\":\"BreadcrumbList\",\"@id\":\"https:\/\/dev.onyx-cie.ch\/it\/news\/#breadcrumb\",\"itemListElement\":[{\"@type\":\"ListItem\",\"position\":1,\"name\":\"Accueil\",\"item\":\"https:\/\/dev.onyx-cie.ch\/it\/\"},{\"@type\":\"ListItem\",\"position\":2,\"name\":\"News\"}]},{\"@type\":\"WebSite\",\"@id\":\"https:\/\/dev.onyx-cie.ch\/#website\",\"url\":\"https:\/\/dev.onyx-cie.ch\/\",\"name\":\"We are an independent family office\",\"description\":\"We have a presence in Europe, Asia and Oceania.\",\"potentialAction\":[{\"@type\":\"SearchAction\",\"target\":{\"@type\":\"EntryPoint\",\"urlTemplate\":\"https:\/\/dev.onyx-cie.ch\/?s={search_term_string}\"},\"query-input\":{\"@type\":\"PropertyValueSpecification\",\"valueRequired\":true,\"valueName\":\"search_term_string\"}}],\"inLanguage\":\"it-IT\"}]}<\/script>\n<!-- \/ Yoast SEO plugin. -->","yoast_head_json":{"title":"News - We are an independent family office","robots":{"index":"index","follow":"follow","max-snippet":"max-snippet:-1","max-image-preview":"max-image-preview:large","max-video-preview":"max-video-preview:-1"},"canonical":"https:\/\/dev.onyx-cie.ch\/it\/news\/","og_locale":"it_IT","og_type":"article","og_title":"News - We are an independent family office","og_url":"https:\/\/dev.onyx-cie.ch\/it\/news\/","og_site_name":"We are an independent family office","article_publisher":"https:\/\/www.facebook.com\/onyxcie","article_modified_time":"2019-01-14T11:30:02+00:00","twitter_card":"summary_large_image","twitter_site":"@onyx_cie","twitter_misc":{"Tempo di lettura stimato":"1 minuto"},"schema":{"@context":"https:\/\/schema.org","@graph":[{"@type":"WebPage","@id":"https:\/\/dev.onyx-cie.ch\/it\/news\/","url":"https:\/\/dev.onyx-cie.ch\/it\/news\/","name":"News - We are an independent family office","isPartOf":{"@id":"https:\/\/dev.onyx-cie.ch\/#website"},"datePublished":"2015-10-28T09:23:32+00:00","dateModified":"2019-01-14T11:30:02+00:00","breadcrumb":{"@id":"https:\/\/dev.onyx-cie.ch\/it\/news\/#breadcrumb"},"inLanguage":"it-IT","potentialAction":[{"@type":"ReadAction","target":["https:\/\/dev.onyx-cie.ch\/it\/news\/"]}]},{"@type":"BreadcrumbList","@id":"https:\/\/dev.onyx-cie.ch\/it\/news\/#breadcrumb","itemListElement":[{"@type":"ListItem","position":1,"name":"Accueil","item":"https:\/\/dev.onyx-cie.ch\/it\/"},{"@type":"ListItem","position":2,"name":"News"}]},{"@type":"WebSite","@id":"https:\/\/dev.onyx-cie.ch\/#website","url":"https:\/\/dev.onyx-cie.ch\/","name":"We are an independent family office","description":"We have a presence in Europe, Asia and Oceania.","potentialAction":[{"@type":"SearchAction","target":{"@type":"EntryPoint","urlTemplate":"https:\/\/dev.onyx-cie.ch\/?s={search_term_string}"},"query-input":{"@type":"PropertyValueSpecification","valueRequired":true,"valueName":"search_term_string"}}],"inLanguage":"it-IT"}]}},"_links":{"self":[{"href":"https:\/\/dev.onyx-cie.ch\/it\/wp-json\/wp\/v2\/pages\/889","targetHints":{"allow":["GET"]}}],"collection":[{"href":"https:\/\/dev.onyx-cie.ch\/it\/wp-json\/wp\/v2\/pages"}],"about":[{"href":"https:\/\/dev.onyx-cie.ch\/it\/wp-json\/wp\/v2\/types\/page"}],"author":[{"embeddable":true,"href":"https:\/\/dev.onyx-cie.ch\/it\/wp-json\/wp\/v2\/users\/1"}],"replies":[{"embeddable":true,"href":"https:\/\/dev.onyx-cie.ch\/it\/wp-json\/wp\/v2\/comments?post=889"}],"version-history":[{"count":6,"href":"https:\/\/dev.onyx-cie.ch\/it\/wp-json\/wp\/v2\/pages\/889\/revisions"}],"predecessor-version":[{"id":3010,"href":"https:\/\/dev.onyx-cie.ch\/it\/wp-json\/wp\/v2\/pages\/889\/revisions\/3010"}],"wp:attachment":[{"href":"https:\/\/dev.onyx-cie.ch\/it\/wp-json\/wp\/v2\/media?parent=889"}],"curies":[{"name":"wp","href":"https:\/\/api.w.org\/{rel}","templated":true}]}}