{"id":2990,"date":"2019-01-14T12:05:22","date_gmt":"2019-01-14T11:05:22","guid":{"rendered":"https:\/\/dev.onyx-cie.ch\/?page_id=2990"},"modified":"2019-01-14T12:10:29","modified_gmt":"2019-01-14T11:10:29","slug":"i-nostri-partner","status":"publish","type":"page","link":"https:\/\/dev.onyx-cie.ch\/it\/i-nostri-partner\/","title":{"rendered":"I nostri partner"},"content":{"rendered":"<div class=\"fusion-fullwidth fullwidth-box fusion-builder-row-1 hundred-percent-fullwidth non-hundred-percent-height-scrolling\" style=\"background-color: rgba(255,255,255,0);background-position: center center;background-repeat: no-repeat;padding-top:0px;padding-right:0px;padding-bottom:0px;padding-left:0px;margin-bottom: 0px;margin-top: 0px;border-width: 0px 0px 0px 0px;border-color:#eae9e9;border-style:solid;\" ><div class=\"fusion-builder-row fusion-row\"><div class=\"fusion-layout-column fusion_builder_column fusion-builder-column-0 fusion_builder_column_1_1 1_1 fusion-one-full fusion-column-first fusion-column-last fusion-column-no-min-height\" style=\"margin-top:0px;margin-bottom:0px;\"><div class=\"fusion-column-wrapper fusion-flex-column-wrapper-legacy\" style=\"background-position:left top;background-repeat:no-repeat;-webkit-background-size:cover;-moz-background-size:cover;-o-background-size:cover;background-size:cover;padding: 0px 0px 0px 0px;\"><style type=\"text\/css\"><\/style><div class=\"fusion-title title fusion-title-1 fusion-title-text fusion-title-size-one\" style=\"margin-top:0px;margin-right:0px;margin-bottom:31px;margin-left:0px;\"><h1 class=\"title-heading-left\" style=\"margin:0;\">I nostri partner<\/h1><div class=\"title-sep-container\"><div class=\"title-sep sep-single sep-solid\" style=\"border-color:#e0dede;\"><\/div><\/div><\/div><div class=\"fusion-builder-row fusion-builder-row-inner fusion-row\"><div class=\"fusion-layout-column fusion_builder_column_inner fusion-builder-nested-column-0 fusion_builder_column_inner_1_2 1_2 fusion-one-half fusion-column-first\" style=\"width:48%; margin-right: 4%;margin-top:0px;margin-bottom:20px;\"><div class=\"fusion-column-wrapper fusion-flex-column-wrapper-legacy\" style=\"background-position:left top;background-repeat:no-repeat;-webkit-background-size:cover;-moz-background-size:cover;-o-background-size:cover;background-size:cover;padding: 0px 0px 0px 0px;\"><div class=\"fusion-text fusion-text-1\"><p>Perch\u00e9 i servizi dedicati alle persone facoltose rappresentano un mondo chiuso dove il passaparola \u00e8 importantissimo;<\/p>\n<p>Perch\u00e9 raccomandare qualcuno equivale a mettere in gioco la propria reputazione;<\/p>\n<p>Perch\u00e9 condividiamo con i nostri clienti gli stessi valori di eccellenza e di seriet\u00e0;<\/p>\n<p>Per questo \u00e8 importante circondarci di professionisti degni di fiducia, competenti e affidabili.<\/p>\n<p>Affinch\u00e9 i nostri clienti possano approfittare della nostra lunga esperienza nel settore del lusso e nel mestiere di family office, apriamo per loro la nostra rubrica costruita attraverso generazioni.<\/p>\n<\/div><div class=\"fusion-clearfix\"><\/div><\/div><\/div><div class=\"fusion-layout-column fusion_builder_column_inner fusion-builder-nested-column-1 fusion_builder_column_inner_1_2 1_2 fusion-one-half fusion-column-last\" style=\"width:48%;margin-top:0px;margin-bottom:20px;\"><div class=\"fusion-column-wrapper fusion-flex-column-wrapper-legacy\" style=\"background-position:left top;background-repeat:no-repeat;-webkit-background-size:cover;-moz-background-size:cover;-o-background-size:cover;background-size:cover;padding: 0px 0px 0px 0px;\"><div class=\"fusion-text fusion-text-2\"><p>Qui non troverete grandi gruppi internazionali: la nostra clientela non ha bisogno di Onyx &amp; Cie SA per scovare recapiti ben noti, ma solo servizi di nicchia ed esclusivi.<\/p>\n<p>Che sia nel campo degli immobili, degli yacht, degli aerei, delle esperienze lifestyle, lavoriamo con partner attentamente selezionati, per clienti che si aspettano da noi un servizio assolutamente perfetto, rapido e soprattutto senza attriti.<\/p>\n<p>La differenza? Li abbiamo rodati per molti anni in modo da poterli raccomandare in totale serenit\u00e0 e indipendenza. Tutti loro condividono lo stesso valore: lavorare in sinergia al fine di prediligere e difendere gli interessi dei nostri clienti comuni.<\/p>\n<\/div><div class=\"fusion-clearfix\"><\/div><\/div><\/div><\/div><div class=\"fusion-clearfix\"><\/div><\/div><\/div><div class=\"fusion-layout-column fusion_builder_column fusion-builder-column-1 fusion_builder_column_1_1 1_1 fusion-one-full fusion-column-first fusion-column-last fusion-column-no-min-height\" style=\"margin-top:0px;margin-bottom:0px;\"><div class=\"fusion-column-wrapper fusion-flex-column-wrapper-legacy\" style=\"background-position:left top;background-repeat:no-repeat;-webkit-background-size:cover;-moz-background-size:cover;-o-background-size:cover;background-size:cover;padding: 0px 0px 0px 0px;\"><div class=\"fusion-sep-clear\"><\/div><div class=\"fusion-separator fusion-full-width-sep\" style=\"margin-left: auto;margin-right: auto;margin-bottom:50px;width:100%;\"><div class=\"fusion-separator-border sep-single sep-solid\" style=\"border-color:#e0dede;border-top-width:1px;\"><\/div><\/div><div class=\"fusion-sep-clear\"><\/div><div class=\"fusion-clearfix\"><\/div><\/div><\/div><div class=\"fusion-layout-column fusion_builder_column fusion-builder-column-2 fusion_builder_column_1_3 1_3 fusion-one-third fusion-column-first\" style=\"width:30.6666%; margin-right: 4%;margin-top:0px;margin-bottom:20px;\"><div class=\"fusion-column-wrapper fusion-flex-column-wrapper-legacy\" style=\"background-position:left top;background-repeat:no-repeat;-webkit-background-size:cover;-moz-background-size:cover;-o-background-size:cover;background-size:cover;padding: 0px 0px 0px 0px;\"><div class=\"fusion-person person fusion-person-left fusion-person-1 fusion-person-icon-top\"><style>.fusion-person-1 .imageframe-liftup:before{-webkit-border-radius:0px;-moz-border-radius:0px;border-radius:0px;<\/style><div class=\"person-shortcode-image-wrapper imageframe-liftup\"><div class=\"person-image-container dropshadow\" style=\"border:0px solid #f6f6f6;-webkit-box-shadow: 3px 3px 7px rgba(0,0,0,0.3);box-shadow: 3px 3px 7px rgba(0,0,0,0.3);-webkit-border-radius:0px;-moz-border-radius:0px;border-radius:0px;\"><a href=\"http:\/\/www.guides-verbier.com\" target=\"_blank\"><img decoding=\"async\" class=\"person-img img-responsive wp-image-2824\" width=\"1110\" height=\"734\" src=\"https:\/\/dev.onyx-cie.ch\/wp-content\/uploads\/2018\/12\/Onyx_Cie_Adrenaline_1_Heliski_Verbier_partenaires.jpg\" alt=\"ADRENALINE Heliski Verbier\" srcset=\"https:\/\/dev.onyx-cie.ch\/wp-content\/uploads\/2018\/12\/Onyx_Cie_Adrenaline_1_Heliski_Verbier_partenaires-200x132.jpg 200w, https:\/\/dev.onyx-cie.ch\/wp-content\/uploads\/2018\/12\/Onyx_Cie_Adrenaline_1_Heliski_Verbier_partenaires-400x265.jpg 400w, https:\/\/dev.onyx-cie.ch\/wp-content\/uploads\/2018\/12\/Onyx_Cie_Adrenaline_1_Heliski_Verbier_partenaires-600x397.jpg 600w, https:\/\/dev.onyx-cie.ch\/wp-content\/uploads\/2018\/12\/Onyx_Cie_Adrenaline_1_Heliski_Verbier_partenaires-800x529.jpg 800w, https:\/\/dev.onyx-cie.ch\/wp-content\/uploads\/2018\/12\/Onyx_Cie_Adrenaline_1_Heliski_Verbier_partenaires.jpg 1110w\" sizes=\"(max-width: 800px) 100vw, 400px\" \/><\/a><\/div><\/div><div class=\"person-desc\"><div class=\"person-author\"><div class=\"person-author-wrapper\"><span class=\"person-name\">ADRENALINE Heliski Verbier<\/span><span class=\"person-title\"><\/span><\/div><\/div><div class=\"person-content fusion-clearfix\">Adr\u00e9naline \u00e8 il massimo specialista di eliski e di attivit\u00e0 fuori pista nel Canton Vallese. Abituata a una clientela esigente che comprende numerose celebrit\u00e0, questa societ\u00e0 si occupa di tutto, dal trasferimento dall\u2019aeroporto alla prenotazione negli hotel pi\u00f9 lussuosi, permettendovi di familiarizzare con la neve delle cime pi\u00f9 alte delle Alpi in perfetta serenit\u00e0.<\/div><\/div><\/div><div class=\"fusion-sep-clear\"><\/div><div class=\"fusion-separator fusion-full-width-sep\" style=\"margin-left: auto;margin-right: auto;margin-top:10px;width:100%;\"><\/div><div class=\"fusion-sep-clear\"><\/div><div class=\"fusion-text fusion-text-3\"><p><a href=\"http:\/\/www.guides-verbier.com\" target=\"_blank\" rel=\"noopener\">Sito web<\/a><\/p>\n<\/div><div class=\"fusion-clearfix\"><\/div><\/div><\/div><div class=\"fusion-layout-column fusion_builder_column fusion-builder-column-3 fusion_builder_column_1_1 1_1 fusion-one-full fusion-column-last fusion-column-no-min-height\" style=\"margin-top:0px;margin-bottom:0px;\"><div class=\"fusion-column-wrapper fusion-flex-column-wrapper-legacy\" style=\"background-position:left top;background-repeat:no-repeat;-webkit-background-size:cover;-moz-background-size:cover;-o-background-size:cover;background-size:cover;padding: 0px 0px 0px 0px;\"><div class=\"fusion-sep-clear\"><\/div><div class=\"fusion-separator fusion-full-width-sep\" style=\"margin-left: auto;margin-right: auto;margin-bottom:50px;width:100%;\"><div class=\"fusion-separator-border sep-single sep-solid\" style=\"border-color:#e0dede;border-top-width:1px;\"><\/div><\/div><div class=\"fusion-sep-clear\"><\/div><div class=\"fusion-clearfix\"><\/div><\/div><\/div><div class=\"fusion-layout-column fusion_builder_column fusion-builder-column-4 fusion_builder_column_1_1 1_1 fusion-one-full fusion-column-first fusion-column-last fusion-column-no-min-height\" style=\"margin-top:0px;margin-bottom:0px;\"><div class=\"fusion-column-wrapper fusion-flex-column-wrapper-legacy\" style=\"background-position:left top;background-repeat:no-repeat;-webkit-background-size:cover;-moz-background-size:cover;-o-background-size:cover;background-size:cover;padding: 0px 0px 0px 0px;\"><style type='text\/css'>.reading-box-container-1 .element-bottomshadow:before,.reading-box-container-1 .element-bottomshadow:after{opacity:0.70;}<\/style><div class=\"fusion-reading-box-container reading-box-container-1\" style=\"margin-top:0px;margin-bottom:84px;\"><div class=\"reading-box\" style=\"background-color:#f6f6f6;border-width:1px;border-color:#f6f6f6;border-top-width:3px;border-top-color:var(--primary_color);border-style:solid;\"><div class=\"reading-box-additional\">\n<h3 style=\"text-align: justify;\"><strong><em>&#8220;La nostra eredit\u00e0, la nostra esperienza e la nostra longevit\u00e0 al servizio dei nostri clienti, per aprire loro le porte di una rete di partner d\u2019eccellenza.&#8221; <\/em><\/strong><\/h3>\n<\/div><div class=\"fusion-clearfix\"><\/div><\/div><\/div><div class=\"fusion-clearfix\"><\/div><\/div><\/div><\/div><style type=\"text\/css\">.fusion-fullwidth.fusion-builder-row-1 { overflow:visible; }<\/style><\/div>\n","protected":false},"excerpt":{"rendered":"","protected":false},"author":1,"featured_media":0,"parent":0,"menu_order":0,"comment_status":"closed","ping_status":"closed","template":"","meta":{"footnotes":""},"class_list":["post-2990","page","type-page","status-publish","hentry"],"yoast_head":"<!-- This site is optimized with the Yoast SEO plugin v26.8 - https:\/\/yoast.com\/product\/yoast-seo-wordpress\/ -->\n<title>I nostri partner - We are an independent family office<\/title>\n<meta name=\"description\" content=\"Onyx &amp; Cie SA lavora solo con partner di fiducia rodati in diversi anni di collaborazione e stimati per la loro seriet\u00e0 e la loro competenza.\" \/>\n<meta name=\"robots\" content=\"index, follow, max-snippet:-1, max-image-preview:large, max-video-preview:-1\" \/>\n<link rel=\"canonical\" href=\"https:\/\/dev.onyx-cie.ch\/it\/i-nostri-partner\/\" \/>\n<meta property=\"og:locale\" content=\"it_IT\" \/>\n<meta property=\"og:type\" content=\"article\" \/>\n<meta property=\"og:title\" content=\"I nostri partner - We are an independent family office\" \/>\n<meta property=\"og:description\" content=\"Onyx &amp; Cie SA lavora solo con partner di fiducia rodati in diversi anni di collaborazione e stimati per la loro seriet\u00e0 e la loro competenza.\" \/>\n<meta property=\"og:url\" content=\"https:\/\/dev.onyx-cie.ch\/it\/i-nostri-partner\/\" \/>\n<meta property=\"og:site_name\" content=\"We are an independent family office\" \/>\n<meta property=\"article:publisher\" content=\"https:\/\/www.facebook.com\/onyxcie\" \/>\n<meta property=\"article:modified_time\" content=\"2019-01-14T11:10:29+00:00\" \/>\n<meta name=\"twitter:card\" content=\"summary_large_image\" \/>\n<meta name=\"twitter:site\" content=\"@onyx_cie\" \/>\n<meta name=\"twitter:label1\" content=\"Tempo di lettura stimato\" \/>\n\t<meta name=\"twitter:data1\" content=\"6 minuti\" \/>\n<script type=\"application\/ld+json\" class=\"yoast-schema-graph\">{\"@context\":\"https:\/\/schema.org\",\"@graph\":[{\"@type\":\"WebPage\",\"@id\":\"https:\/\/dev.onyx-cie.ch\/it\/i-nostri-partner\/\",\"url\":\"https:\/\/dev.onyx-cie.ch\/it\/i-nostri-partner\/\",\"name\":\"I nostri partner - We are an independent family office\",\"isPartOf\":{\"@id\":\"https:\/\/dev.onyx-cie.ch\/#website\"},\"datePublished\":\"2019-01-14T11:05:22+00:00\",\"dateModified\":\"2019-01-14T11:10:29+00:00\",\"description\":\"Onyx & Cie SA lavora solo con partner di fiducia rodati in diversi anni di collaborazione e stimati per la loro seriet\u00e0 e la loro competenza.\",\"breadcrumb\":{\"@id\":\"https:\/\/dev.onyx-cie.ch\/it\/i-nostri-partner\/#breadcrumb\"},\"inLanguage\":\"it-IT\",\"potentialAction\":[{\"@type\":\"ReadAction\",\"target\":[\"https:\/\/dev.onyx-cie.ch\/it\/i-nostri-partner\/\"]}]},{\"@type\":\"BreadcrumbList\",\"@id\":\"https:\/\/dev.onyx-cie.ch\/it\/i-nostri-partner\/#breadcrumb\",\"itemListElement\":[{\"@type\":\"ListItem\",\"position\":1,\"name\":\"Accueil\",\"item\":\"https:\/\/dev.onyx-cie.ch\/it\/\"},{\"@type\":\"ListItem\",\"position\":2,\"name\":\"I nostri partner\"}]},{\"@type\":\"WebSite\",\"@id\":\"https:\/\/dev.onyx-cie.ch\/#website\",\"url\":\"https:\/\/dev.onyx-cie.ch\/\",\"name\":\"We are an independent family office\",\"description\":\"We have a presence in Europe, Asia and Oceania.\",\"potentialAction\":[{\"@type\":\"SearchAction\",\"target\":{\"@type\":\"EntryPoint\",\"urlTemplate\":\"https:\/\/dev.onyx-cie.ch\/?s={search_term_string}\"},\"query-input\":{\"@type\":\"PropertyValueSpecification\",\"valueRequired\":true,\"valueName\":\"search_term_string\"}}],\"inLanguage\":\"it-IT\"}]}<\/script>\n<!-- \/ Yoast SEO plugin. -->","yoast_head_json":{"title":"I nostri partner - We are an independent family office","description":"Onyx & Cie SA lavora solo con partner di fiducia rodati in diversi anni di collaborazione e stimati per la loro seriet\u00e0 e la loro competenza.","robots":{"index":"index","follow":"follow","max-snippet":"max-snippet:-1","max-image-preview":"max-image-preview:large","max-video-preview":"max-video-preview:-1"},"canonical":"https:\/\/dev.onyx-cie.ch\/it\/i-nostri-partner\/","og_locale":"it_IT","og_type":"article","og_title":"I nostri partner - We are an independent family office","og_description":"Onyx & Cie SA lavora solo con partner di fiducia rodati in diversi anni di collaborazione e stimati per la loro seriet\u00e0 e la loro competenza.","og_url":"https:\/\/dev.onyx-cie.ch\/it\/i-nostri-partner\/","og_site_name":"We are an independent family office","article_publisher":"https:\/\/www.facebook.com\/onyxcie","article_modified_time":"2019-01-14T11:10:29+00:00","twitter_card":"summary_large_image","twitter_site":"@onyx_cie","twitter_misc":{"Tempo di lettura stimato":"6 minuti"},"schema":{"@context":"https:\/\/schema.org","@graph":[{"@type":"WebPage","@id":"https:\/\/dev.onyx-cie.ch\/it\/i-nostri-partner\/","url":"https:\/\/dev.onyx-cie.ch\/it\/i-nostri-partner\/","name":"I nostri partner - We are an independent family office","isPartOf":{"@id":"https:\/\/dev.onyx-cie.ch\/#website"},"datePublished":"2019-01-14T11:05:22+00:00","dateModified":"2019-01-14T11:10:29+00:00","description":"Onyx & Cie SA lavora solo con partner di fiducia rodati in diversi anni di collaborazione e stimati per la loro seriet\u00e0 e la loro competenza.","breadcrumb":{"@id":"https:\/\/dev.onyx-cie.ch\/it\/i-nostri-partner\/#breadcrumb"},"inLanguage":"it-IT","potentialAction":[{"@type":"ReadAction","target":["https:\/\/dev.onyx-cie.ch\/it\/i-nostri-partner\/"]}]},{"@type":"BreadcrumbList","@id":"https:\/\/dev.onyx-cie.ch\/it\/i-nostri-partner\/#breadcrumb","itemListElement":[{"@type":"ListItem","position":1,"name":"Accueil","item":"https:\/\/dev.onyx-cie.ch\/it\/"},{"@type":"ListItem","position":2,"name":"I nostri partner"}]},{"@type":"WebSite","@id":"https:\/\/dev.onyx-cie.ch\/#website","url":"https:\/\/dev.onyx-cie.ch\/","name":"We are an independent family office","description":"We have a presence in Europe, Asia and Oceania.","potentialAction":[{"@type":"SearchAction","target":{"@type":"EntryPoint","urlTemplate":"https:\/\/dev.onyx-cie.ch\/?s={search_term_string}"},"query-input":{"@type":"PropertyValueSpecification","valueRequired":true,"valueName":"search_term_string"}}],"inLanguage":"it-IT"}]}},"_links":{"self":[{"href":"https:\/\/dev.onyx-cie.ch\/it\/wp-json\/wp\/v2\/pages\/2990","targetHints":{"allow":["GET"]}}],"collection":[{"href":"https:\/\/dev.onyx-cie.ch\/it\/wp-json\/wp\/v2\/pages"}],"about":[{"href":"https:\/\/dev.onyx-cie.ch\/it\/wp-json\/wp\/v2\/types\/page"}],"author":[{"embeddable":true,"href":"https:\/\/dev.onyx-cie.ch\/it\/wp-json\/wp\/v2\/users\/1"}],"replies":[{"embeddable":true,"href":"https:\/\/dev.onyx-cie.ch\/it\/wp-json\/wp\/v2\/comments?post=2990"}],"version-history":[{"count":3,"href":"https:\/\/dev.onyx-cie.ch\/it\/wp-json\/wp\/v2\/pages\/2990\/revisions"}],"predecessor-version":[{"id":2994,"href":"https:\/\/dev.onyx-cie.ch\/it\/wp-json\/wp\/v2\/pages\/2990\/revisions\/2994"}],"wp:attachment":[{"href":"https:\/\/dev.onyx-cie.ch\/it\/wp-json\/wp\/v2\/media?parent=2990"}],"curies":[{"name":"wp","href":"https:\/\/api.w.org\/{rel}","templated":true}]}}