{"id":1316,"date":"2016-04-06T13:57:44","date_gmt":"2016-04-06T12:57:44","guid":{"rendered":"https:\/\/dev.onyx-cie.ch\/dev?page_id=1316"},"modified":"2019-01-15T08:56:40","modified_gmt":"2019-01-15T07:56:40","slug":"termini-e-condizioni","status":"publish","type":"page","link":"https:\/\/dev.onyx-cie.ch\/it\/termini-e-condizioni\/","title":{"rendered":"Termini e condizioni"},"content":{"rendered":"<p><div class=\"fusion-fullwidth fullwidth-box fusion-builder-row-1 hundred-percent-fullwidth non-hundred-percent-height-scrolling\" style=\"background-color: rgba(255,255,255,0);background-position: center center;background-repeat: no-repeat;padding-top:0px;padding-right:0px;padding-bottom:0px;padding-left:0px;margin-bottom: 0px;margin-top: 0px;border-width: 0px 0px 0px 0px;border-color:#eae9e9;border-style:solid;\" ><div class=\"fusion-builder-row fusion-row\"><div class=\"fusion-layout-column fusion_builder_column fusion-builder-column-0 fusion_builder_column_1_1 1_1 fusion-one-full fusion-column-first fusion-column-last fusion-column-no-min-height\" style=\"margin-top:0px;margin-bottom:0px;\"><div class=\"fusion-column-wrapper fusion-flex-column-wrapper-legacy\" style=\"background-position:left top;background-repeat:no-repeat;-webkit-background-size:cover;-moz-background-size:cover;-o-background-size:cover;background-size:cover;padding: 0px 0px 0px 0px;\"><style type=\"text\/css\"><\/style><div class=\"fusion-title title fusion-title-1 fusion-title-text fusion-title-size-one\" style=\"margin-top:0px;margin-right:0px;margin-bottom:31px;margin-left:0px;\"><h1 class=\"title-heading-left\" style=\"margin:0;\">Informazioni legali<\/h1><div class=\"title-sep-container\"><div class=\"title-sep sep-single sep-solid\" style=\"border-color:#e0dede;\"><\/div><\/div><\/div><div class=\"fusion-clearfix\"><\/div><\/div><\/div><\/div><style type=\"text\/css\">.fusion-fullwidth.fusion-builder-row-1 { overflow:visible; }<\/style><\/div><div class=\"fusion-fullwidth fullwidth-box fusion-builder-row-2 nonhundred-percent-fullwidth non-hundred-percent-height-scrolling\" style=\"background-color: rgba(255,255,255,0);background-position: left top;background-repeat: no-repeat;padding-top:20px;padding-right:0px;padding-bottom:20px;padding-left:0px;margin-bottom: 0px;margin-top: 0px;border-width: 0px 0px 0px 0px;border-color:#eae9e9;border-style:solid;\" ><div class=\"fusion-builder-row fusion-row\"><div class=\"fusion-layout-column fusion_builder_column fusion-builder-column-1 fusion_builder_column_1_1 1_1 fusion-one-full fusion-column-first fusion-column-last fusion-column-no-min-height\" style=\"margin-top:0px;margin-bottom:0px;\"><div class=\"fusion-column-wrapper fusion-flex-column-wrapper-legacy\" style=\"background-position:left top;background-repeat:no-repeat;-webkit-background-size:cover;-moz-background-size:cover;-o-background-size:cover;background-size:cover;padding: 0px 0px 0px 0px;\"><div class=\"fusion-text fusion-text-1\"><h4 class=\"p1\" style=\"text-align: justify;\">Vi preghiamo di leggere con attenzione le condizioni di utilizzo e le informazioni legali di seguito riportate.<\/h4>\n<h2 class=\"p1\" style=\"text-align: justify;\">Condizioni generali ed informazioni legali<\/h2>\n<p>Accedendo al sito <a href=\"http:\/\/www.onyx-cie.ch\">www.onyx-cie.ch<\/a> dichiarate di aver compreso e di accettare le condizioni generali e le informazioni legali seguenti. Se non le accettate, vi preghiamo di non accedere in alcun modo al sito ed ai suoi elementi. L\u2019accesso al sito, il suo utilizzo nonch\u00e9 le condizioni generali e le informazioni legali a seguire sono regolamentati esclusivamente dalle leggi svizzere. I tribunali del Cantone di Ginevra, in Svizzera, avranno competenza esclusiva in materia giudiziaria, ferma restando la possibilit\u00e0 di un ricorso al Tribunale Federale. Le condizioni generali e le informazioni legali possono essere modificate in qualunque momento: vi invitiamo quindi a leggere quanto segue ad ogni vostra connessione al presente sito.<\/p>\n<p>Questo sito \u00e8 edito da Onyx &amp; Cie SA, sede sociale: 7, rue des Alpes, 1201 Ginevra, Svizzera.<\/p>\n<p>Hosting: Infomaniak Network SA, 26 avenue de la Praille, 1227 Carouge\/Ginevra, Svizzera.<\/p>\n<h2 class=\"p1\" style=\"text-align: justify;\">Restrizioni legali locali<\/h2>\n<h5 class=\"p2\" style=\"text-align: justify;\"><span class=\"s1\">Il presente sito \u00e8 destinato agli investitori qualificati che si trovino sul territorio svizzero al momento della consultazione.<\/span><\/h5>\n<p class=\"p1\" style=\"text-align: justify;\"><span class=\"s2\"><b>In particolare, le informazioni ed i servizi forniti dal sito non sono destinati ad essere diffusi o utilizzati da nessuna persona, fisica o giuridica, che si trovi in una giurisdizione o in un paese in cui tale diffusione o utilizzo fossero in contrasto con la legislazione o il regolamento locali o che richiedessero una registrazione della Onyx &amp; Cie SA in tale giurisdizione o in tale paese. Le persone, fisiche o giuridiche, soggette a tali divieti non devono accedere al sito n\u00e9 utilizzarlo.<\/b><\/span><\/p>\n<h2 class=\"p1\" style=\"text-align: justify;\">Nessuna offerta di servizi e nessuna sollecitazione<\/h2>\n<p>Il sito, a qualsiasi titolo e per qualsiasi prodotto o servizio, non pu\u00f2 essere in nessun caso considerato come un\u2019offerta di servizi della Onyx &amp; Cie SA o una sollecitazione diretta o indiretta. \u00c8 concepito esclusivamente con finalit\u00e0 informative.<\/p>\n<p>In particolare, non potr\u00e0 essere considerato come una forma di raccomandazione di acquisto o di vendita o una consulenza per piazzamenti.<\/p>\n<p>Gli utenti sono invitati a basare le proprie decisioni di investimento sulle ricerche appropriate che loro stessi giudichino necessarie. Nessuna delle informazioni contenute nel sito va intesa come parere giuridico, consulenza fiscale o altro.<\/p>\n<p>Si consiglia di contattare un consulente finanziario indipendente per appurare se l\u2019investimento di vostro interesse sia adatto alle vostre esigenze specifiche ed alla vostra categoria di rischio.<\/p>\n<p>Si consiglia inoltre di contattare un consulente fiscale indipendente per essere informati sul regime fiscale applicabile ad un investimento specifico nella vostra giurisdizione tenuto conto del vostro contesto personale.<\/p>\n<h2 class=\"p1\" style=\"text-align: justify;\">Esclusione di garanzia e limitazione di responsabilit\u00e0<\/h2>\n<p>La Onyx &amp; Cie SA ed i suoi fornitori di dati si sforzano di far s\u00ec che le informazioni contenute nel sito siano precise e complete nel momento della loro pubblicazione. Sebbene tali informazioni provengano da fonti considerate affidabili, la Onyx &amp; Cie SA ed i suoi fornitori di dati non possono tuttavia garantirne l\u2019esattezza, l\u2019affidabilit\u00e0, l\u2019attualit\u00e0 o l\u2019esaustivit\u00e0, n\u00e9 esplicitamente, n\u00e9 implicitamente.<\/p>\n<p>Le informazioni, opinioni o valutazioni eventualmente riportate nel sito riflettono l\u2019opinione del loro autore al momento della loro redazione; queste non devono essere considerate come fonti autorevoli e nessuno deve usarle in sostituzione della propria opinione personale; sono inoltre suscettibili di essere modificate senza preavviso.<\/p>\n<p>La Onyx &amp; Cie SA ed i suoi fornitori di dati declinano espressamente ogni responsabilit\u00e0 verso chiunque per qualsivoglia motivo legato alle conseguenze di qualsiasi azione od omissione risultante dall\u2019utilizzo delle informazioni, opinioni o valutazioni eventualmente contenute nel presente sito.<\/p>\n<p>Inoltre, la Onyx &amp; Cie SA ed i suoi fornitori di dati non potranno essere considerati in nessun modo responsabili per qualsiasi perdita o danno risultante dall\u2019utilizzo o dalla fiducia accordata alle informazioni contenute in questo sito, ivi incluso, e senza limitazioni, per qualunque perdita, riduzione di guadagno o danno diretto o indiretto.<\/p>\n<p>Si ricorda anche che il fatto di accedere o restare in maniera fraudolenta in un sistema informatico, di ostacolarne o falsarne il funzionamento, di introdurre o modificare delle informazioni in un sistema informatico in maniera fraudolenta, costituiscono reati passibili di sanzioni.<\/p>\n<h2 class=\"p1\" style=\"text-align: justify;\">Link verso altri siti<\/h2>\n<p>A partire da questo sito \u00e8 possibile accedere ad altri siti tramite dei link automatici. L\u2019utilizzo di tali link verso qualsiasi pagina esterna al presente sito avviene a rischio e pericolo dell\u2019utente. La Onyx &amp; Cie SA non controlla nessuno dei siti referenziati dal proprio sito. Di conseguenza, la societ\u00e0 non si assume alcuna responsabilit\u00e0 n\u00e9 per i contenuti dei detti siti n\u00e9 per i prodotti, i servizi o altro offerti tramite essi.<\/p>\n<p>Senza preventiva autorizzazione scritta della societ\u00e0 \u00e8 proibito creare qualsivoglia link verso il presente sito o un elemento di esso.<\/p>\n<h2 class=\"p1\" style=\"text-align: justify;\">Riservatezza<\/h2>\n<p>Si noti che quando si utilizza un sito di pubblico dominio (sito Internet) i dati sono trasmessi attraverso una rete accessibile a terzi. I dati attraversano anche, in maniera regolare, le frontiere internazionali anche se il mittente ed il destinatario dei dati trasmessi si trovano entrambi nello stesso paese. \u00c8 quindi possibile che terze persone sorveglino l\u2019accesso di un utente ai siti di pubblico dominio.<\/p>\n<p>Si noti che tutte le attivit\u00e0 sul sito possono essere registrate ed analizzate per fini di sicurezza, di marketing, di sorveglianza del sistema ed altro.\u00a0A questo proposito, vi invitiamo a leggere l&#8217;informativa sulla <a href=\"\/it\/newsletter\/\">privacy<\/a>.<\/p>\n<p>Per via della natura stessa di Internet, la sicurezza degli scambi di posta elettronica non pu\u00f2 essere garantita. Di conseguenza, la Onyx &amp; Cie SA declina ogni responsabilit\u00e0 circa l\u2019utilizzo della messaggeria elettronica e non potr\u00e0 essere considerata responsabile per violazione degli obblighi di riservatezza in caso di dolo da parte di terzi o di errori di trasmissione.<\/p>\n<h2 class=\"p1\" style=\"text-align: justify;\">Rischi di investimento<\/h2>\n<p>Dovete avere ben presente che la gestione del patrimonio comporta dei rischi di investimento ivi compresa l\u2019eventuale perdita del capitale investito. Le performance del passato non sono n\u00e9 garanzia n\u00e9 indice di risultati futuri.<\/p>\n<p>Per via della volatilit\u00e0 del mercato, i rendimenti possono essere soggetti a forti cambiamenti a breve termine. Peraltro, gli investimenti su mercati emergenti e\/o in titoli a bassa capitalizzazione e\/o in obbligazioni ad alto rendimento tendono ad essere soggetti a rischi pi\u00f9 elevati. Abbiate cura di informarvi sui rischi specifici connessi ad ogni investimento.<\/p>\n<p>I beni affidati in gestione possono anche essere investiti in valute estere (rispetto a quella di riferimento del portafoglio). Questa procedura comporta il rischio supplementare di una fluttuazione dei tassi di cambio.<\/p>\n<h2 class=\"p1\" style=\"text-align: justify;\"><span class=\"s1\">Copyright<\/span><\/h2>\n<p>Le informazioni ed i testi contenuti nel sito sono messi gratuitamente a disposizione degli internauti ma restano tuttavia protetti dal diritto d\u2019autore. Gli utenti del sito possono scaricare e salvare temporaneamente le informazioni relative alla societ\u00e0 per leggerle sul proprio computer personale. La riproduzione, anche parziale, il salvataggio permanente o la ritrasmissione delle immagini o delle informazioni contenute nel sito, per qualsivoglia finalit\u00e0, sono rigorosamente vietati in assenza del preventivo accordo della societ\u00e0.<\/p>\n<p>Copyright \u00a9 2008 \u2013 2019 \u2013 Onyx &amp; Cie SA \u2013 tutti i diritti riservati.<\/p>\n<\/div><div class=\"fusion-clearfix\"><\/div><\/div><\/div><\/div><\/div><\/p>\n","protected":false},"excerpt":{"rendered":"","protected":false},"author":1,"featured_media":0,"parent":0,"menu_order":0,"comment_status":"open","ping_status":"open","template":"","meta":{"footnotes":""},"class_list":["post-1316","page","type-page","status-publish","hentry"],"yoast_head":"<!-- This site is optimized with the Yoast SEO plugin v26.8 - https:\/\/yoast.com\/product\/yoast-seo-wordpress\/ -->\n<title>Termini e condizioni - We are an independent family office<\/title>\n<meta name=\"robots\" content=\"index, follow, max-snippet:-1, max-image-preview:large, max-video-preview:-1\" \/>\n<link rel=\"canonical\" href=\"https:\/\/dev.onyx-cie.ch\/it\/termini-e-condizioni\/\" \/>\n<meta property=\"og:locale\" content=\"it_IT\" \/>\n<meta property=\"og:type\" content=\"article\" \/>\n<meta property=\"og:title\" content=\"Termini e condizioni - We are an independent family office\" \/>\n<meta property=\"og:url\" content=\"https:\/\/dev.onyx-cie.ch\/it\/termini-e-condizioni\/\" \/>\n<meta property=\"og:site_name\" content=\"We are an independent family office\" \/>\n<meta property=\"article:publisher\" content=\"https:\/\/www.facebook.com\/onyxcie\" \/>\n<meta property=\"article:modified_time\" content=\"2019-01-15T07:56:40+00:00\" \/>\n<meta name=\"twitter:card\" content=\"summary_large_image\" \/>\n<meta name=\"twitter:site\" content=\"@onyx_cie\" \/>\n<meta name=\"twitter:label1\" content=\"Tempo di lettura stimato\" \/>\n\t<meta name=\"twitter:data1\" content=\"7 minuti\" \/>\n<script type=\"application\/ld+json\" class=\"yoast-schema-graph\">{\"@context\":\"https:\/\/schema.org\",\"@graph\":[{\"@type\":\"WebPage\",\"@id\":\"https:\/\/dev.onyx-cie.ch\/it\/termini-e-condizioni\/\",\"url\":\"https:\/\/dev.onyx-cie.ch\/it\/termini-e-condizioni\/\",\"name\":\"Termini e condizioni - We are an independent family office\",\"isPartOf\":{\"@id\":\"https:\/\/dev.onyx-cie.ch\/#website\"},\"datePublished\":\"2016-04-06T12:57:44+00:00\",\"dateModified\":\"2019-01-15T07:56:40+00:00\",\"breadcrumb\":{\"@id\":\"https:\/\/dev.onyx-cie.ch\/it\/termini-e-condizioni\/#breadcrumb\"},\"inLanguage\":\"it-IT\",\"potentialAction\":[{\"@type\":\"ReadAction\",\"target\":[\"https:\/\/dev.onyx-cie.ch\/it\/termini-e-condizioni\/\"]}]},{\"@type\":\"BreadcrumbList\",\"@id\":\"https:\/\/dev.onyx-cie.ch\/it\/termini-e-condizioni\/#breadcrumb\",\"itemListElement\":[{\"@type\":\"ListItem\",\"position\":1,\"name\":\"Accueil\",\"item\":\"https:\/\/dev.onyx-cie.ch\/it\/\"},{\"@type\":\"ListItem\",\"position\":2,\"name\":\"Termini e condizioni\"}]},{\"@type\":\"WebSite\",\"@id\":\"https:\/\/dev.onyx-cie.ch\/#website\",\"url\":\"https:\/\/dev.onyx-cie.ch\/\",\"name\":\"We are an independent family office\",\"description\":\"We have a presence in Europe, Asia and Oceania.\",\"potentialAction\":[{\"@type\":\"SearchAction\",\"target\":{\"@type\":\"EntryPoint\",\"urlTemplate\":\"https:\/\/dev.onyx-cie.ch\/?s={search_term_string}\"},\"query-input\":{\"@type\":\"PropertyValueSpecification\",\"valueRequired\":true,\"valueName\":\"search_term_string\"}}],\"inLanguage\":\"it-IT\"}]}<\/script>\n<!-- \/ Yoast SEO plugin. -->","yoast_head_json":{"title":"Termini e condizioni - We are an independent family office","robots":{"index":"index","follow":"follow","max-snippet":"max-snippet:-1","max-image-preview":"max-image-preview:large","max-video-preview":"max-video-preview:-1"},"canonical":"https:\/\/dev.onyx-cie.ch\/it\/termini-e-condizioni\/","og_locale":"it_IT","og_type":"article","og_title":"Termini e condizioni - We are an independent family office","og_url":"https:\/\/dev.onyx-cie.ch\/it\/termini-e-condizioni\/","og_site_name":"We are an independent family office","article_publisher":"https:\/\/www.facebook.com\/onyxcie","article_modified_time":"2019-01-15T07:56:40+00:00","twitter_card":"summary_large_image","twitter_site":"@onyx_cie","twitter_misc":{"Tempo di lettura stimato":"7 minuti"},"schema":{"@context":"https:\/\/schema.org","@graph":[{"@type":"WebPage","@id":"https:\/\/dev.onyx-cie.ch\/it\/termini-e-condizioni\/","url":"https:\/\/dev.onyx-cie.ch\/it\/termini-e-condizioni\/","name":"Termini e condizioni - We are an independent family office","isPartOf":{"@id":"https:\/\/dev.onyx-cie.ch\/#website"},"datePublished":"2016-04-06T12:57:44+00:00","dateModified":"2019-01-15T07:56:40+00:00","breadcrumb":{"@id":"https:\/\/dev.onyx-cie.ch\/it\/termini-e-condizioni\/#breadcrumb"},"inLanguage":"it-IT","potentialAction":[{"@type":"ReadAction","target":["https:\/\/dev.onyx-cie.ch\/it\/termini-e-condizioni\/"]}]},{"@type":"BreadcrumbList","@id":"https:\/\/dev.onyx-cie.ch\/it\/termini-e-condizioni\/#breadcrumb","itemListElement":[{"@type":"ListItem","position":1,"name":"Accueil","item":"https:\/\/dev.onyx-cie.ch\/it\/"},{"@type":"ListItem","position":2,"name":"Termini e condizioni"}]},{"@type":"WebSite","@id":"https:\/\/dev.onyx-cie.ch\/#website","url":"https:\/\/dev.onyx-cie.ch\/","name":"We are an independent family office","description":"We have a presence in Europe, Asia and Oceania.","potentialAction":[{"@type":"SearchAction","target":{"@type":"EntryPoint","urlTemplate":"https:\/\/dev.onyx-cie.ch\/?s={search_term_string}"},"query-input":{"@type":"PropertyValueSpecification","valueRequired":true,"valueName":"search_term_string"}}],"inLanguage":"it-IT"}]}},"_links":{"self":[{"href":"https:\/\/dev.onyx-cie.ch\/it\/wp-json\/wp\/v2\/pages\/1316","targetHints":{"allow":["GET"]}}],"collection":[{"href":"https:\/\/dev.onyx-cie.ch\/it\/wp-json\/wp\/v2\/pages"}],"about":[{"href":"https:\/\/dev.onyx-cie.ch\/it\/wp-json\/wp\/v2\/types\/page"}],"author":[{"embeddable":true,"href":"https:\/\/dev.onyx-cie.ch\/it\/wp-json\/wp\/v2\/users\/1"}],"replies":[{"embeddable":true,"href":"https:\/\/dev.onyx-cie.ch\/it\/wp-json\/wp\/v2\/comments?post=1316"}],"version-history":[{"count":26,"href":"https:\/\/dev.onyx-cie.ch\/it\/wp-json\/wp\/v2\/pages\/1316\/revisions"}],"predecessor-version":[{"id":3058,"href":"https:\/\/dev.onyx-cie.ch\/it\/wp-json\/wp\/v2\/pages\/1316\/revisions\/3058"}],"wp:attachment":[{"href":"https:\/\/dev.onyx-cie.ch\/it\/wp-json\/wp\/v2\/media?parent=1316"}],"curies":[{"name":"wp","href":"https:\/\/api.w.org\/{rel}","templated":true}]}}