{"id":1298,"date":"2016-04-06T09:50:55","date_gmt":"2016-04-06T08:50:55","guid":{"rendered":"https:\/\/dev.onyx-cie.ch\/dev?page_id=1298"},"modified":"2018-12-10T11:42:44","modified_gmt":"2018-12-10T10:42:44","slug":"altri-servizi","status":"publish","type":"page","link":"https:\/\/dev.onyx-cie.ch\/it\/altri-servizi\/","title":{"rendered":"Altri servizi"},"content":{"rendered":"<div class=\"fusion-fullwidth fullwidth-box fusion-builder-row-1 hundred-percent-fullwidth non-hundred-percent-height-scrolling\" style=\"background-color: rgba(255,255,255,0);background-position: center center;background-repeat: no-repeat;padding-top:0px;padding-right:0px;padding-bottom:0px;padding-left:0px;margin-bottom: 0px;margin-top: 0px;border-width: 0px 0px 0px 0px;border-color:#eae9e9;border-style:solid;\" ><div class=\"fusion-builder-row fusion-row\"><div class=\"fusion-layout-column fusion_builder_column fusion-builder-column-0 fusion_builder_column_1_1 1_1 fusion-one-full fusion-column-first fusion-column-last fusion-column-no-min-height\" style=\"margin-top:0px;margin-bottom:0px;\"><div class=\"fusion-column-wrapper fusion-flex-column-wrapper-legacy\" style=\"background-position:left top;background-repeat:no-repeat;-webkit-background-size:cover;-moz-background-size:cover;-o-background-size:cover;background-size:cover;padding: 0px 0px 0px 0px;\"><style type=\"text\/css\"><\/style><div class=\"fusion-title title fusion-title-1 fusion-title-text fusion-title-size-one\" style=\"margin-top:0px;margin-right:0px;margin-bottom:31px;margin-left:0px;\"><h1 class=\"title-heading-left\" style=\"margin:0;\">Governance familiare<\/h1><div class=\"title-sep-container\"><div class=\"title-sep sep-single sep-solid\" style=\"border-color:#e0dede;\"><\/div><\/div><\/div><div class=\"fusion-clearfix\"><\/div><\/div><\/div><div class=\"fusion-layout-column fusion_builder_column fusion-builder-column-1 fusion_builder_column_1_2 1_2 fusion-one-half fusion-column-first\" style=\"width:48%; margin-right: 4%;margin-top:0px;margin-bottom:20px;\"><div class=\"fusion-column-wrapper fusion-flex-column-wrapper-legacy\" style=\"background-position:left top;background-repeat:no-repeat;-webkit-background-size:cover;-moz-background-size:cover;-o-background-size:cover;background-size:cover;padding: 0px 0px 0px 0px;\"><div class=\"fusion-text fusion-text-1\"><p style=\"text-align: justify;\">Statisticamente le imprese di famiglia hanno migliori risultati rispetto alle societ\u00e0 il cui azionariato \u00e8 aperto. Tali imprese costituiscono circa l\u201980% dell\u2019economia svizzera e sono caratterizzate da una visione a lungo termine e da un forte impegno dei loro membri. Ma sono rare quelle che sopravvivono oltre la terza generazione, come ci ricorda il ben noto adagio: \u201cla prima generazione crea, la seconda consolida e la terza distrugge.\u201d<\/p>\n<p style=\"text-align: justify;\">Ogni impresa ed ogni famiglia hanno la propria storia e le proprie particolarit\u00e0. Tuttavia, le imprese di famiglia durature possiedono almeno una cosa in comune: sono ben organizzate.<\/p>\n<p style=\"text-align: justify;\">La Onyx &amp; Cie SA mette a disposizione dei propri clienti la sua esperienza e le sue competenze per sviluppare e mantenere il controllo dell\u2019impresa da parte della famiglia ma anche per preservare l\u2019armonia tra i suoi componenti.<\/p>\n<\/div><div class=\"fusion-clearfix\"><\/div><\/div><\/div><div class=\"fusion-layout-column fusion_builder_column fusion-builder-column-2 fusion_builder_column_1_2 1_2 fusion-one-half fusion-column-last\" style=\"width:48%;margin-top:0px;margin-bottom:20px;\"><div class=\"fusion-column-wrapper fusion-flex-column-wrapper-legacy\" style=\"background-position:left top;background-repeat:no-repeat;-webkit-background-size:cover;-moz-background-size:cover;-o-background-size:cover;background-size:cover;padding: 0px 0px 0px 0px;\"><div class=\"fusion-text fusion-text-2\"><p><strong>La governance familiare messa in opera dal family office si compone dei seguenti elementi:<\/strong><\/p>\n<\/div><div class=\"fusion-sep-clear\"><\/div><div class=\"fusion-separator fusion-full-width-sep\" style=\"margin-left: auto;margin-right: auto;margin-top:9px;margin-bottom:1px;width:100%;\"><div class=\"fusion-separator-border sep-single sep-solid\" style=\"border-color:#e0dede;border-top-width:1px;\"><\/div><\/div><div class=\"fusion-sep-clear\"><\/div><style type=\"text\/css\">.fusion-accordian  #accordion-1298-1 .panel-title a .fa-fusion-box{ color: #ffffff;}.fusion-accordian  #accordion-1298-1 .panel-title a .fa-fusion-box:before{ font-size: 13px; width: 13px;}.fusion-accordian  #accordion-1298-1 .panel-title a{font-size:18px;}.fusion-accordian  #accordion-1298-1 .fa-fusion-box { background-color: #333333;border-color: #333333;}.fusion-accordian  #accordion-1298-1 .panel-title a:hover, #accordion-1298-1 .fusion-toggle-boxed-mode:hover .panel-title a { color: #27318d;}.fusion-accordian  #accordion-1298-1 .panel-title .active .fa-fusion-box,.fusion-accordian  #accordion-1298-1 .panel-title a:hover .fa-fusion-box { background-color: #27318d!important;border-color: #27318d!important;}<\/style><div class=\"accordian fusion-accordian text-align:justify\"><div class=\"panel-group\" id=\"accordion-1298-1\"><div class=\"fusion-panel panel-default\"><div class=\"panel-heading\"><h4 class=\"panel-title toggle\"><a aria-expanded=\"false\" aria-controls=\"9dfc83e0289c0bcda\" role=\"button\" data-toggle=\"collapse\" data-parent=\"#accordion-1298-1\" data-target=\"#9dfc83e0289c0bcda\" href=\"#9dfc83e0289c0bcda\"><span class=\"fusion-toggle-icon-wrapper\" aria-hidden=\"true\"><i class=\"fa-fusion-box\" aria-hidden=\"true\"><\/i><\/span><span class=\"fusion-toggle-heading\">Organizzazione di assemblee di famiglia<\/span><\/a><\/h4><\/div><div id=\"9dfc83e0289c0bcda\" class=\"panel-collapse collapse \"><div class=\"panel-body toggle-content fusion-clearfix\">\n<p style=\"text-align: justify;\">Tali assemblee hanno l\u2019obiettivo di riunire tutti i componenti decisionali della famiglia per informarli in maniera chiara in vista dell\u2019adozione di tutte le decisioni importanti relative all\u2019impresa. La Onyx &amp; Cie SA interviene sia in qualit\u00e0 di segretario e moderatore che come consulente neutrale e indipendente sulla strategia futura della societ\u00e0.<\/p>\n<\/div><\/div><\/div><div class=\"fusion-panel panel-default\"><div class=\"panel-heading\"><h4 class=\"panel-title toggle\"><a aria-expanded=\"false\" aria-controls=\"291448314f8e427bd\" role=\"button\" data-toggle=\"collapse\" data-parent=\"#accordion-1298-1\" data-target=\"#291448314f8e427bd\" href=\"#291448314f8e427bd\"><span class=\"fusion-toggle-icon-wrapper\" aria-hidden=\"true\"><i class=\"fa-fusion-box\" aria-hidden=\"true\"><\/i><\/span><span class=\"fusion-toggle-heading\">Creazione di un consiglio di famiglia<\/span><\/a><\/h4><\/div><div id=\"291448314f8e427bd\" class=\"panel-collapse collapse \"><div class=\"panel-body toggle-content fusion-clearfix\">\n<p style=\"text-align: justify;\">Quest\u2019organo \u00e8 necessario qualora la famiglia superi la decina di componenti. Eletto dall\u2019assemblea e comparabile ad un consiglio di amministrazione, rappresenta i membri della famiglia di fronte all\u2019impresa e svolge un ruolo di intermediario.<\/p>\n<\/div><\/div><\/div><div class=\"fusion-panel panel-default\"><div class=\"panel-heading\"><h4 class=\"panel-title toggle\"><a aria-expanded=\"false\" aria-controls=\"dd2a0d19094028c47\" role=\"button\" data-toggle=\"collapse\" data-parent=\"#accordion-1298-1\" data-target=\"#dd2a0d19094028c47\" href=\"#dd2a0d19094028c47\"><span class=\"fusion-toggle-icon-wrapper\" aria-hidden=\"true\"><i class=\"fa-fusion-box\" aria-hidden=\"true\"><\/i><\/span><span class=\"fusion-toggle-heading\">Preparazione e redazione di una costituzione familiare<\/span><\/a><\/h4><\/div><div id=\"dd2a0d19094028c47\" class=\"panel-collapse collapse \"><div class=\"panel-body toggle-content fusion-clearfix\">\n<p style=\"text-align: justify;\">La costituzione familiare ha per finalit\u00e0 la definizione delle relazioni tra l\u2019impresa e la famiglia. Stabilisce la politica di quest&#8217;ultima, i suoi obiettivi, la sua visione, i suoi valori, ed i principi generali del suo funzionamento.<\/p>\n<p style=\"text-align: justify;\">Documento essenziale che permette di garantire la stabilit\u00e0 e la durata dell\u2019impresa su pi\u00f9 generazioni, la costituzione familiare \u00e8 destinata ad evolvere nel tempo per riflettere i cambiamenti attuali e futuri.<\/p>\n<p style=\"text-align: justify;\">Di forma simile ad un patto di sindacato, dovrebbe essere elaborata nelle fasi iniziali di un\u2019impresa di famiglia. Poich\u00e9 evitare i conflitti \u00e8 impossibile, questo documento permette di attivare dei meccanismi rapidi ed efficaci per risolverli.<\/p>\n<p style=\"text-align: justify;\">La costituzione familiare contiene anche delle disposizioni sulla formazione dei giovani, sulla gestione degli impiegati familiari, sul passaggio di testimone alla generazione successiva, sul versamento dei dividendi, e delle regole sull\u2019organizzazione della famiglia (consiglio, assemblea, ecc.).<\/p>\n<\/div><\/div><\/div><\/div><\/div><div class=\"fusion-clearfix\"><\/div><\/div><\/div><div class=\"fusion-layout-column fusion_builder_column fusion-builder-column-3 fusion_builder_column_1_1 1_1 fusion-one-full fusion-column-first fusion-column-last fusion-column-no-min-height\" style=\"margin-top:0px;margin-bottom:0px;\"><div class=\"fusion-column-wrapper fusion-flex-column-wrapper-legacy\" style=\"background-position:left top;background-repeat:no-repeat;-webkit-background-size:cover;-moz-background-size:cover;-o-background-size:cover;background-size:cover;padding: 0px 0px 0px 0px;\"><div class=\"fusion-sep-clear\"><\/div><div class=\"fusion-separator fusion-full-width-sep\" style=\"margin-left: auto;margin-right: auto;margin-top:40px;margin-bottom:35px;width:100%;\"><div class=\"fusion-separator-border sep-single sep-dotted\" style=\"border-color:#e0dede;border-top-width:1px;\"><\/div><\/div><div class=\"fusion-sep-clear\"><\/div><div class=\"fusion-clearfix\"><\/div><\/div><\/div><div class=\"fusion-layout-column fusion_builder_column fusion-builder-column-4 fusion_builder_column_1_1 1_1 fusion-one-full fusion-column-first fusion-column-last fusion-column-no-min-height\" style=\"margin-top:0px;margin-bottom:0px;\"><div class=\"fusion-column-wrapper fusion-flex-column-wrapper-legacy\" style=\"background-position:left top;background-repeat:no-repeat;-webkit-background-size:cover;-moz-background-size:cover;-o-background-size:cover;background-size:cover;padding: 0px 0px 0px 0px;\"><style type=\"text\/css\"><\/style><div class=\"fusion-title title fusion-title-2 fusion-title-text fusion-title-size-one\" style=\"margin-top:0px;margin-right:0px;margin-bottom:31px;margin-left:0px;\"><h1 class=\"title-heading-left\" style=\"margin:0;\">Progetti filantropici<\/h1><div class=\"title-sep-container\"><div class=\"title-sep sep-single sep-solid\" style=\"border-color:#e0dede;\"><\/div><\/div><\/div><div class=\"fusion-clearfix\"><\/div><\/div><\/div><div class=\"fusion-layout-column fusion_builder_column fusion-builder-column-5 fusion_builder_column_1_2 1_2 fusion-one-half fusion-column-first\" style=\"width:48%; margin-right: 4%;margin-top:0px;margin-bottom:20px;\"><div class=\"fusion-column-wrapper fusion-flex-column-wrapper-legacy\" style=\"background-position:left top;background-repeat:no-repeat;-webkit-background-size:cover;-moz-background-size:cover;-o-background-size:cover;background-size:cover;padding: 0px 0px 0px 0px;\"><div class=\"fusion-text fusion-text-3\"><p style=\"text-align: justify;\">La filantropia \u00e8 oggi un settore in piena crescita e dotato di un enorme potenziale. Molti degli imprenditori che hanno avuto successo nei loro progetti professionali desiderano dare un senso al loro patrimonio e restituire alla societ\u00e0 una parte della loro ricchezza per \u201ccostruire un mondo migliore\u201d.<\/p>\n<p style=\"text-align: justify;\">La filantropia \u00e8 certamente un mezzo per unire maggiormente i componenti di una famiglia ma anche per fornire nuovi progetti alle generazioni successive.<\/p>\n<p style=\"text-align: justify;\">La Onyx &amp; Cie SA aiuta i propri clienti a definire l\u2019oggetto delle loro aspirazioni ed a concretizzare la loro volont\u00e0 scegliendo la struttura pi\u00f9 adatta:<\/p>\n<p class=\"p1\" style=\"text-align: justify;\"><span style=\"color: #ffffff; line-height: 1.5;\">La Onyx &amp; Cie SA aiuta i propri clienti a definire l\u2019oggetto delle loro aspirazioni ed a concretizzare la loro volont\u00e0 scegliendo la struttura pi\u00f9 adatta:<\/span><\/p>\n<\/div><div class=\"fusion-clearfix\"><\/div><\/div><\/div><div class=\"fusion-layout-column fusion_builder_column fusion-builder-column-6 fusion_builder_column_1_2 1_2 fusion-one-half fusion-column-last\" style=\"width:48%;margin-top:0px;margin-bottom:20px;\"><div class=\"fusion-column-wrapper fusion-flex-column-wrapper-legacy\" style=\"background-position:left top;background-repeat:no-repeat;-webkit-background-size:cover;-moz-background-size:cover;-o-background-size:cover;background-size:cover;padding: 0px 0px 0px 0px;\"><div class=\"fusion-text fusion-text-4\"><p style=\"text-align: justify;\">costituzione di trust o fondazioni caritativi oppure organizzazione di eventi finalizzati alla raccolta di fondi.<\/p>\n<p style=\"text-align: justify;\">Una volta definito l&#8217;ambito, la Onyx &amp; Cie SA sostiene i propri clienti nella realizzazione concreta dei loro obiettivi e ne garantisce un controllo sistematico secondo l\u2019evoluzione della regolamentazione applicabile.<\/p>\n<p class=\"p1\" style=\"text-align: justify;\">In caso di progetti di grande portata a dimensione internazionale, il family office dispone di relazioni strette con esperti esterni e guida oculatamente i propri clienti nelle loro scelte.<\/p>\n<\/div><div class=\"fusion-clearfix\"><\/div><\/div><\/div><div class=\"fusion-layout-column fusion_builder_column fusion-builder-column-7 fusion_builder_column_1_1 1_1 fusion-one-full fusion-column-first fusion-column-last fusion-column-no-min-height\" style=\"margin-top:0px;margin-bottom:0px;\"><div class=\"fusion-column-wrapper fusion-flex-column-wrapper-legacy\" style=\"background-position:left top;background-repeat:no-repeat;-webkit-background-size:cover;-moz-background-size:cover;-o-background-size:cover;background-size:cover;padding: 0px 0px 0px 0px;\"><style type='text\/css'>.reading-box-container-1 .element-bottomshadow:before,.reading-box-container-1 .element-bottomshadow:after{opacity:0.7;}<\/style><div class=\"fusion-reading-box-container reading-box-container-1\" style=\"margin-top:0px;margin-bottom:84px;\"><div class=\"reading-box\" style=\"background-color:#f6f6f6;border-width:1px;border-color:#f6f6f6;border-top-width:3px;border-top-color:var(--primary_color);border-style:solid;\"><div class=\"reading-box-additional\">\n<h3 style=\"text-align: justify;\"><strong>\u201cPoich\u00e9 il futuro dei patrimoni di famiglia deve essere salvaguardato a lungo termine, la Onyx &amp; Cie SA vi assiste nella messa in opera di meccanismi finalizzati a garantire la durata nel tempo della vostra impresa. Siamo anche qualificati per accompagnarvi nei vostri progetti filantropici affinch\u00e9 la vostra generosit\u00e0 possa contribuire alla felicit\u00e0 degli altri ed alla vostra.\u201d<\/strong><\/h3>\n<\/div><div class=\"fusion-clearfix\"><\/div><\/div><\/div><div class=\"fusion-clearfix\"><\/div><\/div><\/div><\/div><style type=\"text\/css\">.fusion-fullwidth.fusion-builder-row-1 { overflow:visible; }<\/style><\/div>\n","protected":false},"excerpt":{"rendered":"","protected":false},"author":1,"featured_media":0,"parent":0,"menu_order":0,"comment_status":"open","ping_status":"open","template":"","meta":{"footnotes":""},"class_list":["post-1298","page","type-page","status-publish","hentry"],"yoast_head":"<!-- This site is optimized with the Yoast SEO plugin v26.8 - https:\/\/yoast.com\/product\/yoast-seo-wordpress\/ -->\n<title>Altri servizi - We are an independent family office<\/title>\n<meta name=\"robots\" content=\"index, follow, max-snippet:-1, max-image-preview:large, max-video-preview:-1\" \/>\n<link rel=\"canonical\" href=\"https:\/\/dev.onyx-cie.ch\/it\/altri-servizi\/\" \/>\n<meta property=\"og:locale\" content=\"it_IT\" \/>\n<meta property=\"og:type\" content=\"article\" \/>\n<meta property=\"og:title\" content=\"Altri servizi - We are an independent family office\" \/>\n<meta property=\"og:url\" content=\"https:\/\/dev.onyx-cie.ch\/it\/altri-servizi\/\" \/>\n<meta property=\"og:site_name\" content=\"We are an independent family office\" \/>\n<meta property=\"article:publisher\" content=\"https:\/\/www.facebook.com\/onyxcie\" \/>\n<meta property=\"article:modified_time\" content=\"2018-12-10T10:42:44+00:00\" \/>\n<meta name=\"twitter:card\" content=\"summary_large_image\" \/>\n<meta name=\"twitter:site\" content=\"@onyx_cie\" \/>\n<meta name=\"twitter:label1\" content=\"Tempo di lettura stimato\" \/>\n\t<meta name=\"twitter:data1\" content=\"7 minuti\" \/>\n<script type=\"application\/ld+json\" class=\"yoast-schema-graph\">{\"@context\":\"https:\/\/schema.org\",\"@graph\":[{\"@type\":\"WebPage\",\"@id\":\"https:\/\/dev.onyx-cie.ch\/it\/altri-servizi\/\",\"url\":\"https:\/\/dev.onyx-cie.ch\/it\/altri-servizi\/\",\"name\":\"Altri servizi - We are an independent family office\",\"isPartOf\":{\"@id\":\"https:\/\/dev.onyx-cie.ch\/#website\"},\"datePublished\":\"2016-04-06T08:50:55+00:00\",\"dateModified\":\"2018-12-10T10:42:44+00:00\",\"breadcrumb\":{\"@id\":\"https:\/\/dev.onyx-cie.ch\/it\/altri-servizi\/#breadcrumb\"},\"inLanguage\":\"it-IT\",\"potentialAction\":[{\"@type\":\"ReadAction\",\"target\":[\"https:\/\/dev.onyx-cie.ch\/it\/altri-servizi\/\"]}]},{\"@type\":\"BreadcrumbList\",\"@id\":\"https:\/\/dev.onyx-cie.ch\/it\/altri-servizi\/#breadcrumb\",\"itemListElement\":[{\"@type\":\"ListItem\",\"position\":1,\"name\":\"Accueil\",\"item\":\"https:\/\/dev.onyx-cie.ch\/it\/\"},{\"@type\":\"ListItem\",\"position\":2,\"name\":\"Altri servizi\"}]},{\"@type\":\"WebSite\",\"@id\":\"https:\/\/dev.onyx-cie.ch\/#website\",\"url\":\"https:\/\/dev.onyx-cie.ch\/\",\"name\":\"We are an independent family office\",\"description\":\"We have a presence in Europe, Asia and Oceania.\",\"potentialAction\":[{\"@type\":\"SearchAction\",\"target\":{\"@type\":\"EntryPoint\",\"urlTemplate\":\"https:\/\/dev.onyx-cie.ch\/?s={search_term_string}\"},\"query-input\":{\"@type\":\"PropertyValueSpecification\",\"valueRequired\":true,\"valueName\":\"search_term_string\"}}],\"inLanguage\":\"it-IT\"}]}<\/script>\n<!-- \/ Yoast SEO plugin. -->","yoast_head_json":{"title":"Altri servizi - We are an independent family office","robots":{"index":"index","follow":"follow","max-snippet":"max-snippet:-1","max-image-preview":"max-image-preview:large","max-video-preview":"max-video-preview:-1"},"canonical":"https:\/\/dev.onyx-cie.ch\/it\/altri-servizi\/","og_locale":"it_IT","og_type":"article","og_title":"Altri servizi - We are an independent family office","og_url":"https:\/\/dev.onyx-cie.ch\/it\/altri-servizi\/","og_site_name":"We are an independent family office","article_publisher":"https:\/\/www.facebook.com\/onyxcie","article_modified_time":"2018-12-10T10:42:44+00:00","twitter_card":"summary_large_image","twitter_site":"@onyx_cie","twitter_misc":{"Tempo di lettura stimato":"7 minuti"},"schema":{"@context":"https:\/\/schema.org","@graph":[{"@type":"WebPage","@id":"https:\/\/dev.onyx-cie.ch\/it\/altri-servizi\/","url":"https:\/\/dev.onyx-cie.ch\/it\/altri-servizi\/","name":"Altri servizi - We are an independent family office","isPartOf":{"@id":"https:\/\/dev.onyx-cie.ch\/#website"},"datePublished":"2016-04-06T08:50:55+00:00","dateModified":"2018-12-10T10:42:44+00:00","breadcrumb":{"@id":"https:\/\/dev.onyx-cie.ch\/it\/altri-servizi\/#breadcrumb"},"inLanguage":"it-IT","potentialAction":[{"@type":"ReadAction","target":["https:\/\/dev.onyx-cie.ch\/it\/altri-servizi\/"]}]},{"@type":"BreadcrumbList","@id":"https:\/\/dev.onyx-cie.ch\/it\/altri-servizi\/#breadcrumb","itemListElement":[{"@type":"ListItem","position":1,"name":"Accueil","item":"https:\/\/dev.onyx-cie.ch\/it\/"},{"@type":"ListItem","position":2,"name":"Altri servizi"}]},{"@type":"WebSite","@id":"https:\/\/dev.onyx-cie.ch\/#website","url":"https:\/\/dev.onyx-cie.ch\/","name":"We are an independent family office","description":"We have a presence in Europe, Asia and Oceania.","potentialAction":[{"@type":"SearchAction","target":{"@type":"EntryPoint","urlTemplate":"https:\/\/dev.onyx-cie.ch\/?s={search_term_string}"},"query-input":{"@type":"PropertyValueSpecification","valueRequired":true,"valueName":"search_term_string"}}],"inLanguage":"it-IT"}]}},"_links":{"self":[{"href":"https:\/\/dev.onyx-cie.ch\/it\/wp-json\/wp\/v2\/pages\/1298","targetHints":{"allow":["GET"]}}],"collection":[{"href":"https:\/\/dev.onyx-cie.ch\/it\/wp-json\/wp\/v2\/pages"}],"about":[{"href":"https:\/\/dev.onyx-cie.ch\/it\/wp-json\/wp\/v2\/types\/page"}],"author":[{"embeddable":true,"href":"https:\/\/dev.onyx-cie.ch\/it\/wp-json\/wp\/v2\/users\/1"}],"replies":[{"embeddable":true,"href":"https:\/\/dev.onyx-cie.ch\/it\/wp-json\/wp\/v2\/comments?post=1298"}],"version-history":[{"count":17,"href":"https:\/\/dev.onyx-cie.ch\/it\/wp-json\/wp\/v2\/pages\/1298\/revisions"}],"predecessor-version":[{"id":2893,"href":"https:\/\/dev.onyx-cie.ch\/it\/wp-json\/wp\/v2\/pages\/1298\/revisions\/2893"}],"wp:attachment":[{"href":"https:\/\/dev.onyx-cie.ch\/it\/wp-json\/wp\/v2\/media?parent=1298"}],"curies":[{"name":"wp","href":"https:\/\/api.w.org\/{rel}","templated":true}]}}