{"id":1291,"date":"2016-04-05T16:58:17","date_gmt":"2016-04-05T15:58:17","guid":{"rendered":"https:\/\/dev.onyx-cie.ch\/dev?page_id=1291"},"modified":"2018-12-07T10:08:42","modified_gmt":"2018-12-07T09:08:42","slug":"supporto-nella-gestione-corrente","status":"publish","type":"page","link":"https:\/\/dev.onyx-cie.ch\/it\/supporto-nella-gestione-corrente\/","title":{"rendered":"Supporto nella gestione corrente"},"content":{"rendered":"<div class=\"fusion-fullwidth fullwidth-box fusion-builder-row-1 hundred-percent-fullwidth non-hundred-percent-height-scrolling\" style=\"background-color: rgba(255,255,255,0);background-position: center center;background-repeat: no-repeat;padding-top:0px;padding-right:0px;padding-bottom:0px;padding-left:0px;margin-bottom: 0px;margin-top: 0px;border-width: 0px 0px 0px 0px;border-color:#eae9e9;border-style:solid;\" ><div class=\"fusion-builder-row fusion-row\"><div class=\"fusion-layout-column fusion_builder_column fusion-builder-column-0 fusion_builder_column_1_1 1_1 fusion-one-full fusion-column-first fusion-column-last fusion-column-no-min-height\" style=\"margin-top:0px;margin-bottom:0px;\"><div class=\"fusion-column-wrapper fusion-flex-column-wrapper-legacy\" style=\"background-position:left top;background-repeat:no-repeat;-webkit-background-size:cover;-moz-background-size:cover;-o-background-size:cover;background-size:cover;padding: 0px 0px 0px 0px;\"><style type=\"text\/css\"><\/style><div class=\"fusion-title title fusion-title-1 fusion-title-text fusion-title-size-one\" style=\"margin-top:0px;margin-right:0px;margin-bottom:31px;margin-left:0px;\"><h1 class=\"title-heading-left\" style=\"margin:0;\">Supporto nella gestione corrente<\/h1><div class=\"title-sep-container\"><div class=\"title-sep sep-single sep-solid\" style=\"border-color:#e0dede;\"><\/div><\/div><\/div><div class=\"fusion-builder-row fusion-builder-row-inner fusion-row\"><div class=\"fusion-layout-column fusion_builder_column_inner fusion-builder-nested-column-0 fusion_builder_column_inner_1_2 1_2 fusion-one-half fusion-column-first\" style=\"width:48%; margin-right: 4%;margin-top:0px;margin-bottom:20px;\"><div class=\"fusion-column-wrapper fusion-flex-column-wrapper-legacy\" style=\"background-position:left top;background-repeat:no-repeat;-webkit-background-size:cover;-moz-background-size:cover;-o-background-size:cover;background-size:cover;padding: 0px 0px 0px 0px;\"><div class=\"fusion-text fusion-text-1\"><p style=\"text-align: justify;\">Scegliendo Onyx &amp; Cie SA, le famiglie hanno pi\u00f9 tempo da dedicare all\u2019essenziale, vale a dire alla gestione della loro impresa o, pi\u00f9 semplicemente, alla loro vita privata. Il nostro dipartimento dedicato prende in carico tutti i loro affari personali, anche i pi\u00f9 complessi.<\/p>\n<p style=\"text-align: justify;\">Liberatevi dagli obblighi del quotidiano: che si tratti della gestione del personale e delle residenze, del trattamento della corrispondenza, della preparazione delle dichiarazioni dei redditi o della tenuta della contabilit\u00e0 privata, coordiniamo gli interessi dei nostri clienti con reattivit\u00e0 e capacit\u00e0 di anticipazione.<\/p>\n<div class=\"fusion-text fusion-text-1\"><\/div>\n<\/div><span class=\" fusion-imageframe imageframe-none imageframe-1 hover-type-none\"><a href=\"https:\/\/dev.onyx-cie.ch\/wp-content\/uploads\/2016\/04\/ASSIST-PERSO-GRAPH-FINAL-IT1.jpg\" class=\"fusion-lightbox\" data-rel=\"iLightbox[ad204ebcebdf32259de]\"><img decoding=\"async\" width=\"850\" height=\"808\" src=\"https:\/\/dev.onyx-cie.ch\/wp-content\/uploads\/2016\/04\/ASSIST-PERSO-GRAPH-FINAL-IT1.jpg\" class=\"img-responsive wp-image-1387\" srcset=\"https:\/\/dev.onyx-cie.ch\/wp-content\/uploads\/2016\/04\/ASSIST-PERSO-GRAPH-FINAL-IT1-52x50.jpg 52w, https:\/\/dev.onyx-cie.ch\/wp-content\/uploads\/2016\/04\/ASSIST-PERSO-GRAPH-FINAL-IT1-300x285.jpg 300w, https:\/\/dev.onyx-cie.ch\/wp-content\/uploads\/2016\/04\/ASSIST-PERSO-GRAPH-FINAL-IT1.jpg 850w\" sizes=\"(max-width: 850px) 100vw, 850px\" \/><\/a><\/span><div class=\"fusion-clearfix\"><\/div><\/div><\/div><div class=\"fusion-layout-column fusion_builder_column_inner fusion-builder-nested-column-1 fusion_builder_column_inner_1_2 1_2 fusion-one-half fusion-column-last\" style=\"width:48%;margin-top:0px;margin-bottom:20px;\"><div class=\"fusion-column-wrapper fusion-flex-column-wrapper-legacy\" style=\"background-position:left top;background-repeat:no-repeat;-webkit-background-size:cover;-moz-background-size:cover;-o-background-size:cover;background-size:cover;padding: 0px 0px 0px 0px;\"><div class=\"fusion-text fusion-text-3\"><p><strong>La nostra offerta si articola attorno ai seguenti servizi principali:<\/strong><\/p>\n<\/div><div class=\"fusion-sep-clear\"><\/div><div class=\"fusion-separator fusion-full-width-sep\" style=\"margin-left: auto;margin-right: auto;margin-top:9px;margin-bottom:1px;width:100%;\"><div class=\"fusion-separator-border sep-single sep-solid\" style=\"border-color:#e0dede;border-top-width:1px;\"><\/div><\/div><div class=\"fusion-sep-clear\"><\/div><style type=\"text\/css\">.fusion-accordian  #accordion-1291-1 .panel-title a .fa-fusion-box{ color: #ffffff;}.fusion-accordian  #accordion-1291-1 .panel-title a .fa-fusion-box:before{ font-size: 13px; width: 13px;}.fusion-accordian  #accordion-1291-1 .panel-title a{font-size:18px;}.fusion-accordian  #accordion-1291-1 .fa-fusion-box { background-color: #333333;border-color: #333333;}.fusion-accordian  #accordion-1291-1 .panel-title a:hover, #accordion-1291-1 .fusion-toggle-boxed-mode:hover .panel-title a { color: #27318d;}.fusion-accordian  #accordion-1291-1 .panel-title .active .fa-fusion-box,.fusion-accordian  #accordion-1291-1 .panel-title a:hover .fa-fusion-box { background-color: #27318d!important;border-color: #27318d!important;}<\/style><div class=\"accordian fusion-accordian\"><div class=\"panel-group\" id=\"accordion-1291-1\"><div class=\"fusion-panel panel-default\"><div class=\"panel-heading\"><h4 class=\"panel-title toggle\"><a aria-expanded=\"false\" aria-controls=\"39216407736bacac4\" role=\"button\" data-toggle=\"collapse\" data-parent=\"#accordion-1291-1\" data-target=\"#39216407736bacac4\" href=\"#39216407736bacac4\"><span class=\"fusion-toggle-icon-wrapper\" aria-hidden=\"true\"><i class=\"fa-fusion-box\" aria-hidden=\"true\"><\/i><\/span><span class=\"fusion-toggle-heading\">Contabilit\u00e0 e reporting personalizzati<\/span><\/a><\/h4><\/div><div id=\"39216407736bacac4\" class=\"panel-collapse collapse \"><div class=\"panel-body toggle-content fusion-clearfix\">\n<ul>\n<li>Tenuta della contabilit\u00e0 privata.<\/li>\n<li>Dichiarazioni dei redditi e controllo delle scadenze.<\/li>\n<li>Consolidamento del patrimonio.<\/li>\n<li>Costituzione e monitoraggio dei budget di liquidit\u00e0.<\/li>\n<li>Controllo delle spese e delle performance.<\/li>\n<li>Verifica ed archiviazione delle fatture.<\/li>\n<li>Preparazione di risposte alle lettere.<\/li>\n<li>Raccolta ed archiviazione dei documenti amministrativi.<\/li>\n<\/ul>\n<\/div><\/div><\/div><div class=\"fusion-panel panel-default\"><div class=\"panel-heading\"><h4 class=\"panel-title toggle\"><a aria-expanded=\"false\" aria-controls=\"3a23986591d55fefe\" role=\"button\" data-toggle=\"collapse\" data-parent=\"#accordion-1291-1\" data-target=\"#3a23986591d55fefe\" href=\"#3a23986591d55fefe\"><span class=\"fusion-toggle-icon-wrapper\" aria-hidden=\"true\"><i class=\"fa-fusion-box\" aria-hidden=\"true\"><\/i><\/span><span class=\"fusion-toggle-heading\">Servizi giuridici completi<\/span><\/a><\/h4><\/div><div id=\"3a23986591d55fefe\" class=\"panel-collapse collapse \"><div class=\"panel-body toggle-content fusion-clearfix\"><a title=\"Croce &amp; Associ\u00e9s SA\" href=\"http:\/\/croce-associes.ch\/\">www.croce-associes.ch<\/a><\/p>\n<ul>\n<li>Costituzione e ridomiciliazione di societ\u00e0.<\/li>\n<li>Consulenza in materia fiscale e di successioni.<\/li>\n<li>Preparazione di contratti commerciali.<\/li>\n<li>Contenziosi (diritto di famiglia, diritto commerciale, leggi sulla locazione, procedure di fronte al Tribunale del lavoro, infrazioni al codice della strada, imposte, ecc.) e recupero crediti.<\/li>\n<\/ul>\n<\/div><\/div><\/div><div class=\"fusion-panel panel-default\"><div class=\"panel-heading\"><h4 class=\"panel-title toggle\"><a aria-expanded=\"false\" aria-controls=\"a72f85a33db5cb404\" role=\"button\" data-toggle=\"collapse\" data-parent=\"#accordion-1291-1\" data-target=\"#a72f85a33db5cb404\" href=\"#a72f85a33db5cb404\"><span class=\"fusion-toggle-icon-wrapper\" aria-hidden=\"true\"><i class=\"fa-fusion-box\" aria-hidden=\"true\"><\/i><\/span><span class=\"fusion-toggle-heading\">Servizi di concierge<\/span><\/a><\/h4><\/div><div id=\"a72f85a33db5cb404\" class=\"panel-collapse collapse \"><div class=\"panel-body toggle-content fusion-clearfix\">\n<ul>\n<li>Prenotazioni di alberghi, di viaggi.<\/li>\n<li>Tasse scolastiche, assistenza ai bambini.<\/li>\n<li>Trattamenti medici e cure in Svizzera.<\/li>\n<li>Trasloco e trasporto di mobilio.<\/li>\n<\/ul>\n<\/div><\/div><\/div><div class=\"fusion-panel panel-default\"><div class=\"panel-heading\"><h4 class=\"panel-title toggle\"><a aria-expanded=\"false\" aria-controls=\"868377c08f9c03320\" role=\"button\" data-toggle=\"collapse\" data-parent=\"#accordion-1291-1\" data-target=\"#868377c08f9c03320\" href=\"#868377c08f9c03320\"><span class=\"fusion-toggle-icon-wrapper\" aria-hidden=\"true\"><i class=\"fa-fusion-box\" aria-hidden=\"true\"><\/i><\/span><span class=\"fusion-toggle-heading\">Amministrazione di attivi<\/span><\/a><\/h4><\/div><div id=\"868377c08f9c03320\" class=\"panel-collapse collapse \"><div class=\"panel-body toggle-content fusion-clearfix\">\n<ul>\n<li>Amministrazione di propriet\u00e0 immobiliari.<\/li>\n<li>Gestione di imbarcazioni, aerei e veicoli.<\/li>\n<li>Acquisto, vendita e gestione di oggetti d\u2019arte ed antichit\u00e0.<\/li>\n<\/ul>\n<\/div><\/div><\/div><div class=\"fusion-panel panel-default\"><div class=\"panel-heading\"><h4 class=\"panel-title toggle\"><a aria-expanded=\"false\" aria-controls=\"700c06567e50eae74\" role=\"button\" data-toggle=\"collapse\" data-parent=\"#accordion-1291-1\" data-target=\"#700c06567e50eae74\" href=\"#700c06567e50eae74\"><span class=\"fusion-toggle-icon-wrapper\" aria-hidden=\"true\"><i class=\"fa-fusion-box\" aria-hidden=\"true\"><\/i><\/span><span class=\"fusion-toggle-heading\">Rapporti bancari<\/span><\/a><\/h4><\/div><div id=\"700c06567e50eae74\" class=\"panel-collapse collapse \"><div class=\"panel-body toggle-content fusion-clearfix\">\n<ul>\n<li>Apertura di conti.<\/li>\n<li>Gestione della liquidit\u00e0.<\/li>\n<li>Archivio degli estratti conto bancari.<\/li>\n<li>Esecuzione di operazioni bancarie.<\/li>\n<li>Consolidamento e ristrutturazione di prestiti.<\/li>\n<\/ul>\n<\/div><\/div><\/div><div class=\"fusion-panel panel-default\"><div class=\"panel-heading\"><h4 class=\"panel-title toggle\"><a aria-expanded=\"false\" aria-controls=\"446cfd70d0628dc0a\" role=\"button\" data-toggle=\"collapse\" data-parent=\"#accordion-1291-1\" data-target=\"#446cfd70d0628dc0a\" href=\"#446cfd70d0628dc0a\"><span class=\"fusion-toggle-icon-wrapper\" aria-hidden=\"true\"><i class=\"fa-fusion-box\" aria-hidden=\"true\"><\/i><\/span><span class=\"fusion-toggle-heading\">Assicurazioni<\/span><\/a><\/h4><\/div><div id=\"446cfd70d0628dc0a\" class=\"panel-collapse collapse \"><div class=\"panel-body toggle-content fusion-clearfix\">\n<ul>\n<li>Audit di portafogli.<\/li>\n<li>Assicurazione di beni (immobili, veicoli, quadri, ecc.).<\/li>\n<li>Assicurazioni sulla vita ed altre polizze sulla persona.<\/li>\n<\/ul>\n<\/div><\/div><\/div><\/div><\/div><div class=\"fusion-clearfix\"><\/div><\/div><\/div><\/div><div class=\"fusion-clearfix\"><\/div><\/div><\/div><\/div><style type=\"text\/css\">.fusion-fullwidth.fusion-builder-row-1 { overflow:visible; }<\/style><\/div>\n","protected":false},"excerpt":{"rendered":"","protected":false},"author":1,"featured_media":0,"parent":0,"menu_order":0,"comment_status":"open","ping_status":"open","template":"","meta":{"footnotes":""},"class_list":["post-1291","page","type-page","status-publish","hentry"],"yoast_head":"<!-- This site is optimized with the Yoast SEO plugin v26.8 - https:\/\/yoast.com\/product\/yoast-seo-wordpress\/ -->\n<title>Supporto nella gestione corrente - We are an independent family office<\/title>\n<meta name=\"robots\" content=\"index, follow, max-snippet:-1, max-image-preview:large, max-video-preview:-1\" \/>\n<link rel=\"canonical\" href=\"https:\/\/dev.onyx-cie.ch\/it\/supporto-nella-gestione-corrente\/\" \/>\n<meta property=\"og:locale\" content=\"it_IT\" \/>\n<meta property=\"og:type\" content=\"article\" \/>\n<meta property=\"og:title\" content=\"Supporto nella gestione corrente - We are an independent family office\" \/>\n<meta property=\"og:url\" content=\"https:\/\/dev.onyx-cie.ch\/it\/supporto-nella-gestione-corrente\/\" \/>\n<meta property=\"og:site_name\" content=\"We are an independent family office\" \/>\n<meta property=\"article:publisher\" content=\"https:\/\/www.facebook.com\/onyxcie\" \/>\n<meta property=\"article:modified_time\" content=\"2018-12-07T09:08:42+00:00\" \/>\n<meta property=\"og:image\" content=\"https:\/\/dev.onyx-cie.ch\/wp-content\/uploads\/2016\/04\/ASSIST-PERSO-GRAPH-FINAL-IT1.jpg\" \/>\n<meta name=\"twitter:card\" content=\"summary_large_image\" \/>\n<meta name=\"twitter:site\" content=\"@onyx_cie\" \/>\n<meta name=\"twitter:label1\" content=\"Tempo di lettura stimato\" \/>\n\t<meta name=\"twitter:data1\" content=\"3 minuti\" \/>\n<script type=\"application\/ld+json\" class=\"yoast-schema-graph\">{\"@context\":\"https:\/\/schema.org\",\"@graph\":[{\"@type\":\"WebPage\",\"@id\":\"https:\/\/dev.onyx-cie.ch\/it\/supporto-nella-gestione-corrente\/\",\"url\":\"https:\/\/dev.onyx-cie.ch\/it\/supporto-nella-gestione-corrente\/\",\"name\":\"Supporto nella gestione corrente - We are an independent family office\",\"isPartOf\":{\"@id\":\"https:\/\/dev.onyx-cie.ch\/#website\"},\"primaryImageOfPage\":{\"@id\":\"https:\/\/dev.onyx-cie.ch\/it\/supporto-nella-gestione-corrente\/#primaryimage\"},\"image\":{\"@id\":\"https:\/\/dev.onyx-cie.ch\/it\/supporto-nella-gestione-corrente\/#primaryimage\"},\"thumbnailUrl\":\"https:\/\/dev.onyx-cie.ch\/wp-content\/uploads\/2016\/04\/ASSIST-PERSO-GRAPH-FINAL-IT1.jpg\",\"datePublished\":\"2016-04-05T15:58:17+00:00\",\"dateModified\":\"2018-12-07T09:08:42+00:00\",\"breadcrumb\":{\"@id\":\"https:\/\/dev.onyx-cie.ch\/it\/supporto-nella-gestione-corrente\/#breadcrumb\"},\"inLanguage\":\"it-IT\",\"potentialAction\":[{\"@type\":\"ReadAction\",\"target\":[\"https:\/\/dev.onyx-cie.ch\/it\/supporto-nella-gestione-corrente\/\"]}]},{\"@type\":\"ImageObject\",\"inLanguage\":\"it-IT\",\"@id\":\"https:\/\/dev.onyx-cie.ch\/it\/supporto-nella-gestione-corrente\/#primaryimage\",\"url\":\"https:\/\/dev.onyx-cie.ch\/wp-content\/uploads\/2016\/04\/ASSIST-PERSO-GRAPH-FINAL-IT1.jpg\",\"contentUrl\":\"https:\/\/dev.onyx-cie.ch\/wp-content\/uploads\/2016\/04\/ASSIST-PERSO-GRAPH-FINAL-IT1.jpg\"},{\"@type\":\"BreadcrumbList\",\"@id\":\"https:\/\/dev.onyx-cie.ch\/it\/supporto-nella-gestione-corrente\/#breadcrumb\",\"itemListElement\":[{\"@type\":\"ListItem\",\"position\":1,\"name\":\"Accueil\",\"item\":\"https:\/\/dev.onyx-cie.ch\/it\/\"},{\"@type\":\"ListItem\",\"position\":2,\"name\":\"Supporto nella gestione corrente\"}]},{\"@type\":\"WebSite\",\"@id\":\"https:\/\/dev.onyx-cie.ch\/#website\",\"url\":\"https:\/\/dev.onyx-cie.ch\/\",\"name\":\"We are an independent family office\",\"description\":\"We have a presence in Europe, Asia and Oceania.\",\"potentialAction\":[{\"@type\":\"SearchAction\",\"target\":{\"@type\":\"EntryPoint\",\"urlTemplate\":\"https:\/\/dev.onyx-cie.ch\/?s={search_term_string}\"},\"query-input\":{\"@type\":\"PropertyValueSpecification\",\"valueRequired\":true,\"valueName\":\"search_term_string\"}}],\"inLanguage\":\"it-IT\"}]}<\/script>\n<!-- \/ Yoast SEO plugin. -->","yoast_head_json":{"title":"Supporto nella gestione corrente - We are an independent family office","robots":{"index":"index","follow":"follow","max-snippet":"max-snippet:-1","max-image-preview":"max-image-preview:large","max-video-preview":"max-video-preview:-1"},"canonical":"https:\/\/dev.onyx-cie.ch\/it\/supporto-nella-gestione-corrente\/","og_locale":"it_IT","og_type":"article","og_title":"Supporto nella gestione corrente - We are an independent family office","og_url":"https:\/\/dev.onyx-cie.ch\/it\/supporto-nella-gestione-corrente\/","og_site_name":"We are an independent family office","article_publisher":"https:\/\/www.facebook.com\/onyxcie","article_modified_time":"2018-12-07T09:08:42+00:00","og_image":[{"url":"https:\/\/dev.onyx-cie.ch\/wp-content\/uploads\/2016\/04\/ASSIST-PERSO-GRAPH-FINAL-IT1.jpg","type":"","width":"","height":""}],"twitter_card":"summary_large_image","twitter_site":"@onyx_cie","twitter_misc":{"Tempo di lettura stimato":"3 minuti"},"schema":{"@context":"https:\/\/schema.org","@graph":[{"@type":"WebPage","@id":"https:\/\/dev.onyx-cie.ch\/it\/supporto-nella-gestione-corrente\/","url":"https:\/\/dev.onyx-cie.ch\/it\/supporto-nella-gestione-corrente\/","name":"Supporto nella gestione corrente - We are an independent family office","isPartOf":{"@id":"https:\/\/dev.onyx-cie.ch\/#website"},"primaryImageOfPage":{"@id":"https:\/\/dev.onyx-cie.ch\/it\/supporto-nella-gestione-corrente\/#primaryimage"},"image":{"@id":"https:\/\/dev.onyx-cie.ch\/it\/supporto-nella-gestione-corrente\/#primaryimage"},"thumbnailUrl":"https:\/\/dev.onyx-cie.ch\/wp-content\/uploads\/2016\/04\/ASSIST-PERSO-GRAPH-FINAL-IT1.jpg","datePublished":"2016-04-05T15:58:17+00:00","dateModified":"2018-12-07T09:08:42+00:00","breadcrumb":{"@id":"https:\/\/dev.onyx-cie.ch\/it\/supporto-nella-gestione-corrente\/#breadcrumb"},"inLanguage":"it-IT","potentialAction":[{"@type":"ReadAction","target":["https:\/\/dev.onyx-cie.ch\/it\/supporto-nella-gestione-corrente\/"]}]},{"@type":"ImageObject","inLanguage":"it-IT","@id":"https:\/\/dev.onyx-cie.ch\/it\/supporto-nella-gestione-corrente\/#primaryimage","url":"https:\/\/dev.onyx-cie.ch\/wp-content\/uploads\/2016\/04\/ASSIST-PERSO-GRAPH-FINAL-IT1.jpg","contentUrl":"https:\/\/dev.onyx-cie.ch\/wp-content\/uploads\/2016\/04\/ASSIST-PERSO-GRAPH-FINAL-IT1.jpg"},{"@type":"BreadcrumbList","@id":"https:\/\/dev.onyx-cie.ch\/it\/supporto-nella-gestione-corrente\/#breadcrumb","itemListElement":[{"@type":"ListItem","position":1,"name":"Accueil","item":"https:\/\/dev.onyx-cie.ch\/it\/"},{"@type":"ListItem","position":2,"name":"Supporto nella gestione corrente"}]},{"@type":"WebSite","@id":"https:\/\/dev.onyx-cie.ch\/#website","url":"https:\/\/dev.onyx-cie.ch\/","name":"We are an independent family office","description":"We have a presence in Europe, Asia and Oceania.","potentialAction":[{"@type":"SearchAction","target":{"@type":"EntryPoint","urlTemplate":"https:\/\/dev.onyx-cie.ch\/?s={search_term_string}"},"query-input":{"@type":"PropertyValueSpecification","valueRequired":true,"valueName":"search_term_string"}}],"inLanguage":"it-IT"}]}},"_links":{"self":[{"href":"https:\/\/dev.onyx-cie.ch\/it\/wp-json\/wp\/v2\/pages\/1291","targetHints":{"allow":["GET"]}}],"collection":[{"href":"https:\/\/dev.onyx-cie.ch\/it\/wp-json\/wp\/v2\/pages"}],"about":[{"href":"https:\/\/dev.onyx-cie.ch\/it\/wp-json\/wp\/v2\/types\/page"}],"author":[{"embeddable":true,"href":"https:\/\/dev.onyx-cie.ch\/it\/wp-json\/wp\/v2\/users\/1"}],"replies":[{"embeddable":true,"href":"https:\/\/dev.onyx-cie.ch\/it\/wp-json\/wp\/v2\/comments?post=1291"}],"version-history":[{"count":18,"href":"https:\/\/dev.onyx-cie.ch\/it\/wp-json\/wp\/v2\/pages\/1291\/revisions"}],"predecessor-version":[{"id":2159,"href":"https:\/\/dev.onyx-cie.ch\/it\/wp-json\/wp\/v2\/pages\/1291\/revisions\/2159"}],"wp:attachment":[{"href":"https:\/\/dev.onyx-cie.ch\/it\/wp-json\/wp\/v2\/media?parent=1291"}],"curies":[{"name":"wp","href":"https:\/\/api.w.org\/{rel}","templated":true}]}}