{"id":1281,"date":"2016-04-05T16:21:13","date_gmt":"2016-04-05T15:21:13","guid":{"rendered":"https:\/\/dev.onyx-cie.ch\/dev?page_id=1281"},"modified":"2018-12-07T10:08:42","modified_gmt":"2018-12-07T09:08:42","slug":"planification-patrimoniale","status":"publish","type":"page","link":"https:\/\/dev.onyx-cie.ch\/it\/planification-patrimoniale\/","title":{"rendered":"Pianificazione patrimoniale"},"content":{"rendered":"<div class=\"fusion-fullwidth fullwidth-box fusion-builder-row-1 hundred-percent-fullwidth non-hundred-percent-height-scrolling\" style=\"background-color: rgba(255,255,255,0);background-position: center center;background-repeat: no-repeat;padding-top:0px;padding-right:0px;padding-bottom:0px;padding-left:0px;margin-bottom: 0px;margin-top: 0px;border-width: 0px 0px 0px 0px;border-color:#eae9e9;border-style:solid;\" ><div class=\"fusion-builder-row fusion-row\"><div class=\"fusion-layout-column fusion_builder_column fusion-builder-column-0 fusion_builder_column_1_1 1_1 fusion-one-full fusion-column-first fusion-column-last fusion-column-no-min-height\" style=\"margin-top:0px;margin-bottom:0px;\"><div class=\"fusion-column-wrapper fusion-flex-column-wrapper-legacy\" style=\"background-position:left top;background-repeat:no-repeat;-webkit-background-size:cover;-moz-background-size:cover;-o-background-size:cover;background-size:cover;padding: 0px 0px 0px 0px;\"><style type=\"text\/css\"><\/style><div class=\"fusion-title title fusion-title-1 fusion-title-text fusion-title-size-one\" style=\"margin-top:0px;margin-right:0px;margin-bottom:31px;margin-left:0px;\"><h1 class=\"title-heading-left\" style=\"margin:0;\">Pianificazione patrimoniale<\/h1><div class=\"title-sep-container\"><div class=\"title-sep sep-single sep-solid\" style=\"border-color:#e0dede;\"><\/div><\/div><\/div><div class=\"fusion-builder-row fusion-builder-row-inner fusion-row\"><div class=\"fusion-layout-column fusion_builder_column_inner fusion-builder-nested-column-0 fusion_builder_column_inner_1_2 1_2 fusion-one-half fusion-column-first\" style=\"width:48%; margin-right: 4%;margin-top:0px;margin-bottom:20px;\"><div class=\"fusion-column-wrapper fusion-flex-column-wrapper-legacy\" style=\"background-position:left top;background-repeat:no-repeat;-webkit-background-size:cover;-moz-background-size:cover;-o-background-size:cover;background-size:cover;padding: 0px 0px 0px 0px;\"><div class=\"fusion-text fusion-text-1\"><p style=\"text-align: justify;\">Un buon family office si distingue per la sua capacit\u00e0 di salvaguardare e di accrescere la ricchezza delle famiglie che gli hanno affidato la gestione del proprio patrimonio.<\/p>\n<p style=\"text-align: justify;\">Conflitti tra coniugi, blocco degli attivi nel quadro di una successione, instabilit\u00e0 politica ed economica in alcuni paesi, regime fiscale persecutorio, perdita di controllo dell\u2019impresa di famiglia, insicurezza ed attacchi alla vita privata, sono solo alcuni esempi delle minacce suscettibili di mettere in pericolo un patrimonio familiare.<\/p>\n<p style=\"text-align: justify;\">La Onyx &amp; Cie SA aiuta i propri clienti a minimizzare questi rischi salvaguardando al tempo stesso la loro ricchezza per le generazioni seguenti.<\/p>\n<p class=\"p1\" style=\"text-align: justify;\">Che sia attraverso la costituzione di <a href=\"http:\/\/croce-associes.co.nz\/les-trusts\/?lang=it\" target=\"_blank\" rel=\"noopener\">trust<\/a>, di f<a href=\"http:\/\/croce-associes.co.nz\/les-fondations\/?lang=it\" target=\"_blank\" rel=\"noopener\">ondazioni di famiglia<\/a>, di <a href=\"http:\/\/croce-associes.co.nz\/les-services\/?lang=it\" target=\"_blank\" rel=\"noopener\">fondi di investimento<\/a> o di <a href=\"http:\/\/croce-associes.co.nz\/les-services\/?lang=it\" target=\"_blank\" rel=\"noopener\">societ\u00e0 di holding<\/a>, tramite la <a href=\"http:\/\/croce-associes.ch\/attivita\/clientela-privata\/\" target=\"_blank\" rel=\"noopener\">stesura di contratti di matrimonio<\/a> o di <a href=\"http:\/\/croce-associes.ch\/attivita\/clientela-privata\/\" target=\"_blank\" rel=\"noopener\">costituzioni familiari<\/a>,<\/p>\n<p class=\"p1\" style=\"text-align: justify;\"><span style=\"color: #ffffff;\">.<\/span><\/p>\n<\/div><div class=\"fusion-clearfix\"><\/div><\/div><\/div><div class=\"fusion-layout-column fusion_builder_column_inner fusion-builder-nested-column-1 fusion_builder_column_inner_1_2 1_2 fusion-one-half fusion-column-last\" style=\"width:48%;margin-top:0px;margin-bottom:20px;\"><div class=\"fusion-column-wrapper fusion-flex-column-wrapper-legacy\" style=\"background-position:left top;background-repeat:no-repeat;-webkit-background-size:cover;-moz-background-size:cover;-o-background-size:cover;background-size:cover;padding: 0px 0px 0px 0px;\"><div class=\"fusion-text fusion-text-2\"><p style=\"text-align: justify;\">tramite la sottoscrizione <a href=\"http:\/\/croce-associes.ch\/attivita\/clientela-privata\/\" target=\"_blank\" rel=\"noopener\">di polizze vita o tramite la delocalizzazione internazionale<\/a> verso paesi fiscalmente pi\u00f9 vantaggiosi, la societ\u00e0 si impegna al massimo per assistere i propri clienti nel mettere al sicuro e nell\u2019organizzare il loro patrimonio ed i loro investimenti.<\/p>\n<p style=\"text-align: justify;\">Dopo aver effettuato un bilancio patrimoniale, la Onyx &amp; Cie SA determina, in stretta collaborazione con la propria clientela e le filiali del gruppo, quale sia la formula migliore di possesso dei beni alla luce delle evoluzioni personali, economiche, legislative e fiscali.<\/p>\n<p style=\"text-align: justify;\">Poich\u00e9 ogni cliente \u00e8 unico, ci sforziamo di trovare soluzioni personalizzate per creare valore insieme.<\/p>\n<p class=\"p1\" style=\"text-align: justify;\">La Onyx &amp; Cie SA redige inoltre dei rapporti mensili di attivit\u00e0 per far s\u00ec che i propri clienti siano sempre informati e certi che i loro beni sono in buone mani.<\/p>\n<\/div><div class=\"fusion-clearfix\"><\/div><\/div><\/div><\/div><div class=\"fusion-clearfix\"><\/div><\/div><\/div><div class=\"fusion-layout-column fusion_builder_column fusion-builder-column-1 fusion_builder_column_1_1 1_1 fusion-one-full fusion-column-first fusion-column-last fusion-column-no-min-height\" style=\"margin-top:0px;margin-bottom:0px;\"><div class=\"fusion-column-wrapper fusion-flex-column-wrapper-legacy\" style=\"background-position:left top;background-repeat:no-repeat;-webkit-background-size:cover;-moz-background-size:cover;-o-background-size:cover;background-size:cover;padding: 0px 0px 0px 0px;\"><div class=\"fusion-sep-clear\"><\/div><div class=\"fusion-separator fusion-full-width-sep\" style=\"margin-left: auto;margin-right: auto;margin-bottom:47px;width:100%;\"><div class=\"fusion-separator-border sep-single sep-solid\" style=\"border-color:#e0dede;border-top-width:1px;\"><\/div><\/div><div class=\"fusion-sep-clear\"><\/div><div class=\"fusion-clearfix\"><\/div><\/div><\/div><div class=\"fusion-layout-column fusion_builder_column fusion-builder-column-2 fusion_builder_column_1_1 1_1 fusion-one-full fusion-column-first fusion-column-last fusion-column-no-min-height\" style=\"margin-top:0px;margin-bottom:0px;\"><div class=\"fusion-column-wrapper fusion-flex-column-wrapper-legacy\" style=\"background-position:left top;background-repeat:no-repeat;-webkit-background-size:cover;-moz-background-size:cover;-o-background-size:cover;background-size:cover;padding: 0px 0px 0px 0px;\"><style type='text\/css'>.reading-box-container-1 .element-bottomshadow:before,.reading-box-container-1 .element-bottomshadow:after{opacity:0.7;}<\/style><div class=\"fusion-reading-box-container reading-box-container-1\" style=\"margin-top:0px;margin-bottom:84px;\"><div class=\"reading-box\" style=\"background-color:#f6f6f6;border-width:1px;border-color:#f6f6f6;border-top-width:3px;border-top-color:var(--primary_color);border-style:solid;\"><div class=\"reading-box-additional\">\n<h3 style=\"text-align: justify;\"><strong>\u201cPoich\u00e9 la vita \u00e8 costellata di imprevisti e pu\u00f2 essere tumultuosa, la Onyx &amp; Cie SA aiuta le famiglie sue clienti a realizzare delle strutture flessibili e durature per proteggere il loro patrimonio ed assicurare una tranquilla trasmissione dei beni alle generazioni successive.\u201d<\/strong><\/h3>\n<\/div><div class=\"fusion-clearfix\"><\/div><\/div><\/div><div class=\"fusion-clearfix\"><\/div><\/div><\/div><\/div><style type=\"text\/css\">.fusion-fullwidth.fusion-builder-row-1 { overflow:visible; }<\/style><\/div>\n","protected":false},"excerpt":{"rendered":"","protected":false},"author":1,"featured_media":0,"parent":0,"menu_order":0,"comment_status":"open","ping_status":"open","template":"","meta":{"footnotes":""},"class_list":["post-1281","page","type-page","status-publish","hentry"],"yoast_head":"<!-- This site is optimized with the Yoast SEO plugin v26.8 - https:\/\/yoast.com\/product\/yoast-seo-wordpress\/ -->\n<title>Pianificazione patrimoniale - We are an independent family office<\/title>\n<meta name=\"robots\" content=\"index, follow, max-snippet:-1, max-image-preview:large, max-video-preview:-1\" \/>\n<link rel=\"canonical\" href=\"https:\/\/dev.onyx-cie.ch\/it\/planification-patrimoniale\/\" \/>\n<meta property=\"og:locale\" content=\"it_IT\" \/>\n<meta property=\"og:type\" content=\"article\" \/>\n<meta property=\"og:title\" content=\"Pianificazione patrimoniale - We are an independent family office\" \/>\n<meta property=\"og:url\" content=\"https:\/\/dev.onyx-cie.ch\/it\/planification-patrimoniale\/\" \/>\n<meta property=\"og:site_name\" content=\"We are an independent family office\" \/>\n<meta property=\"article:publisher\" content=\"https:\/\/www.facebook.com\/onyxcie\" \/>\n<meta property=\"article:modified_time\" content=\"2018-12-07T09:08:42+00:00\" \/>\n<meta name=\"twitter:card\" content=\"summary_large_image\" \/>\n<meta name=\"twitter:site\" content=\"@onyx_cie\" \/>\n<meta name=\"twitter:label1\" content=\"Tempo di lettura stimato\" \/>\n\t<meta name=\"twitter:data1\" content=\"4 minuti\" \/>\n<script type=\"application\/ld+json\" class=\"yoast-schema-graph\">{\"@context\":\"https:\/\/schema.org\",\"@graph\":[{\"@type\":\"WebPage\",\"@id\":\"https:\/\/dev.onyx-cie.ch\/it\/planification-patrimoniale\/\",\"url\":\"https:\/\/dev.onyx-cie.ch\/it\/planification-patrimoniale\/\",\"name\":\"Pianificazione patrimoniale - We are an independent family office\",\"isPartOf\":{\"@id\":\"https:\/\/dev.onyx-cie.ch\/#website\"},\"datePublished\":\"2016-04-05T15:21:13+00:00\",\"dateModified\":\"2018-12-07T09:08:42+00:00\",\"breadcrumb\":{\"@id\":\"https:\/\/dev.onyx-cie.ch\/it\/planification-patrimoniale\/#breadcrumb\"},\"inLanguage\":\"it-IT\",\"potentialAction\":[{\"@type\":\"ReadAction\",\"target\":[\"https:\/\/dev.onyx-cie.ch\/it\/planification-patrimoniale\/\"]}]},{\"@type\":\"BreadcrumbList\",\"@id\":\"https:\/\/dev.onyx-cie.ch\/it\/planification-patrimoniale\/#breadcrumb\",\"itemListElement\":[{\"@type\":\"ListItem\",\"position\":1,\"name\":\"Accueil\",\"item\":\"https:\/\/dev.onyx-cie.ch\/it\/\"},{\"@type\":\"ListItem\",\"position\":2,\"name\":\"Pianificazione patrimoniale\"}]},{\"@type\":\"WebSite\",\"@id\":\"https:\/\/dev.onyx-cie.ch\/#website\",\"url\":\"https:\/\/dev.onyx-cie.ch\/\",\"name\":\"We are an independent family office\",\"description\":\"We have a presence in Europe, Asia and Oceania.\",\"potentialAction\":[{\"@type\":\"SearchAction\",\"target\":{\"@type\":\"EntryPoint\",\"urlTemplate\":\"https:\/\/dev.onyx-cie.ch\/?s={search_term_string}\"},\"query-input\":{\"@type\":\"PropertyValueSpecification\",\"valueRequired\":true,\"valueName\":\"search_term_string\"}}],\"inLanguage\":\"it-IT\"}]}<\/script>\n<!-- \/ Yoast SEO plugin. -->","yoast_head_json":{"title":"Pianificazione patrimoniale - We are an independent family office","robots":{"index":"index","follow":"follow","max-snippet":"max-snippet:-1","max-image-preview":"max-image-preview:large","max-video-preview":"max-video-preview:-1"},"canonical":"https:\/\/dev.onyx-cie.ch\/it\/planification-patrimoniale\/","og_locale":"it_IT","og_type":"article","og_title":"Pianificazione patrimoniale - We are an independent family office","og_url":"https:\/\/dev.onyx-cie.ch\/it\/planification-patrimoniale\/","og_site_name":"We are an independent family office","article_publisher":"https:\/\/www.facebook.com\/onyxcie","article_modified_time":"2018-12-07T09:08:42+00:00","twitter_card":"summary_large_image","twitter_site":"@onyx_cie","twitter_misc":{"Tempo di lettura stimato":"4 minuti"},"schema":{"@context":"https:\/\/schema.org","@graph":[{"@type":"WebPage","@id":"https:\/\/dev.onyx-cie.ch\/it\/planification-patrimoniale\/","url":"https:\/\/dev.onyx-cie.ch\/it\/planification-patrimoniale\/","name":"Pianificazione patrimoniale - We are an independent family office","isPartOf":{"@id":"https:\/\/dev.onyx-cie.ch\/#website"},"datePublished":"2016-04-05T15:21:13+00:00","dateModified":"2018-12-07T09:08:42+00:00","breadcrumb":{"@id":"https:\/\/dev.onyx-cie.ch\/it\/planification-patrimoniale\/#breadcrumb"},"inLanguage":"it-IT","potentialAction":[{"@type":"ReadAction","target":["https:\/\/dev.onyx-cie.ch\/it\/planification-patrimoniale\/"]}]},{"@type":"BreadcrumbList","@id":"https:\/\/dev.onyx-cie.ch\/it\/planification-patrimoniale\/#breadcrumb","itemListElement":[{"@type":"ListItem","position":1,"name":"Accueil","item":"https:\/\/dev.onyx-cie.ch\/it\/"},{"@type":"ListItem","position":2,"name":"Pianificazione patrimoniale"}]},{"@type":"WebSite","@id":"https:\/\/dev.onyx-cie.ch\/#website","url":"https:\/\/dev.onyx-cie.ch\/","name":"We are an independent family office","description":"We have a presence in Europe, Asia and Oceania.","potentialAction":[{"@type":"SearchAction","target":{"@type":"EntryPoint","urlTemplate":"https:\/\/dev.onyx-cie.ch\/?s={search_term_string}"},"query-input":{"@type":"PropertyValueSpecification","valueRequired":true,"valueName":"search_term_string"}}],"inLanguage":"it-IT"}]}},"_links":{"self":[{"href":"https:\/\/dev.onyx-cie.ch\/it\/wp-json\/wp\/v2\/pages\/1281","targetHints":{"allow":["GET"]}}],"collection":[{"href":"https:\/\/dev.onyx-cie.ch\/it\/wp-json\/wp\/v2\/pages"}],"about":[{"href":"https:\/\/dev.onyx-cie.ch\/it\/wp-json\/wp\/v2\/types\/page"}],"author":[{"embeddable":true,"href":"https:\/\/dev.onyx-cie.ch\/it\/wp-json\/wp\/v2\/users\/1"}],"replies":[{"embeddable":true,"href":"https:\/\/dev.onyx-cie.ch\/it\/wp-json\/wp\/v2\/comments?post=1281"}],"version-history":[{"count":11,"href":"https:\/\/dev.onyx-cie.ch\/it\/wp-json\/wp\/v2\/pages\/1281\/revisions"}],"predecessor-version":[{"id":2160,"href":"https:\/\/dev.onyx-cie.ch\/it\/wp-json\/wp\/v2\/pages\/1281\/revisions\/2160"}],"wp:attachment":[{"href":"https:\/\/dev.onyx-cie.ch\/it\/wp-json\/wp\/v2\/media?parent=1281"}],"curies":[{"name":"wp","href":"https:\/\/api.w.org\/{rel}","templated":true}]}}