{"id":1270,"date":"2016-04-05T15:05:06","date_gmt":"2016-04-05T14:05:06","guid":{"rendered":"https:\/\/dev.onyx-cie.ch\/dev?page_id=1270"},"modified":"2019-01-15T08:57:47","modified_gmt":"2019-01-15T07:57:47","slug":"la-societe","status":"publish","type":"page","link":"https:\/\/dev.onyx-cie.ch\/it\/la-societe\/","title":{"rendered":"La societ\u00e0"},"content":{"rendered":"<p><div class=\"fusion-fullwidth fullwidth-box fusion-builder-row-1 hundred-percent-fullwidth non-hundred-percent-height-scrolling\" style=\"background-color: rgba(255,255,255,0);background-position: center center;background-repeat: no-repeat;padding-top:0px;padding-right:0px;padding-bottom:0px;padding-left:0px;margin-bottom: 0px;margin-top: 0px;border-width: 0px 0px 0px 0px;border-color:#eae9e9;border-style:solid;\" ><div class=\"fusion-builder-row fusion-row\"><div class=\"fusion-layout-column fusion_builder_column fusion-builder-column-0 fusion_builder_column_1_1 1_1 fusion-one-full fusion-column-first fusion-column-last fusion-column-no-min-height\" style=\"margin-top:0px;margin-bottom:0px;\"><div class=\"fusion-column-wrapper fusion-flex-column-wrapper-legacy\" style=\"background-position:left top;background-repeat:no-repeat;-webkit-background-size:cover;-moz-background-size:cover;-o-background-size:cover;background-size:cover;padding: 0px 0px 0px 0px;\"><style type=\"text\/css\"><\/style><div class=\"fusion-title title fusion-title-1 fusion-title-text fusion-title-size-one\" style=\"margin-top:0px;margin-right:0px;margin-bottom:31px;margin-left:0px;\"><h1 class=\"title-heading-left\" style=\"margin:0;\">Onyx &amp; Cie SA<\/h1><div class=\"title-sep-container\"><div class=\"title-sep sep-single sep-solid\" style=\"border-color:#e0dede;\"><\/div><\/div><\/div><div class=\"fusion-builder-row fusion-builder-row-inner fusion-row\"><div class=\"fusion-layout-column fusion_builder_column_inner fusion-builder-nested-column-0 fusion_builder_column_inner_1_2 1_2 fusion-one-half fusion-column-first\" style=\"width:48%; margin-right: 4%;margin-top:0px;margin-bottom:20px;\"><div class=\"fusion-column-wrapper fusion-flex-column-wrapper-legacy\" style=\"background-position:left top;background-repeat:no-repeat;-webkit-background-size:cover;-moz-background-size:cover;-o-background-size:cover;background-size:cover;padding: 0px 0px 0px 0px;\"><div class=\"fusion-text fusion-text-1\"><p style=\"text-align: justify;\">La Onyx &amp; Cie SA \u00e8 una societ\u00e0 per azioni svizzera con sede a Ginevra. Fondata nel 1993, \u00e8 membro dell\u2019Associazione Svizzera die Gestori di Patrimoni (ASG)* ed aderisce al suo codice deontologico relativo all\u2019esercizio della professione di gestore indipendente di patrimoni. La societ\u00e0 occupa locali propri e dispone di un capitale sociale di 500.000 CHF.<\/p>\n<p style=\"text-align: justify;\">Onyx &amp; Cie SA \u00e8 un\u2019azienda a carattere familiare il cui consiglio \u00e8 composto essenzialmente di membri della stessa famiglia, tutti con una formazione da avvocati e con solide conoscenze nell\u2019ambito della gestione del patrimonio e della prassi bancaria.<\/p>\n<p style=\"text-align: justify;\">Fa parte del gruppo \u201cCroce &amp; Associ\u00e9s\u201d, un multi-family office indipendente che dispone di uno studio di avvocati a <a href=\"http:\/\/croce-associes.ch\/intro-page\/\" target=\"_blank\" rel=\"noopener\">Ginevra<\/a>, Londra, Shanghai e <a href=\"http:\/\/croce-associes.sg\/\" target=\"_blank\" rel=\"noopener\">Singapore<\/a> e di una \u201ctrust company\u201d insediata in <a href=\"http:\/\/croce-associes.co.nz\/\" target=\"_blank\" rel=\"noopener\">Nuova Zelanda<\/a>. Il gruppo lavora inoltre in stretta collaborazione con una <a href=\"http:\/\/www.sunline.com.sg\/\" target=\"_blank\" rel=\"noopener\">societ\u00e0 di gestione del patrimonio<\/a> basata a Singapore.<\/p>\n<p class=\"p1\" style=\"text-align: justify;\">La compagnia, che garantisce discrezione e riservatezza, \u00e8 specializzata nella gestione del patrimonio, nella consulenza finanziaria, nella pianificazione fiscale nonch\u00e9 nella preparazione di qualsiasi operazione bancaria e finanziaria.<\/p>\n<\/div><div class=\"fusion-clearfix\"><\/div><\/div><\/div><div class=\"fusion-layout-column fusion_builder_column_inner fusion-builder-nested-column-1 fusion_builder_column_inner_1_2 1_2 fusion-one-half fusion-column-last\" style=\"width:48%;margin-top:0px;margin-bottom:20px;\"><div class=\"fusion-column-wrapper fusion-flex-column-wrapper-legacy\" style=\"background-position:left top;background-repeat:no-repeat;-webkit-background-size:cover;-moz-background-size:cover;-o-background-size:cover;background-size:cover;padding: 0px 0px 0px 0px;\"><div class=\"fusion-text fusion-text-2\"><p style=\"text-align: justify;\">In particolare, Onyx &amp; Cie SA \u00e8 in grado di realizzare per la propria clientela privata la maggior parte dei servizi di family office forniti alle grandi famiglie facoltose europee ed asiatiche quali la gestione dell\u2019insieme degli attivi, la pianificazione patrimoniale e la costituzione di societ\u00e0 holding private, di trust o di fondazioni familiari.<\/p>\n<p style=\"text-align: justify;\">Grazie ai servizi della societ\u00e0, i clienti profittano nel tempo di un ufficio centrale a cui rivolgersi in qualunque momento per qualsiasi domanda giuridica o finanziaria riguardante il proprio patrimonio.<\/p>\n<p style=\"text-align: justify;\">Onyx &amp; Cie SA si impegna ad accompagnare un numero limitato di persone per offrire delle prestazioni di altissimo livello che uniscono salvaguardia del capitale, performance ed innovazione.<\/p>\n<p class=\"p1\" style=\"text-align: justify;\">La maggioranza delle famiglie nostre clienti ci seguono e ci danno fiducia da molti anni e in alcuni casi stiamo ormai seguendo la seconda generazione. Ci\u00f2 rappresenta ai nostri occhi la dimostrazione della nostra capacit\u00e0 di costruire relazioni durature con una clientela esigente.<\/p>\n<\/div><div class=\"fusion-clearfix\"><\/div><\/div><\/div><\/div><div class=\"fusion-clearfix\"><\/div><\/div><\/div><div class=\"fusion-layout-column fusion_builder_column fusion-builder-column-1 fusion_builder_column_1_1 1_1 fusion-one-full fusion-column-first fusion-column-last fusion-column-no-min-height\" style=\"margin-top:0px;margin-bottom:0px;\"><div class=\"fusion-column-wrapper fusion-flex-column-wrapper-legacy\" style=\"background-position:left top;background-repeat:no-repeat;-webkit-background-size:cover;-moz-background-size:cover;-o-background-size:cover;background-size:cover;padding: 0px 0px 0px 0px;\"><div class=\"fusion-sep-clear\"><\/div><div class=\"fusion-separator fusion-full-width-sep\" style=\"margin-left: auto;margin-right: auto;margin-bottom:47px;width:100%;\"><div class=\"fusion-separator-border sep-single sep-solid\" style=\"border-color:#e0dede;border-top-width:1px;\"><\/div><\/div><div class=\"fusion-sep-clear\"><\/div><div class=\"fusion-clearfix\"><\/div><\/div><\/div><div class=\"fusion-layout-column fusion_builder_column fusion-builder-column-2 fusion_builder_column_1_6 1_6 fusion-one-sixth fusion-column-first\" style=\"width:13.3333%; margin-right: 4%;margin-top:0px;margin-bottom:20px;\"><div class=\"fusion-column-wrapper fusion-flex-column-wrapper-legacy\" style=\"background-position:left top;background-repeat:no-repeat;-webkit-background-size:cover;-moz-background-size:cover;-o-background-size:cover;background-size:cover;padding: 0px 0px 0px 0px;\"><div class=\"fusion-clearfix\"><\/div><\/div><\/div><div class=\"fusion-layout-column fusion_builder_column fusion-builder-column-3 fusion_builder_column_2_3 2_3 fusion-two-third\" style=\"width:65.3333%; margin-right: 4%;margin-top:0px;margin-bottom:20px;\"><div class=\"fusion-column-wrapper fusion-flex-column-wrapper-legacy\" style=\"background-position:left top;background-repeat:no-repeat;-webkit-background-size:cover;-moz-background-size:cover;-o-background-size:cover;background-size:cover;padding: 0px 0px 0px 0px;\"><span class=\" fusion-imageframe imageframe-none imageframe-1 hover-type-none\"><a href=\"https:\/\/dev.onyx-cie.ch\/wp-content\/uploads\/2016\/04\/LA-SOCIETE-GRAPH-FINAL-IT1.jpg\" class=\"fusion-lightbox\" data-rel=\"iLightbox[ff75b766f600e24ca7a]\"><img decoding=\"async\" width=\"1280\" height=\"1215\" src=\"https:\/\/dev.onyx-cie.ch\/wp-content\/uploads\/2016\/04\/LA-SOCIETE-GRAPH-FINAL-IT1.jpg\" class=\"img-responsive wp-image-1464\" srcset=\"https:\/\/dev.onyx-cie.ch\/wp-content\/uploads\/2016\/04\/LA-SOCIETE-GRAPH-FINAL-IT1-52x50.jpg 52w, https:\/\/dev.onyx-cie.ch\/wp-content\/uploads\/2016\/04\/LA-SOCIETE-GRAPH-FINAL-IT1-300x285.jpg 300w, https:\/\/dev.onyx-cie.ch\/wp-content\/uploads\/2016\/04\/LA-SOCIETE-GRAPH-FINAL-IT1-1024x972.jpg 1024w, https:\/\/dev.onyx-cie.ch\/wp-content\/uploads\/2016\/04\/LA-SOCIETE-GRAPH-FINAL-IT1.jpg 1280w\" sizes=\"(max-width: 1280px) 100vw, 1280px\" \/><\/a><\/span><div class=\"fusion-clearfix\"><\/div><\/div><\/div><div class=\"fusion-layout-column fusion_builder_column fusion-builder-column-4 fusion_builder_column_1_6 1_6 fusion-one-sixth fusion-column-last\" style=\"width:13.3333%;margin-top:0px;margin-bottom:20px;\"><div class=\"fusion-column-wrapper fusion-flex-column-wrapper-legacy\" style=\"background-position:left top;background-repeat:no-repeat;-webkit-background-size:cover;-moz-background-size:cover;-o-background-size:cover;background-size:cover;padding: 0px 0px 0px 0px;\"><div class=\"fusion-clearfix\"><\/div><\/div><\/div><div class=\"fusion-layout-column fusion_builder_column fusion-builder-column-5 fusion_builder_column_1_1 1_1 fusion-one-full fusion-column-first fusion-column-last fusion-column-no-min-height\" style=\"margin-top:0px;margin-bottom:0px;\"><div class=\"fusion-column-wrapper fusion-flex-column-wrapper-legacy\" style=\"background-position:left top;background-repeat:no-repeat;-webkit-background-size:cover;-moz-background-size:cover;-o-background-size:cover;background-size:cover;padding: 0px 0px 0px 0px;\"><div class=\"fusion-sep-clear\"><\/div><div class=\"fusion-separator fusion-full-width-sep\" style=\"margin-left: auto;margin-right: auto;margin-top:25px;margin-bottom:15px;width:100%;\"><\/div><div class=\"fusion-sep-clear\"><\/div><div class=\"fusion-clearfix\"><\/div><\/div><\/div><div class=\"fusion-layout-column fusion_builder_column fusion-builder-column-6 fusion_builder_column_1_1 1_1 fusion-one-full fusion-column-first fusion-column-last fusion-column-no-min-height\" style=\"margin-top:0px;margin-bottom:0px;\"><div class=\"fusion-column-wrapper fusion-flex-column-wrapper-legacy\" style=\"background-position:left top;background-repeat:no-repeat;-webkit-background-size:cover;-moz-background-size:cover;-o-background-size:cover;background-size:cover;padding: 0px 0px 0px 0px;\"><style type='text\/css'>.reading-box-container-1 .element-bottomshadow:before,.reading-box-container-1 .element-bottomshadow:after{opacity:0.7;}<\/style><div class=\"fusion-reading-box-container reading-box-container-1\" style=\"margin-top:0px;margin-bottom:84px;\"><div class=\"reading-box\" style=\"background-color:#f6f6f6;border-width:1px;border-color:#ffffff;border-top-width:3px;border-top-color:var(--primary_color);border-style:solid;\"><div class=\"reading-box-additional\">\n<h3 style=\"text-align: justify;\"><strong>\u201cFieri della nostra esperienza e della nostra indipendenza, ci sforziamo di mantenere un modello strutturale aperto per poter far evolvere la nostra offerta secondo le esigenze della nostra clientela ed adattarci a tutti i cambiamenti presenti e futuri.\u201d<\/strong><\/h3>\n<\/div><div class=\"fusion-clearfix\"><\/div><\/div><\/div><div class=\"fusion-clearfix\"><\/div><\/div><\/div><\/div><style type=\"text\/css\">.fusion-fullwidth.fusion-builder-row-1 { overflow:visible; }<\/style><\/div><div class=\"fusion-fullwidth fullwidth-box fusion-builder-row-2 nonhundred-percent-fullwidth non-hundred-percent-height-scrolling\" style=\"background-color: rgba(255,255,255,0);background-position: left top;background-repeat: no-repeat;padding-top:0px;padding-right:0px;padding-bottom:20px;padding-left:0px;margin-bottom: 0px;margin-top: 0px;border-width: 0px 0px 0px 0px;border-color:#eae9e9;border-style:solid;\" ><div class=\"fusion-builder-row fusion-row\"><div class=\"fusion-layout-column fusion_builder_column fusion-builder-column-7 fusion_builder_column_1_1 1_1 fusion-one-full fusion-column-first fusion-column-last fusion-column-no-min-height\" style=\"margin-top:0px;margin-bottom:0px;\"><div class=\"fusion-column-wrapper fusion-flex-column-wrapper-legacy\" style=\"background-position:left top;background-repeat:no-repeat;-webkit-background-size:cover;-moz-background-size:cover;-o-background-size:cover;background-size:cover;padding: 0px 0px 0px 0px;\"><div class=\"fusion-text fusion-text-3\"><p class=\"p1\" style=\"text-align: justify;\">*L\u2019ASG \u00e8 un organismo di autoregolazione svizzero relativo alla lotta contro il riciclaggio di denaro e il finanziamento del terrorismo, riconosciuto dall\u2019Autorit\u00e0 federale di vigilanza sui mercati finanziari (FINMA). Il suo ruolo \u00e8 di vigilare sull\u2019osservanza degli obblighi in materia da parte degli intermediari finanziari che le sono affiliati.<\/p>\n<\/div><div class=\"fusion-clearfix\"><\/div><\/div><\/div><\/div><\/div><\/p>\n","protected":false},"excerpt":{"rendered":"","protected":false},"author":1,"featured_media":0,"parent":0,"menu_order":0,"comment_status":"open","ping_status":"open","template":"","meta":{"footnotes":""},"class_list":["post-1270","page","type-page","status-publish","hentry"],"yoast_head":"<!-- This site is optimized with the Yoast SEO plugin v26.8 - https:\/\/yoast.com\/product\/yoast-seo-wordpress\/ -->\n<title>La societ\u00e0 - We are an independent family office<\/title>\n<meta name=\"robots\" content=\"index, follow, max-snippet:-1, max-image-preview:large, max-video-preview:-1\" \/>\n<link rel=\"canonical\" href=\"https:\/\/dev.onyx-cie.ch\/it\/la-societe\/\" \/>\n<meta property=\"og:locale\" content=\"it_IT\" \/>\n<meta property=\"og:type\" content=\"article\" \/>\n<meta property=\"og:title\" content=\"La societ\u00e0 - We are an independent family office\" \/>\n<meta property=\"og:url\" content=\"https:\/\/dev.onyx-cie.ch\/it\/la-societe\/\" \/>\n<meta property=\"og:site_name\" content=\"We are an independent family office\" \/>\n<meta property=\"article:publisher\" content=\"https:\/\/www.facebook.com\/onyxcie\" \/>\n<meta property=\"article:modified_time\" content=\"2019-01-15T07:57:47+00:00\" \/>\n<meta property=\"og:image\" content=\"https:\/\/dev.onyx-cie.ch\/wp-content\/uploads\/2016\/04\/LA-SOCIETE-GRAPH-FINAL-IT1.jpg\" \/>\n<meta name=\"twitter:card\" content=\"summary_large_image\" \/>\n<meta name=\"twitter:site\" content=\"@onyx_cie\" \/>\n<meta name=\"twitter:label1\" content=\"Tempo di lettura stimato\" \/>\n\t<meta name=\"twitter:data1\" content=\"7 minuti\" \/>\n<script type=\"application\/ld+json\" class=\"yoast-schema-graph\">{\"@context\":\"https:\/\/schema.org\",\"@graph\":[{\"@type\":\"WebPage\",\"@id\":\"https:\/\/dev.onyx-cie.ch\/it\/la-societe\/\",\"url\":\"https:\/\/dev.onyx-cie.ch\/it\/la-societe\/\",\"name\":\"La societ\u00e0 - We are an independent family office\",\"isPartOf\":{\"@id\":\"https:\/\/dev.onyx-cie.ch\/#website\"},\"primaryImageOfPage\":{\"@id\":\"https:\/\/dev.onyx-cie.ch\/it\/la-societe\/#primaryimage\"},\"image\":{\"@id\":\"https:\/\/dev.onyx-cie.ch\/it\/la-societe\/#primaryimage\"},\"thumbnailUrl\":\"https:\/\/dev.onyx-cie.ch\/wp-content\/uploads\/2016\/04\/LA-SOCIETE-GRAPH-FINAL-IT1.jpg\",\"datePublished\":\"2016-04-05T14:05:06+00:00\",\"dateModified\":\"2019-01-15T07:57:47+00:00\",\"breadcrumb\":{\"@id\":\"https:\/\/dev.onyx-cie.ch\/it\/la-societe\/#breadcrumb\"},\"inLanguage\":\"it-IT\",\"potentialAction\":[{\"@type\":\"ReadAction\",\"target\":[\"https:\/\/dev.onyx-cie.ch\/it\/la-societe\/\"]}]},{\"@type\":\"ImageObject\",\"inLanguage\":\"it-IT\",\"@id\":\"https:\/\/dev.onyx-cie.ch\/it\/la-societe\/#primaryimage\",\"url\":\"https:\/\/dev.onyx-cie.ch\/wp-content\/uploads\/2016\/04\/LA-SOCIETE-GRAPH-FINAL-IT1.jpg\",\"contentUrl\":\"https:\/\/dev.onyx-cie.ch\/wp-content\/uploads\/2016\/04\/LA-SOCIETE-GRAPH-FINAL-IT1.jpg\"},{\"@type\":\"BreadcrumbList\",\"@id\":\"https:\/\/dev.onyx-cie.ch\/it\/la-societe\/#breadcrumb\",\"itemListElement\":[{\"@type\":\"ListItem\",\"position\":1,\"name\":\"Accueil\",\"item\":\"https:\/\/dev.onyx-cie.ch\/it\/\"},{\"@type\":\"ListItem\",\"position\":2,\"name\":\"La societ\u00e0\"}]},{\"@type\":\"WebSite\",\"@id\":\"https:\/\/dev.onyx-cie.ch\/#website\",\"url\":\"https:\/\/dev.onyx-cie.ch\/\",\"name\":\"We are an independent family office\",\"description\":\"We have a presence in Europe, Asia and Oceania.\",\"potentialAction\":[{\"@type\":\"SearchAction\",\"target\":{\"@type\":\"EntryPoint\",\"urlTemplate\":\"https:\/\/dev.onyx-cie.ch\/?s={search_term_string}\"},\"query-input\":{\"@type\":\"PropertyValueSpecification\",\"valueRequired\":true,\"valueName\":\"search_term_string\"}}],\"inLanguage\":\"it-IT\"}]}<\/script>\n<!-- \/ Yoast SEO plugin. -->","yoast_head_json":{"title":"La societ\u00e0 - We are an independent family office","robots":{"index":"index","follow":"follow","max-snippet":"max-snippet:-1","max-image-preview":"max-image-preview:large","max-video-preview":"max-video-preview:-1"},"canonical":"https:\/\/dev.onyx-cie.ch\/it\/la-societe\/","og_locale":"it_IT","og_type":"article","og_title":"La societ\u00e0 - We are an independent family office","og_url":"https:\/\/dev.onyx-cie.ch\/it\/la-societe\/","og_site_name":"We are an independent family office","article_publisher":"https:\/\/www.facebook.com\/onyxcie","article_modified_time":"2019-01-15T07:57:47+00:00","og_image":[{"url":"https:\/\/dev.onyx-cie.ch\/wp-content\/uploads\/2016\/04\/LA-SOCIETE-GRAPH-FINAL-IT1.jpg","type":"","width":"","height":""}],"twitter_card":"summary_large_image","twitter_site":"@onyx_cie","twitter_misc":{"Tempo di lettura stimato":"7 minuti"},"schema":{"@context":"https:\/\/schema.org","@graph":[{"@type":"WebPage","@id":"https:\/\/dev.onyx-cie.ch\/it\/la-societe\/","url":"https:\/\/dev.onyx-cie.ch\/it\/la-societe\/","name":"La societ\u00e0 - We are an independent family office","isPartOf":{"@id":"https:\/\/dev.onyx-cie.ch\/#website"},"primaryImageOfPage":{"@id":"https:\/\/dev.onyx-cie.ch\/it\/la-societe\/#primaryimage"},"image":{"@id":"https:\/\/dev.onyx-cie.ch\/it\/la-societe\/#primaryimage"},"thumbnailUrl":"https:\/\/dev.onyx-cie.ch\/wp-content\/uploads\/2016\/04\/LA-SOCIETE-GRAPH-FINAL-IT1.jpg","datePublished":"2016-04-05T14:05:06+00:00","dateModified":"2019-01-15T07:57:47+00:00","breadcrumb":{"@id":"https:\/\/dev.onyx-cie.ch\/it\/la-societe\/#breadcrumb"},"inLanguage":"it-IT","potentialAction":[{"@type":"ReadAction","target":["https:\/\/dev.onyx-cie.ch\/it\/la-societe\/"]}]},{"@type":"ImageObject","inLanguage":"it-IT","@id":"https:\/\/dev.onyx-cie.ch\/it\/la-societe\/#primaryimage","url":"https:\/\/dev.onyx-cie.ch\/wp-content\/uploads\/2016\/04\/LA-SOCIETE-GRAPH-FINAL-IT1.jpg","contentUrl":"https:\/\/dev.onyx-cie.ch\/wp-content\/uploads\/2016\/04\/LA-SOCIETE-GRAPH-FINAL-IT1.jpg"},{"@type":"BreadcrumbList","@id":"https:\/\/dev.onyx-cie.ch\/it\/la-societe\/#breadcrumb","itemListElement":[{"@type":"ListItem","position":1,"name":"Accueil","item":"https:\/\/dev.onyx-cie.ch\/it\/"},{"@type":"ListItem","position":2,"name":"La societ\u00e0"}]},{"@type":"WebSite","@id":"https:\/\/dev.onyx-cie.ch\/#website","url":"https:\/\/dev.onyx-cie.ch\/","name":"We are an independent family office","description":"We have a presence in Europe, Asia and Oceania.","potentialAction":[{"@type":"SearchAction","target":{"@type":"EntryPoint","urlTemplate":"https:\/\/dev.onyx-cie.ch\/?s={search_term_string}"},"query-input":{"@type":"PropertyValueSpecification","valueRequired":true,"valueName":"search_term_string"}}],"inLanguage":"it-IT"}]}},"_links":{"self":[{"href":"https:\/\/dev.onyx-cie.ch\/it\/wp-json\/wp\/v2\/pages\/1270","targetHints":{"allow":["GET"]}}],"collection":[{"href":"https:\/\/dev.onyx-cie.ch\/it\/wp-json\/wp\/v2\/pages"}],"about":[{"href":"https:\/\/dev.onyx-cie.ch\/it\/wp-json\/wp\/v2\/types\/page"}],"author":[{"embeddable":true,"href":"https:\/\/dev.onyx-cie.ch\/it\/wp-json\/wp\/v2\/users\/1"}],"replies":[{"embeddable":true,"href":"https:\/\/dev.onyx-cie.ch\/it\/wp-json\/wp\/v2\/comments?post=1270"}],"version-history":[{"count":14,"href":"https:\/\/dev.onyx-cie.ch\/it\/wp-json\/wp\/v2\/pages\/1270\/revisions"}],"predecessor-version":[{"id":3059,"href":"https:\/\/dev.onyx-cie.ch\/it\/wp-json\/wp\/v2\/pages\/1270\/revisions\/3059"}],"wp:attachment":[{"href":"https:\/\/dev.onyx-cie.ch\/it\/wp-json\/wp\/v2\/media?parent=1270"}],"curies":[{"name":"wp","href":"https:\/\/api.w.org\/{rel}","templated":true}]}}