{"id":1264,"date":"2016-04-05T14:27:17","date_gmt":"2016-04-05T13:27:17","guid":{"rendered":"https:\/\/dev.onyx-cie.ch\/dev?page_id=1264"},"modified":"2018-12-07T10:08:44","modified_gmt":"2018-12-07T09:08:44","slug":"le-family-office-aujourdhui","status":"publish","type":"page","link":"https:\/\/dev.onyx-cie.ch\/it\/il-nostro-settore\/le-family-office-aujourdhui\/","title":{"rendered":"Il Family Office oggi"},"content":{"rendered":"<p><div class=\"fusion-fullwidth fullwidth-box fusion-builder-row-1 hundred-percent-fullwidth non-hundred-percent-height-scrolling\" style=\"background-color: rgba(255,255,255,0);background-position: center center;background-repeat: no-repeat;padding-top:0px;padding-right:0px;padding-bottom:0px;padding-left:0px;margin-bottom: 0px;margin-top: 0px;border-width: 0px 0px 0px 0px;border-color:#eae9e9;border-style:solid;\" ><div class=\"fusion-builder-row fusion-row\"><div class=\"fusion-layout-column fusion_builder_column fusion-builder-column-0 fusion_builder_column_1_1 1_1 fusion-one-full fusion-column-first fusion-column-last fusion-column-no-min-height\" style=\"margin-top:0px;margin-bottom:0px;\"><div class=\"fusion-column-wrapper fusion-flex-column-wrapper-legacy\" style=\"background-position:left top;background-repeat:no-repeat;-webkit-background-size:cover;-moz-background-size:cover;-o-background-size:cover;background-size:cover;padding: 0px 0px 0px 0px;\"><style type=\"text\/css\"><\/style><div class=\"fusion-title title fusion-title-1 fusion-title-text fusion-title-size-one\" style=\"margin-top:0px;margin-right:0px;margin-bottom:31px;margin-left:0px;\"><h1 class=\"title-heading-left\" style=\"margin:0;\">Cos\u2019\u00e8 il family office?<\/h1><div class=\"title-sep-container\"><div class=\"title-sep sep-single sep-solid\" style=\"border-color:#e0dede;\"><\/div><\/div><\/div><div class=\"fusion-builder-row fusion-builder-row-inner fusion-row\"><div class=\"fusion-layout-column fusion_builder_column_inner fusion-builder-nested-column-0 fusion_builder_column_inner_1_2 1_2 fusion-one-half fusion-column-first\" style=\"width:48%; margin-right: 4%;margin-top:0px;margin-bottom:20px;\"><div class=\"fusion-column-wrapper fusion-flex-column-wrapper-legacy\" style=\"background-position:left top;background-repeat:no-repeat;-webkit-background-size:cover;-moz-background-size:cover;-o-background-size:cover;background-size:cover;padding: 0px 0px 0px 0px;\"><div class=\"fusion-text fusion-text-1\"><p style=\"text-align: justify;\">Il concetto di family office \u00e8 nato negli Stati Uniti. Fin dalla met\u00e0 del XIX secolo, famiglie facoltose come i Rockfeller o i Whittier hanno creato strutture di questo tipo per proteggere il proprio patrimonio.<\/p>\n<p style=\"text-align: justify;\">All&#8217;inizio l\u2019attivit\u00e0 del family office si limitava soprattutto alla semplice gestione dei beni. Ma le problematiche sempre pi\u00f9 complesse con le quali i clienti debbono confrontarsi hanno fatto s\u00ec che il settore si sia rapidamente sviluppato al fine di includere un approccio globale e di interessarsi all&#8217;insieme del patrimonio personale e professionale delle famiglie.<\/p>\n<p style=\"text-align: justify;\">Ad oggi, si stima che negli Stati Uniti ci siano 4.000 family office che gestiscono circa 1.000 miliardi di dollari (fonte: PWC). L\u2019Europa, con una parte di mercato del 20% (contro il 75% degli Stati Uniti), accusa un certo ritardo dovuto certamente a ragioni culturali.<\/p>\n<p class=\"p1\" style=\"text-align: justify;\">I family office propongono una vasta gamma di servizi anche se non tutti offrono lo stesso livello di prestazioni. In termini generali comprendono la gestione di attivi propriamente detta (portafogli titoli, propriet\u00e0 immobiliari, imbarcazioni),<\/p>\n<\/div><div class=\"fusion-clearfix\"><\/div><\/div><\/div><div class=\"fusion-layout-column fusion_builder_column_inner fusion-builder-nested-column-1 fusion_builder_column_inner_1_2 1_2 fusion-one-half fusion-column-last\" style=\"width:48%;margin-top:0px;margin-bottom:20px;\"><div class=\"fusion-column-wrapper fusion-flex-column-wrapper-legacy\" style=\"background-position:left top;background-repeat:no-repeat;-webkit-background-size:cover;-moz-background-size:cover;-o-background-size:cover;background-size:cover;padding: 0px 0px 0px 0px;\"><div class=\"fusion-text fusion-text-2\"><p style=\"text-align: justify;\">i servizi legali (ottimizzazione fiscale, redazione di contratti, ecc.) e contabili, la pianificazione patrimoniale ed anche servizi di concierge (prenotazione di viaggi, gestione del personale, ecc.).<\/p>\n<p style=\"text-align: justify;\">Diversamente da altri che si occupano di una sola famiglia (\u201csingle-family office\u201d), Onyx &amp; Cie SA gestisce diverse famiglie (\u201cmulti-family office\u201d).<\/p>\n<p style=\"text-align: justify;\">\u00c8 importante notare che molti family office sono legati a degli istituti bancari e non presentano quindi tutte le garanzie di un\u2019attivit\u00e0 indipendente.<\/p>\n<p class=\"p1\" style=\"text-align: justify;\">Oltre a proporre servizi differenti con dei propri domini di specializzazione, ogni societ\u00e0 ha il proprio stile e la propria cultura. Di conseguenza \u00e8 essenziale scegliere un family office che rispecchi le esigenze specifiche di ogni famiglia.<\/p>\n<\/div><div class=\"fusion-clearfix\"><\/div><\/div><\/div><\/div><div class=\"fusion-clearfix\"><\/div><\/div><\/div><div class=\"fusion-layout-column fusion_builder_column fusion-builder-column-1 fusion_builder_column_1_1 1_1 fusion-one-full fusion-column-first fusion-column-last fusion-column-no-min-height\" style=\"margin-top:0px;margin-bottom:0px;\"><div class=\"fusion-column-wrapper fusion-flex-column-wrapper-legacy\" style=\"background-position:left top;background-repeat:no-repeat;-webkit-background-size:cover;-moz-background-size:cover;-o-background-size:cover;background-size:cover;padding: 0px 0px 0px 0px;\"><style type=\"text\/css\"><\/style><div class=\"fusion-title title fusion-title-2 fusion-title-text fusion-title-size-one\" style=\"margin-top:0px;margin-right:0px;margin-bottom:31px;margin-left:0px;\"><h1 class=\"title-heading-left\" style=\"margin:0;\">Cosa ci si pu\u00f2 aspettare da un family office?<\/h1><div class=\"title-sep-container\"><div class=\"title-sep sep-single sep-solid\" style=\"border-color:#e0dede;\"><\/div><\/div><\/div><div class=\"fusion-clearfix\"><\/div><\/div><\/div><div class=\"fusion-layout-column fusion_builder_column fusion-builder-column-2 fusion_builder_column_1_2 1_2 fusion-one-half fusion-column-first\" style=\"width:48%; margin-right: 4%;margin-top:0px;margin-bottom:20px;\"><div class=\"fusion-column-wrapper fusion-flex-column-wrapper-legacy\" style=\"background-position:left top;background-repeat:no-repeat;-webkit-background-size:cover;-moz-background-size:cover;-o-background-size:cover;background-size:cover;padding: 0px 0px 0px 0px;\"><div class=\"fusion-text fusion-text-3\"><p style=\"text-align: justify;\">Una famiglia che abbia acquisito un certo patrimonio corre il rischio di trascorrere il proprio tempo a gestirlo piuttosto che a profittarne pienamente e dedicarsi all\u2019essenziale, ovvero ai propri membri. Corre inoltre il rischio di veder moltiplicarsi i propri interlocutori e di incorrere in costi elevati.<\/p>\n<p style=\"text-align: justify;\">I servizi di family office sono perci\u00f2 destinati alle persone che dispongono di un patrimonio familiare complesso per natura (imprese, propriet\u00e0 immobiliari, aerei, imbarcazioni, ecc.), entit\u00e0 o localizzazione (spesso distribuito in diversi paesi) e che desiderino mantenerne il valore a lungo termine e trasmetterlo alle generazioni successive.<\/p>\n<\/div><div class=\"fusion-clearfix\"><\/div><\/div><\/div><div class=\"fusion-layout-column fusion_builder_column fusion-builder-column-3 fusion_builder_column_1_2 1_2 fusion-one-half fusion-column-last\" style=\"width:48%;margin-top:0px;margin-bottom:20px;\"><div class=\"fusion-column-wrapper fusion-flex-column-wrapper-legacy\" style=\"background-position:left top;background-repeat:no-repeat;-webkit-background-size:cover;-moz-background-size:cover;-o-background-size:cover;background-size:cover;padding: 0px 0px 0px 0px;\"><div class=\"fusion-text fusion-text-4\"><p style=\"text-align: justify;\">I family office hanno una doppia vocazione: da una parte la loro missione \u00e8 salvaguardare l\u2019armonia della famiglia, dall\u2019altra proteggere e accrescere il suo patrimonio.<\/p>\n<p style=\"text-align: justify;\">Il punto di forza principale del family office consiste nel lavoro fianco a fianco in perfetta armonia di consulenti e specialisti; questo permette ai clienti di avere un interlocutore unico per la conduzione dei propri affari e di avere una visione globale dell\u2019intera loro situazione patrimoniale.<\/p>\n<p style=\"text-align: justify;\">Dal momento che ogni famiglia ha la propria storia, i servizi di family office sono per natura estremamente personalizzati e non possono in nessun caso essere ideati sulla base di formule stereotipate.<\/p>\n<\/div><div class=\"fusion-clearfix\"><\/div><\/div><\/div><div class=\"fusion-layout-column fusion_builder_column fusion-builder-column-4 fusion_builder_column_1_1 1_1 fusion-one-full fusion-column-first fusion-column-last fusion-column-no-min-height\" style=\"margin-top:0px;margin-bottom:0px;\"><div class=\"fusion-column-wrapper fusion-flex-column-wrapper-legacy\" style=\"background-position:left top;background-repeat:no-repeat;-webkit-background-size:cover;-moz-background-size:cover;-o-background-size:cover;background-size:cover;padding: 0px 0px 0px 0px;\"><style type=\"text\/css\"><\/style><div class=\"fusion-title title fusion-title-3 fusion-title-text fusion-title-size-one\" style=\"margin-top:0px;margin-right:0px;margin-bottom:31px;margin-left:0px;\"><h1 class=\"title-heading-left\" style=\"margin:0;\">Quanto costa?<\/h1><div class=\"title-sep-container\"><div class=\"title-sep sep-single sep-solid\" style=\"border-color:#e0dede;\"><\/div><\/div><\/div><div class=\"fusion-clearfix\"><\/div><\/div><\/div><\/div><style type=\"text\/css\">.fusion-fullwidth.fusion-builder-row-1 { overflow:visible; }<\/style><\/div><div class=\"fusion-fullwidth fullwidth-box fusion-builder-row-2 nonhundred-percent-fullwidth non-hundred-percent-height-scrolling\" style=\"background-color: rgba(255,255,255,0);background-position: left top;background-repeat: no-repeat;padding-top:20px;padding-right:0px;padding-bottom:20px;padding-left:0px;margin-bottom: 0px;margin-top: 0px;border-width: 0px 0px 0px 0px;border-color:#eae9e9;border-style:solid;\" ><div class=\"fusion-builder-row fusion-row\"><div class=\"fusion-layout-column fusion_builder_column fusion-builder-column-5 fusion_builder_column_1_2 1_2 fusion-one-half fusion-column-first\" style=\"width:48%; margin-right: 4%;margin-top:0px;margin-bottom:20px;\"><div class=\"fusion-column-wrapper fusion-flex-column-wrapper-legacy\" style=\"background-position:left top;background-repeat:no-repeat;-webkit-background-size:cover;-moz-background-size:cover;-o-background-size:cover;background-size:cover;padding: 0px 0px 0px 0px;\"><div class=\"fusion-text fusion-text-5\"><p style=\"text-align: justify;\">I costi connessi alla gestione di un single-family office sono molto elevati perch\u00e9 \u00e8 necessario attivare un\u2019equipe composta di consulenti giuridici, di contabili, di gestori di patrimonio ed altri specialisti a seconda delle esigenze della famiglia.<\/p>\n<p style=\"text-align: justify;\">\u00c8 per questa ragione che attualmente la maggior parte delle famiglie facoltose fanno ricorso al multi-family office. Tali strutture, oltre ad essere nettamente meno onerose, permettono al cliente di beneficiare di un ventaglio pi\u00f9 largo di specialisti nonch\u00e9 di tutta l\u2019esperienza maturata al servizio delle altre famiglie.<\/p>\n<\/div><div class=\"fusion-clearfix\"><\/div><\/div><\/div><div class=\"fusion-layout-column fusion_builder_column fusion-builder-column-6 fusion_builder_column_1_2 1_2 fusion-one-half fusion-column-last\" style=\"width:48%;margin-top:0px;margin-bottom:20px;\"><div class=\"fusion-column-wrapper fusion-flex-column-wrapper-legacy\" style=\"background-position:left top;background-repeat:no-repeat;-webkit-background-size:cover;-moz-background-size:cover;-o-background-size:cover;background-size:cover;padding: 0px 0px 0px 0px;\"><div class=\"fusion-text fusion-text-6\"><p style=\"text-align: justify;\">I servizi di un family office possono essere fatturati in due differenti maniere: in funzione del tempo dedicato a ogni prestazione sulla base di una tariffa oraria, oppure sulla base di un forfait annuale. L\u2019ammontare di quest\u2019ultimo dipender\u00e0 dai servizi richiesti, dagli attivi da gestire, dalla complessit\u00e0 del caso e dal collaboratore incaricato del dossier. Da notare che i due tipi di compensi possono essere combinati.<\/p>\n<p class=\"p1\" style=\"text-align: justify;\">Gli onorari dei consulenti esterni si aggiungeranno a quelli del family office. Quest\u2019ultimo tuttavia gode solitamente di rapporti privilegiati con i propri interlocutori tali da consentire frequentemente la negoziazione di condizioni preferenziali, in particolare nel caso di banche depositarie.<\/p>\n<\/div><div class=\"fusion-clearfix\"><\/div><\/div><\/div><\/div><\/div><div class=\"fusion-fullwidth fullwidth-box fusion-builder-row-3 hundred-percent-fullwidth non-hundred-percent-height-scrolling\" style=\"background-color: rgba(255,255,255,0);background-position: center center;background-repeat: no-repeat;padding-top:0px;padding-right:0px;padding-bottom:0px;padding-left:0px;margin-bottom: 60px;margin-top: -10px;border-width: 0px 0px 0px 0px;border-color:#eae9e9;border-style:solid;\" ><div class=\"fusion-builder-row fusion-row\"><div class=\"fusion-layout-column fusion_builder_column fusion-builder-column-7 fusion_builder_column_1_1 1_1 fusion-one-full fusion-column-first fusion-column-last fusion-column-no-min-height\" style=\"margin-top:0px;margin-bottom:0px;\"><div class=\"fusion-column-wrapper fusion-flex-column-wrapper-legacy\" style=\"background-position:left top;background-repeat:no-repeat;-webkit-background-size:cover;-moz-background-size:cover;-o-background-size:cover;background-size:cover;padding: 0px 0px 0px 0px;\"><div class=\"fusion-sep-clear\"><\/div><div class=\"fusion-separator fusion-full-width-sep\" style=\"margin-left: auto;margin-right: auto;width:100%;\"><div class=\"fusion-separator-border sep-single sep-solid\" style=\"border-color:#e0dede;border-top-width:1px;\"><\/div><\/div><div class=\"fusion-sep-clear\"><\/div><div class=\"fusion-clearfix\"><\/div><\/div><\/div><\/div><style type=\"text\/css\">.fusion-fullwidth.fusion-builder-row-3 { overflow:visible; }<\/style><\/div><div class=\"fusion-fullwidth fullwidth-box fusion-builder-row-4 hundred-percent-fullwidth non-hundred-percent-height-scrolling\" style=\"background-color: rgba(255,255,255,0);background-position: center center;background-repeat: no-repeat;padding-top:0px;padding-right:0px;padding-bottom:0px;padding-left:0px;margin-bottom: 0px;margin-top: 0px;border-width: 0px 0px 0px 0px;border-color:#eae9e9;border-style:solid;\" ><div class=\"fusion-builder-row fusion-row\"><div class=\"fusion-layout-column fusion_builder_column fusion-builder-column-8 fusion_builder_column_1_1 1_1 fusion-one-full fusion-column-first fusion-column-last fusion-column-no-min-height\" style=\"margin-top:0px;margin-bottom:0px;\"><div class=\"fusion-column-wrapper fusion-flex-column-wrapper-legacy\" style=\"background-position:left top;background-repeat:no-repeat;-webkit-background-size:cover;-moz-background-size:cover;-o-background-size:cover;background-size:cover;padding: 0px 0px 0px 0px;\"><style type='text\/css'>.reading-box-container-1 .element-bottomshadow:before,.reading-box-container-1 .element-bottomshadow:after{opacity:0.7;}<\/style><div class=\"fusion-reading-box-container reading-box-container-1\" style=\"margin-top:0px;margin-bottom:84px;\"><div class=\"reading-box\" style=\"background-color:#f6f6f6;border-width:1px;border-color:#f6f6f6;border-top-width:3px;border-top-color:var(--primary_color);border-style:solid;\"><div class=\"reading-box-additional\">\n<h3 style=\"text-align: justify;\"><strong>\u201cSebbene chiunque possa proporre dei servizi di family office, pochi sono in grado di fornire un servizio globale ed internazionale alle famiglie facoltose. \u00c8 quindi indispensabile selezionare con cura il family office pi\u00f9 appropriato tenendo conto delle esigenze specifiche di ciascun cliente.\u201d<\/strong><\/h3>\n<\/div><div class=\"fusion-clearfix\"><\/div><\/div><\/div><span class=\" fusion-imageframe imageframe-none imageframe-1 hover-type-none\"><a href=\"https:\/\/dev.onyx-cie.ch\/wp-content\/uploads\/2016\/04\/FAMILY-OFFICE-GRAPH-FINAL-IT.jpg\" class=\"fusion-lightbox\" data-rel=\"iLightbox[54e5fd4305bf7ca3092]\"><img decoding=\"async\" width=\"1280\" height=\"1215\" src=\"https:\/\/dev.onyx-cie.ch\/wp-content\/uploads\/2016\/04\/FAMILY-OFFICE-GRAPH-FINAL-IT.jpg\" class=\"img-responsive wp-image-1463\" srcset=\"https:\/\/dev.onyx-cie.ch\/wp-content\/uploads\/2016\/04\/FAMILY-OFFICE-GRAPH-FINAL-IT-52x50.jpg 52w, https:\/\/dev.onyx-cie.ch\/wp-content\/uploads\/2016\/04\/FAMILY-OFFICE-GRAPH-FINAL-IT-300x285.jpg 300w, https:\/\/dev.onyx-cie.ch\/wp-content\/uploads\/2016\/04\/FAMILY-OFFICE-GRAPH-FINAL-IT-1024x972.jpg 1024w, https:\/\/dev.onyx-cie.ch\/wp-content\/uploads\/2016\/04\/FAMILY-OFFICE-GRAPH-FINAL-IT.jpg 1280w\" sizes=\"(max-width: 1280px) 100vw, 1280px\" \/><\/a><\/span><div class=\"fusion-clearfix\"><\/div><\/div><\/div><\/div><style type=\"text\/css\">.fusion-fullwidth.fusion-builder-row-4 { overflow:visible; }<\/style><\/div><\/p>\n","protected":false},"excerpt":{"rendered":"","protected":false},"author":1,"featured_media":0,"parent":1314,"menu_order":0,"comment_status":"open","ping_status":"open","template":"","meta":{"footnotes":""},"class_list":["post-1264","page","type-page","status-publish","hentry"],"yoast_head":"<!-- This site is optimized with the Yoast SEO plugin v26.8 - https:\/\/yoast.com\/product\/yoast-seo-wordpress\/ -->\n<title>Il Family Office oggi - We are an independent family office<\/title>\n<meta name=\"robots\" content=\"index, follow, max-snippet:-1, max-image-preview:large, max-video-preview:-1\" \/>\n<link rel=\"canonical\" href=\"https:\/\/dev.onyx-cie.ch\/it\/il-nostro-settore\/le-family-office-aujourdhui\/\" \/>\n<meta property=\"og:locale\" content=\"it_IT\" \/>\n<meta property=\"og:type\" content=\"article\" \/>\n<meta property=\"og:title\" content=\"Il Family Office oggi - We are an independent family office\" \/>\n<meta property=\"og:url\" content=\"https:\/\/dev.onyx-cie.ch\/it\/il-nostro-settore\/le-family-office-aujourdhui\/\" \/>\n<meta property=\"og:site_name\" content=\"We are an independent family office\" \/>\n<meta property=\"article:publisher\" content=\"https:\/\/www.facebook.com\/onyxcie\" \/>\n<meta property=\"article:modified_time\" content=\"2018-12-07T09:08:44+00:00\" \/>\n<meta property=\"og:image\" content=\"https:\/\/dev.onyx-cie.ch\/wp-content\/uploads\/2016\/04\/FAMILY-OFFICE-GRAPH-FINAL-IT.jpg\" \/>\n<meta name=\"twitter:card\" content=\"summary_large_image\" \/>\n<meta name=\"twitter:site\" content=\"@onyx_cie\" \/>\n<meta name=\"twitter:label1\" content=\"Tempo di lettura stimato\" \/>\n\t<meta name=\"twitter:data1\" content=\"9 minuti\" \/>\n<script type=\"application\/ld+json\" class=\"yoast-schema-graph\">{\"@context\":\"https:\/\/schema.org\",\"@graph\":[{\"@type\":\"WebPage\",\"@id\":\"https:\/\/dev.onyx-cie.ch\/it\/il-nostro-settore\/le-family-office-aujourdhui\/\",\"url\":\"https:\/\/dev.onyx-cie.ch\/it\/il-nostro-settore\/le-family-office-aujourdhui\/\",\"name\":\"Il Family Office oggi - We are an independent family office\",\"isPartOf\":{\"@id\":\"https:\/\/dev.onyx-cie.ch\/#website\"},\"primaryImageOfPage\":{\"@id\":\"https:\/\/dev.onyx-cie.ch\/it\/il-nostro-settore\/le-family-office-aujourdhui\/#primaryimage\"},\"image\":{\"@id\":\"https:\/\/dev.onyx-cie.ch\/it\/il-nostro-settore\/le-family-office-aujourdhui\/#primaryimage\"},\"thumbnailUrl\":\"https:\/\/dev.onyx-cie.ch\/wp-content\/uploads\/2016\/04\/FAMILY-OFFICE-GRAPH-FINAL-IT.jpg\",\"datePublished\":\"2016-04-05T13:27:17+00:00\",\"dateModified\":\"2018-12-07T09:08:44+00:00\",\"breadcrumb\":{\"@id\":\"https:\/\/dev.onyx-cie.ch\/it\/il-nostro-settore\/le-family-office-aujourdhui\/#breadcrumb\"},\"inLanguage\":\"it-IT\",\"potentialAction\":[{\"@type\":\"ReadAction\",\"target\":[\"https:\/\/dev.onyx-cie.ch\/it\/il-nostro-settore\/le-family-office-aujourdhui\/\"]}]},{\"@type\":\"ImageObject\",\"inLanguage\":\"it-IT\",\"@id\":\"https:\/\/dev.onyx-cie.ch\/it\/il-nostro-settore\/le-family-office-aujourdhui\/#primaryimage\",\"url\":\"https:\/\/dev.onyx-cie.ch\/wp-content\/uploads\/2016\/04\/FAMILY-OFFICE-GRAPH-FINAL-IT.jpg\",\"contentUrl\":\"https:\/\/dev.onyx-cie.ch\/wp-content\/uploads\/2016\/04\/FAMILY-OFFICE-GRAPH-FINAL-IT.jpg\"},{\"@type\":\"BreadcrumbList\",\"@id\":\"https:\/\/dev.onyx-cie.ch\/it\/il-nostro-settore\/le-family-office-aujourdhui\/#breadcrumb\",\"itemListElement\":[{\"@type\":\"ListItem\",\"position\":1,\"name\":\"Accueil\",\"item\":\"https:\/\/dev.onyx-cie.ch\/it\/\"},{\"@type\":\"ListItem\",\"position\":2,\"name\":\"Il nostro settore\",\"item\":\"https:\/\/dev.onyx-cie.ch\/it\/il-nostro-settore\/\"},{\"@type\":\"ListItem\",\"position\":3,\"name\":\"Il Family Office oggi\"}]},{\"@type\":\"WebSite\",\"@id\":\"https:\/\/dev.onyx-cie.ch\/#website\",\"url\":\"https:\/\/dev.onyx-cie.ch\/\",\"name\":\"We are an independent family office\",\"description\":\"We have a presence in Europe, Asia and Oceania.\",\"potentialAction\":[{\"@type\":\"SearchAction\",\"target\":{\"@type\":\"EntryPoint\",\"urlTemplate\":\"https:\/\/dev.onyx-cie.ch\/?s={search_term_string}\"},\"query-input\":{\"@type\":\"PropertyValueSpecification\",\"valueRequired\":true,\"valueName\":\"search_term_string\"}}],\"inLanguage\":\"it-IT\"}]}<\/script>\n<!-- \/ Yoast SEO plugin. -->","yoast_head_json":{"title":"Il Family Office oggi - We are an independent family office","robots":{"index":"index","follow":"follow","max-snippet":"max-snippet:-1","max-image-preview":"max-image-preview:large","max-video-preview":"max-video-preview:-1"},"canonical":"https:\/\/dev.onyx-cie.ch\/it\/il-nostro-settore\/le-family-office-aujourdhui\/","og_locale":"it_IT","og_type":"article","og_title":"Il Family Office oggi - We are an independent family office","og_url":"https:\/\/dev.onyx-cie.ch\/it\/il-nostro-settore\/le-family-office-aujourdhui\/","og_site_name":"We are an independent family office","article_publisher":"https:\/\/www.facebook.com\/onyxcie","article_modified_time":"2018-12-07T09:08:44+00:00","og_image":[{"url":"https:\/\/dev.onyx-cie.ch\/wp-content\/uploads\/2016\/04\/FAMILY-OFFICE-GRAPH-FINAL-IT.jpg","type":"","width":"","height":""}],"twitter_card":"summary_large_image","twitter_site":"@onyx_cie","twitter_misc":{"Tempo di lettura stimato":"9 minuti"},"schema":{"@context":"https:\/\/schema.org","@graph":[{"@type":"WebPage","@id":"https:\/\/dev.onyx-cie.ch\/it\/il-nostro-settore\/le-family-office-aujourdhui\/","url":"https:\/\/dev.onyx-cie.ch\/it\/il-nostro-settore\/le-family-office-aujourdhui\/","name":"Il Family Office oggi - We are an independent family office","isPartOf":{"@id":"https:\/\/dev.onyx-cie.ch\/#website"},"primaryImageOfPage":{"@id":"https:\/\/dev.onyx-cie.ch\/it\/il-nostro-settore\/le-family-office-aujourdhui\/#primaryimage"},"image":{"@id":"https:\/\/dev.onyx-cie.ch\/it\/il-nostro-settore\/le-family-office-aujourdhui\/#primaryimage"},"thumbnailUrl":"https:\/\/dev.onyx-cie.ch\/wp-content\/uploads\/2016\/04\/FAMILY-OFFICE-GRAPH-FINAL-IT.jpg","datePublished":"2016-04-05T13:27:17+00:00","dateModified":"2018-12-07T09:08:44+00:00","breadcrumb":{"@id":"https:\/\/dev.onyx-cie.ch\/it\/il-nostro-settore\/le-family-office-aujourdhui\/#breadcrumb"},"inLanguage":"it-IT","potentialAction":[{"@type":"ReadAction","target":["https:\/\/dev.onyx-cie.ch\/it\/il-nostro-settore\/le-family-office-aujourdhui\/"]}]},{"@type":"ImageObject","inLanguage":"it-IT","@id":"https:\/\/dev.onyx-cie.ch\/it\/il-nostro-settore\/le-family-office-aujourdhui\/#primaryimage","url":"https:\/\/dev.onyx-cie.ch\/wp-content\/uploads\/2016\/04\/FAMILY-OFFICE-GRAPH-FINAL-IT.jpg","contentUrl":"https:\/\/dev.onyx-cie.ch\/wp-content\/uploads\/2016\/04\/FAMILY-OFFICE-GRAPH-FINAL-IT.jpg"},{"@type":"BreadcrumbList","@id":"https:\/\/dev.onyx-cie.ch\/it\/il-nostro-settore\/le-family-office-aujourdhui\/#breadcrumb","itemListElement":[{"@type":"ListItem","position":1,"name":"Accueil","item":"https:\/\/dev.onyx-cie.ch\/it\/"},{"@type":"ListItem","position":2,"name":"Il nostro settore","item":"https:\/\/dev.onyx-cie.ch\/it\/il-nostro-settore\/"},{"@type":"ListItem","position":3,"name":"Il Family Office oggi"}]},{"@type":"WebSite","@id":"https:\/\/dev.onyx-cie.ch\/#website","url":"https:\/\/dev.onyx-cie.ch\/","name":"We are an independent family office","description":"We have a presence in Europe, Asia and Oceania.","potentialAction":[{"@type":"SearchAction","target":{"@type":"EntryPoint","urlTemplate":"https:\/\/dev.onyx-cie.ch\/?s={search_term_string}"},"query-input":{"@type":"PropertyValueSpecification","valueRequired":true,"valueName":"search_term_string"}}],"inLanguage":"it-IT"}]}},"_links":{"self":[{"href":"https:\/\/dev.onyx-cie.ch\/it\/wp-json\/wp\/v2\/pages\/1264","targetHints":{"allow":["GET"]}}],"collection":[{"href":"https:\/\/dev.onyx-cie.ch\/it\/wp-json\/wp\/v2\/pages"}],"about":[{"href":"https:\/\/dev.onyx-cie.ch\/it\/wp-json\/wp\/v2\/types\/page"}],"author":[{"embeddable":true,"href":"https:\/\/dev.onyx-cie.ch\/it\/wp-json\/wp\/v2\/users\/1"}],"replies":[{"embeddable":true,"href":"https:\/\/dev.onyx-cie.ch\/it\/wp-json\/wp\/v2\/comments?post=1264"}],"version-history":[{"count":27,"href":"https:\/\/dev.onyx-cie.ch\/it\/wp-json\/wp\/v2\/pages\/1264\/revisions"}],"predecessor-version":[{"id":2167,"href":"https:\/\/dev.onyx-cie.ch\/it\/wp-json\/wp\/v2\/pages\/1264\/revisions\/2167"}],"up":[{"embeddable":true,"href":"https:\/\/dev.onyx-cie.ch\/it\/wp-json\/wp\/v2\/pages\/1314"}],"wp:attachment":[{"href":"https:\/\/dev.onyx-cie.ch\/it\/wp-json\/wp\/v2\/media?parent=1264"}],"curies":[{"name":"wp","href":"https:\/\/api.w.org\/{rel}","templated":true}]}}